{"id":333430,"date":"2026-03-07T00:01:12","date_gmt":"2026-03-06T21:01:12","guid":{"rendered":"https:\/\/baldumarket.lt\/?post_type=product&#038;p=333430"},"modified":"2026-03-24T11:58:18","modified_gmt":"2026-03-24T08:58:18","slug":"maza-sienine-spintele-su-vitrina-ir-televizoriaus-erdve-266-x-210-cm-sviesi-sonoma-okapi-riesuto-spalvos-apollo","status":"publish","type":"product","link":"https:\/\/baldumarket.lt\/lt\/produktas\/maza-sienine-spintele-su-vitrina-ir-televizoriaus-erdve-266-x-210-cm-sviesi-sonoma-okapi-riesuto-spalvos-apollo\/","title":{"rendered":"Ma\u017ea sienin\u0117 spintel\u0117 su vitrina ir televizoriaus erdv\u0117 266 \u00d7 210 cm, Sonoma Jasna \/ Orzech Okapi \u2013 APOLLO"},"content":{"rendered":"<p>APOLLO 266 x 210 cm sienin\u0117 spintel\u0117 yra ma\u017ea sienin\u0117 spintel\u0117, skirta interjerams, kuriuose funkcionalumas derinamas su lengvu, ne\u012fkyriu dizainu. Komplektas leid\u017eia sutvarkyti svetain\u0119 nesukuriant didel\u0117s sienos.<br \/>\nSpintel\u0119 sudaro spintel\u0117s, lentynos ir vitrina, tod\u0117l joje galite laikyti ir eksponuoti knygas, dekoracijas ir kasdienius daiktus. Stiklin\u0117 vitrina atlieka ekspozicijos funkcij\u0105, i\u0161laikant visos sienin\u0117s spintel\u0117s vizualin\u0119 pusiausvyr\u0105, neu\u017ego\u017eiant bendro dizaino.<br \/>\nCentrin\u0117je vieneto dalyje yra vietos televizoriui ir multimedijos \u012frangai. Toks i\u0161d\u0117stymas leid\u017eia patogiai naudotis multimedijos zona, i\u0161laikant tvark\u0105 ir vizualin\u0119 darn\u0105 visame vienete.<br \/>\n\u0160viesios Sonoma ir Okapi rie\u0161utmed\u017eio derinys suteikia sieninei spintelei \u0161iltesn\u012f, i\u0161rai\u0161kingesn\u012f charakter\u012f. \u0160viesus pagrindas vizualiai pa\u0161viesina kambar\u012f, o tamsesn\u0117 apdaila sukuria kontrast\u0105 ir i\u0161ry\u0161kina spintel\u0117s form\u0105, papildydama klasikin\u012f ir ram\u0173 interjer\u0105. Kaip ir visas \u201ee-Meblast\u201c si\u016blomas sienines spinteles, APOLLO model\u012f galima pritaikyti pagal matmenis, spalvas, element\u0173 i\u0161d\u0117stym\u0105 ir furnit\u016br\u0105, tod\u0117l galite susikurti komplekt\u0105, pritaikyt\u0105 individualiems poreikiams ir kambario dyd\u017eiui.<\/p>\n<p>K\u016bnas:<br \/>\nTamsusis Sonoma<br \/>\n\u0160viesusis Sonoma<\/p>\n<p>Priekin\u0117 dalis:<br \/>\nDidysis \u0105\u017euolas (MDF juostel\u0117s)<br \/>\nOkapi rie\u0161utmedis (MDF juostel\u0117s)<br \/>\n\u0160viesusis Sonoma<\/p>","protected":false},"excerpt":{"rendered":"<p>Matmenys:<br \/>\nPlotis: 266 cm<br \/>\nAuk\u0161tis: 210 cm<br \/>\nGylis: 42 cm<\/p>","protected":false},"featured_media":333538,"comment_status":"open","ping_status":"closed","template":"","meta":[],"product_brand":[],"product_cat":[9983,9857,2008],"product_tag":[],"class_list":{"0":"post-333430","1":"product","2":"type-product","3":"status-publish","4":"has-post-thumbnail","6":"product_cat-furniture-sets-room-sets-meblast","7":"product_cat-meblast","8":"product_cat-wall-units","10":"first","11":"instock","12":"shipping-taxable","13":"purchasable","14":"product-type-variable","15":"wvs-archive-product-wrapper"},"_links":{"self":[{"href":"https:\/\/baldumarket.lt\/lt\/wp-json\/wp\/v2\/product\/333430","targetHints":{"allow":["GET"]}}],"collection":[{"href":"https:\/\/baldumarket.lt\/lt\/wp-json\/wp\/v2\/product"}],"about":[{"href":"https:\/\/baldumarket.lt\/lt\/wp-json\/wp\/v2\/types\/product"}],"replies":[{"embeddable":true,"href":"https:\/\/baldumarket.lt\/lt\/wp-json\/wp\/v2\/comments?post=333430"}],"wp:featuredmedia":[{"embeddable":true,"href":"https:\/\/baldumarket.lt\/lt\/wp-json\/wp\/v2\/media\/333538"}],"wp:attachment":[{"href":"https:\/\/baldumarket.lt\/lt\/wp-json\/wp\/v2\/media?parent=333430"}],"wp:term":[{"taxonomy":"product_brand","embeddable":true,"href":"https:\/\/baldumarket.lt\/lt\/wp-json\/wp\/v2\/product_brand?post=333430"},{"taxonomy":"product_cat","embeddable":true,"href":"https:\/\/baldumarket.lt\/lt\/wp-json\/wp\/v2\/product_cat?post=333430"},{"taxonomy":"product_tag","embeddable":true,"href":"https:\/\/baldumarket.lt\/lt\/wp-json\/wp\/v2\/product_tag?post=333430"}],"curies":[{"name":"wp","href":"https:\/\/api.w.org\/{rel}","templated":true}]}}