{"id":333410,"date":"2026-03-07T00:00:31","date_gmt":"2026-03-06T21:00:31","guid":{"rendered":"https:\/\/baldumarket.lt\/?post_type=product&#038;p=333410"},"modified":"2026-03-24T12:38:21","modified_gmt":"2026-03-24T09:38:21","slug":"sienine-spintele-su-didele-spinta-ir-kolona-270-x-200-cm-tamsus-sonoma-wotan-azuolas-bosman","status":"publish","type":"product","link":"https:\/\/baldumarket.lt\/lt\/produktas\/sienine-spintele-su-didele-spinta-ir-kolona-270-x-200-cm-tamsus-sonoma-wotan-azuolas-bosman\/","title":{"rendered":"Sienin\u0117 spintel\u0117 su didele spinta ir kolona 270 \u00d7 200 cm, Sonoma Ciemna \/ D\u0105b Wotan \u2013 BOSMAN"},"content":{"rendered":"<p>BOSMAN 270 \u00d7 200 cm sienin\u0117 spintel\u0117 buvo sukurta atsi\u017evelgiant \u012f funkcional\u0173 svetain\u0117s erdv\u0117s i\u0161naudojim\u0105. Komplekte derinami daikt\u0173 laikymo elementai su ai\u0161kiai atskirta multimedijos zona, sukuriant darni\u0105 ir tvarking\u0105 sienin\u0119 spintel\u0119.<\/p>\n<p>Didel\u0117 spinta tarnauja kaip pagrindin\u0117 daikt\u0173 laikymo vieta ir leid\u017eia patogiai susid\u0117ti drabu\u017eius, tekstil\u0117s gaminius ir didesnius baldus. Jos i\u0161d\u0117stymas skatina tvark\u0105 ir suma\u017eina papildom\u0173 bald\u0173 poreik\u012f. Komplekt\u0105 papildo kolona, kuri d\u0117l savo vertikalaus dizaino padidina spintos talp\u0105 ir leid\u017eia logi\u0161kai susisteminti laikomus daiktus.<\/p>\n<p>Centrin\u0117je sienin\u0117s spintel\u0117s dalyje yra televizoriaus ir multimedijos zona. Televizoriaus ir multimedijos \u012frangos vieta integruota su kitais komplekto elementais, i\u0161laikant vizualin\u012f ir funkcin\u012f vientisum\u0105. Papildomos spintel\u0117s ir lentynos leid\u017eia laikyti priedus ir organizuoti erdv\u0119 aplink \u012frang\u0105.<\/p>\n<p>Tamsaus Sonoma ir Wotan \u0105\u017euolo dekoro derinys suteikia sieninei spintelei subalansuot\u0105, nat\u016bral\u0173 charakter\u012f. Tamsesn\u0117 apdaila vizualiai sutvarko baldo form\u0105, o ry\u0161kus Wotan \u0105\u017euolo medienos ra\u0161tas suteikia \u0161ilt\u0105 akcent\u0105 ir papildo klasikin\u012f bei sant\u016br\u0173 stili\u0173 interjer\u0105. Kaip ir visas \u201ee-Meblast\u201c si\u016blomas sienines spinteles, BOSMAN model\u012f galima pritaikyti pagal matmenis, spalvas, element\u0173 i\u0161d\u0117stym\u0105 ir furnit\u016br\u0105, tod\u0117l galite susikurti komplekt\u0105, pritaikyt\u0105 individualiems poreikiams ir kambario dyd\u017eiui.<\/p>\n<p>K\u016bnas:<br \/>\nTamsusis Sonoma<br \/>\n\u0160viesusis Sonoma<\/p>\n<p>Priekin\u0117 dalis:<br \/>\nOkapi rie\u0161utmedis (MDF juostel\u0117s)<br \/>\n\u0160viesusis Sonoma<br \/>\nVotano \u0105\u017euolas<\/p>","protected":false},"excerpt":{"rendered":"<p>Matmenys:<br \/>\nPlotis: 270 cm<br \/>\nAuk\u0161tis: 200 cm<br \/>\nGylis: 53 cm<\/p>","protected":false},"featured_media":333528,"comment_status":"open","ping_status":"closed","template":"","meta":[],"product_brand":[],"product_cat":[9983,9857,2008],"product_tag":[],"class_list":{"0":"post-333410","1":"product","2":"type-product","3":"status-publish","4":"has-post-thumbnail","6":"product_cat-furniture-sets-room-sets-meblast","7":"product_cat-meblast","8":"product_cat-wall-units","10":"first","11":"instock","12":"shipping-taxable","13":"purchasable","14":"product-type-variable","15":"wvs-archive-product-wrapper"},"_links":{"self":[{"href":"https:\/\/baldumarket.lt\/lt\/wp-json\/wp\/v2\/product\/333410","targetHints":{"allow":["GET"]}}],"collection":[{"href":"https:\/\/baldumarket.lt\/lt\/wp-json\/wp\/v2\/product"}],"about":[{"href":"https:\/\/baldumarket.lt\/lt\/wp-json\/wp\/v2\/types\/product"}],"replies":[{"embeddable":true,"href":"https:\/\/baldumarket.lt\/lt\/wp-json\/wp\/v2\/comments?post=333410"}],"wp:featuredmedia":[{"embeddable":true,"href":"https:\/\/baldumarket.lt\/lt\/wp-json\/wp\/v2\/media\/333528"}],"wp:attachment":[{"href":"https:\/\/baldumarket.lt\/lt\/wp-json\/wp\/v2\/media?parent=333410"}],"wp:term":[{"taxonomy":"product_brand","embeddable":true,"href":"https:\/\/baldumarket.lt\/lt\/wp-json\/wp\/v2\/product_brand?post=333410"},{"taxonomy":"product_cat","embeddable":true,"href":"https:\/\/baldumarket.lt\/lt\/wp-json\/wp\/v2\/product_cat?post=333410"},{"taxonomy":"product_tag","embeddable":true,"href":"https:\/\/baldumarket.lt\/lt\/wp-json\/wp\/v2\/product_tag?post=333410"}],"curies":[{"name":"wp","href":"https:\/\/api.w.org\/{rel}","templated":true}]}}