{"id":333386,"date":"2026-03-06T23:59:43","date_gmt":"2026-03-06T20:59:43","guid":{"rendered":"https:\/\/baldumarket.lt\/?post_type=product&#038;p=333386"},"modified":"2026-03-24T13:18:36","modified_gmt":"2026-03-24T10:18:36","slug":"sienine-spintele-su-baru-ir-spinta-televizorius-400-x-210-cm-tamsus-sonoma-sviesus-sonoma-cyklon","status":"publish","type":"product","link":"https:\/\/baldumarket.lt\/lt\/product\/sienine-spintele-su-baru-ir-spinta-televizorius-400-x-210-cm-tamsus-sonoma-sviesus-sonoma-cyklon\/","title":{"rendered":"Sienin\u0117 spintel\u0117 su baru ir spinta, televizorius 400 \u00d7 210 cm Sonoma Ciemna \/ Sonoma Jasna \u2013 CYKLON"},"content":{"rendered":"<p>CYKLON variantas, apjungiantis \u201eDark Sonoma\u201c ir \u201eLight Sonoma\u201c spalvas, yra erdvi sienin\u0117 spintel\u0117 su baru, drabu\u017ei\u0173 spinta ir didele televizoriaus dalimi, skirta funkcionaliam gyvenamosios erdv\u0117s organizavimui. 400 \u00d7 210 cm spintel\u0117 sukuria vientis\u0105, darn\u0173 i\u0161d\u0117stym\u0105, leid\u017eiant\u012f viename spintoje sutalpinti daug daikt\u0173.<\/p>\n<p>Komplekt\u0105 sudaro erdvi spinta, daugyb\u0117 rakinam\u0173 spinteli\u0173, atviros lentynos ir baro skyrius, kuris yra prakti\u0161kas viso baldo papildymas. Centrin\u0117 dalis su vieta televizoriui leid\u017eia patogiai i\u0161d\u0117styti televizijos \u012frang\u0105, o apgalvotas moduli\u0173 i\u0161d\u0117stymas palengvina estetin\u012f pried\u0173 ir multimedijos element\u0173 i\u0161d\u0117stym\u0105.<\/p>\n<p>U\u017edarose spintel\u0117se galima laikyti drabu\u017eius, dokumentus ir kasdienius daiktus, o lentynose ir ni\u0161ose \u2013 eksponuoti dekoracijas, knygas ar suvenyrus. Toks i\u0161d\u0117stymas leid\u017eia CYKLON sieninei spintelei funkcionuoti kaip visavertei daikt\u0173 laikymo sistemai, nereikalaujant papildom\u0173 bald\u0173. Tamsesn\u0117s \u201eDark Sonoma\u201c apdailos korpuso ir \u0161viesesn\u0117s \u201eSonoma Light\u201c spalvos derinys suteikia spintelei subalansuot\u0105 ir neutral\u0173 charakter\u012f. Med\u017eio atspalvi\u0173 kontrastas vizualiai sutvarko form\u0105 ir leid\u017eia spintelei dera prie \u012fvairi\u0173 interjero dizain\u0173 \u2013 tiek klasikini\u0173, tiek sant\u016bresni\u0173.<\/p>\n<p>Kaip ir visus \u201ee-Meblast\u201c si\u016blomus sieninius blokus, \u201eCYKLON\u201c model\u012f galima pritaikyti pagal matmenis, spalvas, element\u0173 i\u0161d\u0117stym\u0105 ir furnit\u016br\u0105, tod\u0117l galite pritaikyti blok\u0105 pagal savo individualius poreikius ir kambario dyd\u012f.<\/p>\n<p>K\u016bnas:<br \/>\nTamsusis Sonoma<br \/>\n\u0160viesusis Sonoma<br \/>\nBalta<br \/>\nLanceloto \u0105\u017euolas<br \/>\nAlyvuotas \u0105\u017euolas<\/p>\n<p>Priekin\u0117 dalis:<br \/>\n\u0160viesus Sonoma (MDF juostel\u0117)<br \/>\nOkapi rie\u0161utmedis (MDF juostel\u0117s)<br \/>\nArtisan \u0105\u017euolas (MDF juostel\u0117s)<br \/>\nLefkos \u0105\u017euolas<br \/>\nBalta<br \/>\nLanceloto \u0105\u017euolas<br \/>\nAlyvuotas \u0105\u017euolas<br \/>\nKaselos \u0105\u017euolas<\/p>","protected":false},"excerpt":{"rendered":"<p>Matmenys:<br \/>\nPlotis: 400 cm<br \/>\nAuk\u0161tis: 210 cm<br \/>\nGylis: 53 cm<\/p>","protected":false},"featured_media":333502,"comment_status":"open","ping_status":"closed","template":"","meta":[],"product_brand":[],"product_cat":[9983,9857,2008],"product_tag":[],"class_list":{"0":"post-333386","1":"product","2":"type-product","3":"status-publish","4":"has-post-thumbnail","6":"product_cat-furniture-sets-room-sets-meblast","7":"product_cat-meblast","8":"product_cat-wall-units","10":"first","11":"instock","12":"shipping-taxable","13":"purchasable","14":"product-type-variable","15":"wvs-archive-product-wrapper"},"_links":{"self":[{"href":"https:\/\/baldumarket.lt\/lt\/wp-json\/wp\/v2\/product\/333386","targetHints":{"allow":["GET"]}}],"collection":[{"href":"https:\/\/baldumarket.lt\/lt\/wp-json\/wp\/v2\/product"}],"about":[{"href":"https:\/\/baldumarket.lt\/lt\/wp-json\/wp\/v2\/types\/product"}],"replies":[{"embeddable":true,"href":"https:\/\/baldumarket.lt\/lt\/wp-json\/wp\/v2\/comments?post=333386"}],"wp:featuredmedia":[{"embeddable":true,"href":"https:\/\/baldumarket.lt\/lt\/wp-json\/wp\/v2\/media\/333502"}],"wp:attachment":[{"href":"https:\/\/baldumarket.lt\/lt\/wp-json\/wp\/v2\/media?parent=333386"}],"wp:term":[{"taxonomy":"product_brand","embeddable":true,"href":"https:\/\/baldumarket.lt\/lt\/wp-json\/wp\/v2\/product_brand?post=333386"},{"taxonomy":"product_cat","embeddable":true,"href":"https:\/\/baldumarket.lt\/lt\/wp-json\/wp\/v2\/product_cat?post=333386"},{"taxonomy":"product_tag","embeddable":true,"href":"https:\/\/baldumarket.lt\/lt\/wp-json\/wp\/v2\/product_tag?post=333386"}],"curies":[{"name":"wp","href":"https:\/\/api.w.org\/{rel}","templated":true}]}}