{"id":333384,"date":"2026-03-06T23:59:41","date_gmt":"2026-03-06T20:59:41","guid":{"rendered":"https:\/\/baldumarket.lt\/?post_type=product&#038;p=333384"},"modified":"2026-03-24T13:18:36","modified_gmt":"2026-03-24T10:18:36","slug":"sienine-spintele-su-baru-ir-spinta-televizorius-400-x-210-cm-tamsus-sonoma-okapi-riesutas-cyklon","status":"publish","type":"product","link":"https:\/\/baldumarket.lt\/lt\/product\/sienine-spintele-su-baru-ir-spinta-televizorius-400-x-210-cm-tamsus-sonoma-okapi-riesutas-cyklon\/","title":{"rendered":"Sienin\u0117 spintel\u0117 su baru ir spinta, televizorius 400 \u00d7 210 cm, Sonoma Ciemna \/ Orzech Okapi \u2013 CYKLON"},"content":{"rendered":"<p>\u201eCYKLON\u201c variantas, \u201eDark Sonoma\u201c ir \u201eOkapi Walnut\u201c spalv\u0173, yra erdvi sienin\u0117 spintel\u0117 su baru, drabu\u017ei\u0173 spinta ir didele televizoriaus dalimi, sukurta kaip viena, visavert\u0117 sistema j\u016bs\u0173 gyvenamajai erdvei sutvarkyti. 400 x 210 cm dyd\u017eio spintel\u0117 leid\u017eia sutvarkyti daugyb\u0119 daikt\u0173 vienoje, darnioje strukt\u016broje.<\/p>\n<p>Komplekt\u0105 sudaro erdvi spinta, daugyb\u0117 rakinam\u0173 spinteli\u0173, atviros lentynos ir baro zona, kuri funkcionaliai papildo vis\u0105 baldo interjer\u0105. Centrin\u0117 dalis su vieta televizoriui leid\u017eia patogiai i\u0161d\u0117styti televizijos \u012frang\u0105, o apgalvotas moduli\u0173 i\u0161d\u0117stymas palengvina estetin\u012f aksesuar\u0173 ir multimedijos element\u0173 i\u0161d\u0117stym\u0105.<\/p>\n<p>U\u017edarose spintel\u0117se galima laikyti drabu\u017eius, dokumentus ir kasdienius daiktus, o lentynos ir ni\u0161os leid\u017eia eksponuoti dekoracijas, knygas ar suvenyrus. Toks i\u0161d\u0117stymas leid\u017eia CYKLON sieninei spintelei b\u016bti pagrindiniu interjero dizainu, nereikalaujant papildom\u0173 bald\u0173. Tamsesnio \u201eDark Sonoma\u201c apdailos korpuso ir Okapi Walnut fasad\u0173 derinys suteikia spintelei gilesn\u012f, klasikin\u012f charakter\u012f. \u0160iltas medienos atspalvis vizualiai su\u0161ildo spintel\u0119 ir gerai dera prie eleganti\u0161k\u0173, sant\u016bri\u0173 gyvenam\u0173j\u0173 erdvi\u0173 i\u0161d\u0117stym\u0173. Kaip ir visas \u201ee-Meblast\u201c si\u016blomas sienines spinteles, CYKLON model\u012f galima pritaikyti pagal matmenis, spalvas, komponent\u0173 i\u0161d\u0117stym\u0105 ir furnit\u016br\u0105, tod\u0117l galite susikurti individualiems poreikiams ir kambario dyd\u017eiui pritaikyt\u0105 spintel\u0119.<\/p>\n<p>K\u016bnas:<br \/>\nTamsusis Sonoma<br \/>\n\u0160viesusis Sonoma<br \/>\nBalta<br \/>\nLanceloto \u0105\u017euolas<br \/>\nAlyvuotas \u0105\u017euolas<\/p>\n<p>Priekin\u0117 dalis:<br \/>\n\u0160viesus Sonoma (MDF juostel\u0117)<br \/>\nOkapi rie\u0161utmedis (MDF juostel\u0117s)<br \/>\nArtisan \u0105\u017euolas (MDF juostel\u0117s)<br \/>\nLefkos \u0105\u017euolas<br \/>\nBalta<br \/>\nLanceloto \u0105\u017euolas<br \/>\nAlyvuotas \u0105\u017euolas<br \/>\nKaselos \u0105\u017euolas<\/p>","protected":false},"excerpt":{"rendered":"<p>Matmenys:<br \/>\nPlotis: 400 cm<br \/>\nAuk\u0161tis: 210 cm<br \/>\nGylis: 53 cm<\/p>","protected":false},"featured_media":333495,"comment_status":"open","ping_status":"closed","template":"","meta":[],"product_brand":[],"product_cat":[9983,9857,2008],"product_tag":[],"class_list":{"0":"post-333384","1":"product","2":"type-product","3":"status-publish","4":"has-post-thumbnail","6":"product_cat-furniture-sets-room-sets-meblast","7":"product_cat-meblast","8":"product_cat-wall-units","10":"first","11":"instock","12":"shipping-taxable","13":"purchasable","14":"product-type-variable","15":"wvs-archive-product-wrapper"},"_links":{"self":[{"href":"https:\/\/baldumarket.lt\/lt\/wp-json\/wp\/v2\/product\/333384","targetHints":{"allow":["GET"]}}],"collection":[{"href":"https:\/\/baldumarket.lt\/lt\/wp-json\/wp\/v2\/product"}],"about":[{"href":"https:\/\/baldumarket.lt\/lt\/wp-json\/wp\/v2\/types\/product"}],"replies":[{"embeddable":true,"href":"https:\/\/baldumarket.lt\/lt\/wp-json\/wp\/v2\/comments?post=333384"}],"wp:featuredmedia":[{"embeddable":true,"href":"https:\/\/baldumarket.lt\/lt\/wp-json\/wp\/v2\/media\/333495"}],"wp:attachment":[{"href":"https:\/\/baldumarket.lt\/lt\/wp-json\/wp\/v2\/media?parent=333384"}],"wp:term":[{"taxonomy":"product_brand","embeddable":true,"href":"https:\/\/baldumarket.lt\/lt\/wp-json\/wp\/v2\/product_brand?post=333384"},{"taxonomy":"product_cat","embeddable":true,"href":"https:\/\/baldumarket.lt\/lt\/wp-json\/wp\/v2\/product_cat?post=333384"},{"taxonomy":"product_tag","embeddable":true,"href":"https:\/\/baldumarket.lt\/lt\/wp-json\/wp\/v2\/product_tag?post=333384"}],"curies":[{"name":"wp","href":"https:\/\/api.w.org\/{rel}","templated":true}]}}