{"id":333382,"date":"2026-03-06T23:59:40","date_gmt":"2026-03-06T20:59:40","guid":{"rendered":"https:\/\/baldumarket.lt\/?post_type=product&#038;p=333382"},"modified":"2026-03-24T13:18:36","modified_gmt":"2026-03-24T10:18:36","slug":"sienine-spintele-su-baru-ir-spinta-televizorius-400-x-210-cm-tamsus-sonoma-casella-azuolas-cyklon","status":"publish","type":"product","link":"https:\/\/baldumarket.lt\/lt\/product\/sienine-spintele-su-baru-ir-spinta-televizorius-400-x-210-cm-tamsus-sonoma-casella-azuolas-cyklon\/","title":{"rendered":"Sienin\u0117 spintel\u0117 su baru ir spinta, televizorius 400 \u00d7 210 cm, Sonoma Ciemna \/ D\u0105b Casella \u2013 CYKLON"},"content":{"rendered":"<p>\u201eCYKLON\u201c modelis, \u201eDark Sonoma\u201c ir \u201eCasella Oak\u201c spalv\u0173 derinys, yra erdvi sienin\u0117 spintel\u0117 su baru, drabu\u017ei\u0173 spinta ir didele televizoriaus dalimi, sukurta kaip darni ir funkcionali gyvenamosios erdv\u0117s organizavimo sistema. 400 x 210 cm dyd\u017eio spintel\u0117 leid\u017eia sutalpinti daug daikt\u0173 vienoje erdvioje konstrukcijoje.<\/p>\n<p>Komplekt\u0105 sudaro erdvi spinta, daugyb\u0117 rakinam\u0173 spinteli\u0173, atviros lentynos ir baro skyrius, kuris yra prakti\u0161kas viso baldo papildymas. Centrin\u0117 dalis su vieta televizoriui leid\u017eia patogiai i\u0161d\u0117styti televizijos \u012frang\u0105, o apgalvotas moduli\u0173 i\u0161d\u0117stymas palengvina estetin\u012f aksesuar\u0173 ir multimedijos element\u0173 i\u0161d\u0117stym\u0105.<\/p>\n<p>U\u017edarose spintel\u0117se galima laikyti drabu\u017eius, dokumentus ir kasdienius daiktus, o lentynose ir ni\u0161ose galima eksponuoti dekoracijas, knygas ar suvenyrus. Toks i\u0161d\u0117stymas leid\u017eia CYKLON sieninei spintelei b\u016bti visaver\u010diu interjero dizainu, nereikalaujant papildom\u0173 bald\u0173. Tamsaus Sonoma korpuso ir Casella \u0105\u017euolo fasad\u0173 derinys suteikia spintelei nat\u016bralesn\u012f ir subalansuot\u0105 charakter\u012f. Med\u017eio ra\u0161tas vizualiai su\u0161ildo spintel\u0119, o kontrastas su tamsesniu pagrindu suteikia strukt\u016bros ir skland\u017eiai dera prie sant\u016braus gyvenamojo ploto.<\/p>\n<p>Kaip ir visus \u201ee-Meblast\u201c si\u016blomus sieninius blokus, \u201eCYKLON\u201c model\u012f galima pritaikyti pagal matmenis, spalvas, komponent\u0173 i\u0161d\u0117stym\u0105 ir furnit\u016br\u0105, tod\u0117l galite pritaikyti blok\u0105 pagal savo individualius poreikius ir kambario dyd\u012f.<\/p>\n<p>K\u016bnas:<br \/>\nTamsusis Sonoma<br \/>\n\u0160viesusis Sonoma<br \/>\nBalta<br \/>\nLanceloto \u0105\u017euolas<br \/>\nAlyvuotas \u0105\u017euolas<\/p>\n<p>Priekin\u0117 dalis:<br \/>\n\u0160viesus Sonoma (MDF juostel\u0117)<br \/>\nOkapi rie\u0161utmedis (MDF juostel\u0117s)<br \/>\nArtisan \u0105\u017euolas (MDF juostel\u0117s)<br \/>\nLefkos \u0105\u017euolas<br \/>\nBalta<br \/>\nLanceloto \u0105\u017euolas<br \/>\nAlyvuotas \u0105\u017euolas<br \/>\nKaselos \u0105\u017euolas<\/p>","protected":false},"excerpt":{"rendered":"<p>Matmenys:<br \/>\nPlotis: 400 cm<br \/>\nAuk\u0161tis: 210 cm<br \/>\nGylis: 53 cm<\/p>","protected":false},"featured_media":333485,"comment_status":"open","ping_status":"closed","template":"","meta":[],"product_brand":[],"product_cat":[9983,9857,2008],"product_tag":[],"class_list":{"0":"post-333382","1":"product","2":"type-product","3":"status-publish","4":"has-post-thumbnail","6":"product_cat-furniture-sets-room-sets-meblast","7":"product_cat-meblast","8":"product_cat-wall-units","10":"first","11":"instock","12":"shipping-taxable","13":"purchasable","14":"product-type-variable","15":"wvs-archive-product-wrapper"},"_links":{"self":[{"href":"https:\/\/baldumarket.lt\/lt\/wp-json\/wp\/v2\/product\/333382","targetHints":{"allow":["GET"]}}],"collection":[{"href":"https:\/\/baldumarket.lt\/lt\/wp-json\/wp\/v2\/product"}],"about":[{"href":"https:\/\/baldumarket.lt\/lt\/wp-json\/wp\/v2\/types\/product"}],"replies":[{"embeddable":true,"href":"https:\/\/baldumarket.lt\/lt\/wp-json\/wp\/v2\/comments?post=333382"}],"wp:featuredmedia":[{"embeddable":true,"href":"https:\/\/baldumarket.lt\/lt\/wp-json\/wp\/v2\/media\/333485"}],"wp:attachment":[{"href":"https:\/\/baldumarket.lt\/lt\/wp-json\/wp\/v2\/media?parent=333382"}],"wp:term":[{"taxonomy":"product_brand","embeddable":true,"href":"https:\/\/baldumarket.lt\/lt\/wp-json\/wp\/v2\/product_brand?post=333382"},{"taxonomy":"product_cat","embeddable":true,"href":"https:\/\/baldumarket.lt\/lt\/wp-json\/wp\/v2\/product_cat?post=333382"},{"taxonomy":"product_tag","embeddable":true,"href":"https:\/\/baldumarket.lt\/lt\/wp-json\/wp\/v2\/product_tag?post=333382"}],"curies":[{"name":"wp","href":"https:\/\/api.w.org\/{rel}","templated":true}]}}