{"id":333360,"date":"2026-03-06T23:58:57","date_gmt":"2026-03-06T20:58:57","guid":{"rendered":"https:\/\/baldumarket.lt\/?post_type=product&#038;p=333360"},"modified":"2026-03-24T13:18:36","modified_gmt":"2026-03-24T10:18:36","slug":"sienine-spintele-su-baru-ir-spinta-televizorius-400-x-210-cm-sviesus-sonoma-lefkas-azuolas-cyklon","status":"publish","type":"product","link":"https:\/\/baldumarket.lt\/lt\/product\/sienine-spintele-su-baru-ir-spinta-televizorius-400-x-210-cm-sviesus-sonoma-lefkas-azuolas-cyklon\/","title":{"rendered":"Sienin\u0117 spintel\u0117 su baru ir spinta, televizorius 400 \u00d7 210 cm, Sonoma Jasna \/ D\u0105b Lefkas \u2013 CYKLON"},"content":{"rendered":"<p>400 cm plo\u010dio ir 210 cm auk\u0161\u010dio spintel\u0117 sukuria i\u0161sam\u0173 i\u0161planavim\u0105 su spinta, baru, lentynomis ir televizoriaus zona, leid\u017eian\u010dia sutvarkyti daug daikt\u0173 viename darniame vienete. CYKLON sienin\u0117 spintel\u0117 buvo sukurta siekiant maksimaliai padidinti gyvenam\u0105j\u0105 erdv\u0119 be papildom\u0173 bald\u0173.<\/p>\n<p>Komplekt\u0105 sudaro erdvi spinta, daugyb\u0117 rakinam\u0173 spinteli\u0173, atviros lentynos ir baro zona, kuri funkcionaliai papildo vis\u0105 baldo interjer\u0105. Centrin\u0117 dalis su vieta televizoriui leid\u017eia patogiai i\u0161d\u0117styti televizijos \u012frang\u0105, o apgalvotas moduli\u0173 i\u0161d\u0117stymas palengvina estetin\u012f aksesuar\u0173 ir multimedijos element\u0173 i\u0161d\u0117stym\u0105.<\/p>\n<p>U\u017edaromuose blokuose galima laikyti drabu\u017eius, dokumentus ir kasdienius daiktus, o lentynose ir ni\u0161ose galima eksponuoti dekoracijas, knygas ar suvenyrus. Toks i\u0161d\u0117stymas paver\u010dia CYKLON sienin\u0119 spintel\u0119 visaverte daikt\u0173 laikymo sistema viename bloke. \u0160viesaus korpuso su \u201eLight Sonoma\u201c apdaila ir \u201eLefkas Oak\u201c \u0105\u017euolo fasad\u0173 derinys suteikia baldui nat\u016bral\u0173, subalansuot\u0105 charakter\u012f. \u0160viesesnis pagrindas vizualiai pary\u0161kina form\u0105, o medienos ra\u0161tas fasaduose suteikia \u0161ilt\u0105 akcent\u0105, papildant\u012f sant\u016br\u0173 ir klasikin\u012f interjero dizain\u0105. Kaip ir visas \u201ee-Meblast\u201c si\u016blomas sienines spinteles, CYKLON model\u012f galima pritaikyti pagal matmenis, spalvas, element\u0173 i\u0161d\u0117stym\u0105 ir furnit\u016br\u0105, tod\u0117l galite susikurti komplekt\u0105, pritaikyt\u0105 j\u016bs\u0173 individualiems poreikiams ir kambario dyd\u017eiui.<\/p>\n<p>K\u016bnas:<br \/>\nTamsusis Sonoma<br \/>\n\u0160viesusis Sonoma<br \/>\nBalta<br \/>\nLanceloto \u0105\u017euolas<br \/>\nAlyvuotas \u0105\u017euolas<\/p>\n<p>Priekin\u0117 dalis:<br \/>\n\u0160viesus Sonoma (MDF juostel\u0117)<br \/>\nOkapi rie\u0161utmedis (MDF juostel\u0117s)<br \/>\nArtisan \u0105\u017euolas (MDF juostel\u0117s)<br \/>\nLefkos \u0105\u017euolas<br \/>\nBalta<br \/>\nLanceloto \u0105\u017euolas<br \/>\nAlyvuotas \u0105\u017euolas<br \/>\nKaselos \u0105\u017euolas<\/p>","protected":false},"excerpt":{"rendered":"<p>Matmenys:<br \/>\nPlotis: 400 cm<br \/>\nAuk\u0161tis: 210 cm<br \/>\nGylis: 53 cm<\/p>","protected":false},"featured_media":333466,"comment_status":"open","ping_status":"closed","template":"","meta":[],"product_brand":[],"product_cat":[9983,9857,2008],"product_tag":[],"class_list":{"0":"post-333360","1":"product","2":"type-product","3":"status-publish","4":"has-post-thumbnail","6":"product_cat-furniture-sets-room-sets-meblast","7":"product_cat-meblast","8":"product_cat-wall-units","10":"first","11":"instock","12":"shipping-taxable","13":"purchasable","14":"product-type-variable","15":"wvs-archive-product-wrapper"},"_links":{"self":[{"href":"https:\/\/baldumarket.lt\/lt\/wp-json\/wp\/v2\/product\/333360","targetHints":{"allow":["GET"]}}],"collection":[{"href":"https:\/\/baldumarket.lt\/lt\/wp-json\/wp\/v2\/product"}],"about":[{"href":"https:\/\/baldumarket.lt\/lt\/wp-json\/wp\/v2\/types\/product"}],"replies":[{"embeddable":true,"href":"https:\/\/baldumarket.lt\/lt\/wp-json\/wp\/v2\/comments?post=333360"}],"wp:featuredmedia":[{"embeddable":true,"href":"https:\/\/baldumarket.lt\/lt\/wp-json\/wp\/v2\/media\/333466"}],"wp:attachment":[{"href":"https:\/\/baldumarket.lt\/lt\/wp-json\/wp\/v2\/media?parent=333360"}],"wp:term":[{"taxonomy":"product_brand","embeddable":true,"href":"https:\/\/baldumarket.lt\/lt\/wp-json\/wp\/v2\/product_brand?post=333360"},{"taxonomy":"product_cat","embeddable":true,"href":"https:\/\/baldumarket.lt\/lt\/wp-json\/wp\/v2\/product_cat?post=333360"},{"taxonomy":"product_tag","embeddable":true,"href":"https:\/\/baldumarket.lt\/lt\/wp-json\/wp\/v2\/product_tag?post=333360"}],"curies":[{"name":"wp","href":"https:\/\/api.w.org\/{rel}","templated":true}]}}