{"id":333337,"date":"2026-03-06T23:58:10","date_gmt":"2026-03-06T20:58:10","guid":{"rendered":"https:\/\/baldumarket.lt\/?post_type=product&#038;p=333337"},"modified":"2026-03-24T14:57:26","modified_gmt":"2026-03-24T11:57:26","slug":"klasikine-sienine-spintele-su-triju-daliu-vitrina-ir-knygu-lentyna-280-x-207-cm-lefkas-azuolas-hades","status":"publish","type":"product","link":"https:\/\/baldumarket.lt\/lt\/produktas\/klasikine-sienine-spintele-su-triju-daliu-vitrina-ir-knygu-lentyna-280-x-207-cm-lefkas-azuolas-hades\/","title":{"rendered":"Klasikin\u0117 sienin\u0117 spintel\u0117 su trij\u0173 dali\u0173 vitrina ir knyg\u0173 lentyna, 280 \u00d7 207 cm, D\u0105b Lefkas \u2013 HADES"},"content":{"rendered":"<p>280 x 207 cm dyd\u017eio \u201eLefkas Oak\u201c medienos HADES sienin\u0117 spintel\u0117 buvo sukurta kaip klasikinis eksponavimo stendas, kuriame svarbiausia yra pateikimas ir tvarkingas daikt\u0173 laikymas. Komplektas puikiai tinka svetain\u0117ms ir darbo erdv\u0117ms, kur b\u016btina elegancija, simetrija ir raminantis dizainas.<\/p>\n<p>Centrin\u0117 sienin\u0117s spintel\u0117s dalis \u2013 \u012fsp\u016bdinga trij\u0173 dali\u0173 vitrina, suteikianti visam spinteliui reprezentatyvumo. Stikliniai fasadai kartu su dekoratyvin\u0117mis MDF juostel\u0117mis leid\u017eia esteti\u0161kai eksponuoti knygas, stiklinius indus, kolekcijas ar dekoratyvinius elementus. Knyg\u0173 lentyna tvarkingai integruota \u012f spintel\u0119, u\u017etikrinant, kad spintel\u0117 i\u0161laikyt\u0173 nuoseklias proporcijas.<\/p>\n<p>Komplekt\u0105 papildo patalyn\u0117s spinta, kurioje yra funkcionali vieta drabu\u017eiams, tekstil\u0117s gaminiams ir aksesuarams laikyti. Baras ir erdv\u016bs stal\u010diai sukuria papildom\u0105 nauding\u0105 erdv\u0119, kurioje lengva susid\u0117ti smulkius daiktus ir kasdienius aksesuarus. HADES modelis buvo sukurtas be tradicin\u0117s multimedijos spintel\u0117s, tod\u0117l idealiai tinka estetiniams interjerams, nam\u0173 bibliotekoms ar reprezentacin\u0117ms erdv\u0117ms. Modulin\u0117 sienin\u0117s spintel\u0117s konstrukcija leid\u017eia prireikus j\u0105 i\u0161pl\u0117sti multimedijos elementais.<\/p>\n<p>\u201eLefkas\u201c \u0105\u017euolo spalva pabr\u0117\u017eia klasikin\u012f ir eleganti\u0161k\u0105 sienin\u0117s spintel\u0117s charakter\u012f. \u0160viesus medienos atspalvis su i\u0161skirtine strukt\u016bra suteikia interjerui lengvumo ir harmonijos, gerai dera prie tradicinio ir sant\u016braus svetain\u0117s dizaino.<\/p>\n<p>Kaip ir visas \u201ee-Meblast\u201c si\u016blomas sienines spinteles, HADES model\u012f galima pritaikyti pagal matmenis, spalvas, element\u0173 i\u0161d\u0117stym\u0105 ir furnit\u016br\u0105, tod\u0117l galite susikurti komplekt\u0105, puikiai atitinkant\u012f j\u016bs\u0173 individualius poreikius ir interjero charakter\u012f.<\/p>\n<p>K\u016bnas:<br \/>\nTamsusis Sonoma<br \/>\nPort \u010ceri<\/p>\n<p>Galimos standartin\u0117s spalvos:<br \/>\nLefkos \u0105\u017euolas<br \/>\n\u0160viesusis Sonoma<br \/>\nPorto vy\u0161nia<\/p>","protected":false},"excerpt":{"rendered":"<p>HADES sienin\u0117 spintel\u0117, kurios matmenys \u2013 280 x 207 cm, pagaminta i\u0161 \u201eLefkas Oak\u201c medienos, buvo sukurta kaip klasikin\u0117 ekspozicijos spintel\u0117, kurioje svarbiausia yra pateikimas ir tvarkingas daikt\u0173 laikymas. Komplektas puikiai tinka svetain\u0117ms ir darbo erdv\u0117ms, kur svarbi elegancija, simetrija ir raminantis dizainas. Centrin\u0117 sienin\u0117s spintel\u0117s dalis yra [\u2026]<\/p>","protected":false},"featured_media":333450,"comment_status":"open","ping_status":"closed","template":"","meta":[],"product_brand":[],"product_cat":[9983,9857,2008],"product_tag":[],"class_list":{"0":"post-333337","1":"product","2":"type-product","3":"status-publish","4":"has-post-thumbnail","6":"product_cat-furniture-sets-room-sets-meblast","7":"product_cat-meblast","8":"product_cat-wall-units","10":"first","11":"instock","12":"shipping-taxable","13":"purchasable","14":"product-type-variable","15":"wvs-archive-product-wrapper"},"_links":{"self":[{"href":"https:\/\/baldumarket.lt\/lt\/wp-json\/wp\/v2\/product\/333337","targetHints":{"allow":["GET"]}}],"collection":[{"href":"https:\/\/baldumarket.lt\/lt\/wp-json\/wp\/v2\/product"}],"about":[{"href":"https:\/\/baldumarket.lt\/lt\/wp-json\/wp\/v2\/types\/product"}],"replies":[{"embeddable":true,"href":"https:\/\/baldumarket.lt\/lt\/wp-json\/wp\/v2\/comments?post=333337"}],"wp:featuredmedia":[{"embeddable":true,"href":"https:\/\/baldumarket.lt\/lt\/wp-json\/wp\/v2\/media\/333450"}],"wp:attachment":[{"href":"https:\/\/baldumarket.lt\/lt\/wp-json\/wp\/v2\/media?parent=333337"}],"wp:term":[{"taxonomy":"product_brand","embeddable":true,"href":"https:\/\/baldumarket.lt\/lt\/wp-json\/wp\/v2\/product_brand?post=333337"},{"taxonomy":"product_cat","embeddable":true,"href":"https:\/\/baldumarket.lt\/lt\/wp-json\/wp\/v2\/product_cat?post=333337"},{"taxonomy":"product_tag","embeddable":true,"href":"https:\/\/baldumarket.lt\/lt\/wp-json\/wp\/v2\/product_tag?post=333337"}],"curies":[{"name":"wp","href":"https:\/\/api.w.org\/{rel}","templated":true}]}}