{"id":333333,"date":"2026-03-06T23:58:02","date_gmt":"2026-03-06T20:58:02","guid":{"rendered":"https:\/\/baldumarket.lt\/?post_type=product&#038;p=333333"},"modified":"2026-03-24T15:04:54","modified_gmt":"2026-03-24T12:04:54","slug":"sienine-spintele-su-erdviomis-spintomis-lentynomis-spintelemis-televizoriumi-vitrinomis-plotis-360-cm-havana-porto-cherry","status":"publish","type":"product","link":"https:\/\/baldumarket.lt\/lt\/produktas\/sienine-spintele-su-erdviomis-spintomis-lentynomis-spintelemis-televizoriumi-vitrinomis-plotis-360-cm-havana-porto-cherry\/","title":{"rendered":"Sienin\u0117 spintel\u0117 su erdviomis spintomis, lentynomis, spintel\u0117mis, televizoriumi, vitrinomis, plotis 360 cm \u2013 HAVANA Wi\u015bnia Porto"},"content":{"rendered":"<p>Sienin\u0117 spintel\u0117 \u2013 tai daugiafunkcis sprendimas, u\u017etikrinantis ne tik prakti\u0161k\u0105 daikt\u0173 laikym\u0105, bet ir stiling\u0105 j\u016bs\u0173 interjero dizaino papildym\u0105. Jei ie\u0161kote sienin\u0117s spintel\u0117s su erdviais stal\u010diais, baru, multimedijos spintele ir drabu\u017ei\u0173 spinta, rinkit\u0117s HAVANA sienin\u0119 spintel\u0119 i\u0161 e-meblast.pl.<br \/>\nErdvi spinta ir stal\u010diai leid\u017eia laikyti \u012fvairius daiktus, tokius kaip drabu\u017eiai, apatiniai drabu\u017eiai, aksesuarai ir dokumentai. Auk\u0161tos kokyb\u0117s, dvigubai laminuota plok\u0161t\u0117 u\u017etikrina tvirt\u0105 konstrukcij\u0105, tod\u0117l baldai yra patvar\u016bs ir atspar\u016bs pa\u017eeidimams.<br \/>\nBaras yra HAVANA sienin\u0117s spintel\u0117s dalis. Jis gali b\u016bti naudojamas tiek kaip stalo \u012franki\u0173, tauri\u0173 ir kit\u0173 baro aksesuar\u0173 laikymo vieta, tiek kaip sve\u010di\u0173 aptarnavimo zona.<br \/>\nRenkantis sienin\u0119 spintel\u0119 su erdviais stal\u010diais, baru ir spinta, nepamir\u0161kite jos derinti prie savo interjero stiliaus ir spalv\u0173 gamos. Galimos \u012fvairios fasad\u0173 spalvos, kurios leis jums puikiai suprojektuoti savo svetain\u0119.<br \/>\nTaip pat verta atkreipti d\u0117mes\u012f \u012f sienin\u0117s spintel\u0117s gamybos kokyb\u0119. Tvirta konstrukcija, patvarios med\u017eiagos ir kruop\u0161ti apdaila u\u017etikrina ilgalaik\u012f pasitenkinim\u0105. Rinkit\u0117s auk\u0161tos kokyb\u0117s baldus i\u0161 Lenkijos gamintojo.<\/p>\n<p>Galimos standartin\u0117s spalvos:<br \/>\nTamsusis Sonoma<br \/>\nAlksnis<br \/>\nPort \u010ceri<\/p>","protected":false},"excerpt":{"rendered":"<p>Matmenys:<br \/>\nPlotis: 360 cm<br \/>\nAuk\u0161tis: 200 cm<br \/>\nGylis: 53 cm<\/p>","protected":false},"featured_media":333435,"comment_status":"open","ping_status":"closed","template":"","meta":[],"product_brand":[],"product_cat":[9983,9857,2008],"product_tag":[],"class_list":{"0":"post-333333","1":"product","2":"type-product","3":"status-publish","4":"has-post-thumbnail","6":"product_cat-furniture-sets-room-sets-meblast","7":"product_cat-meblast","8":"product_cat-wall-units","10":"first","11":"instock","12":"shipping-taxable","13":"purchasable","14":"product-type-variable","15":"wvs-archive-product-wrapper"},"_links":{"self":[{"href":"https:\/\/baldumarket.lt\/lt\/wp-json\/wp\/v2\/product\/333333","targetHints":{"allow":["GET"]}}],"collection":[{"href":"https:\/\/baldumarket.lt\/lt\/wp-json\/wp\/v2\/product"}],"about":[{"href":"https:\/\/baldumarket.lt\/lt\/wp-json\/wp\/v2\/types\/product"}],"replies":[{"embeddable":true,"href":"https:\/\/baldumarket.lt\/lt\/wp-json\/wp\/v2\/comments?post=333333"}],"wp:featuredmedia":[{"embeddable":true,"href":"https:\/\/baldumarket.lt\/lt\/wp-json\/wp\/v2\/media\/333435"}],"wp:attachment":[{"href":"https:\/\/baldumarket.lt\/lt\/wp-json\/wp\/v2\/media?parent=333333"}],"wp:term":[{"taxonomy":"product_brand","embeddable":true,"href":"https:\/\/baldumarket.lt\/lt\/wp-json\/wp\/v2\/product_brand?post=333333"},{"taxonomy":"product_cat","embeddable":true,"href":"https:\/\/baldumarket.lt\/lt\/wp-json\/wp\/v2\/product_cat?post=333333"},{"taxonomy":"product_tag","embeddable":true,"href":"https:\/\/baldumarket.lt\/lt\/wp-json\/wp\/v2\/product_tag?post=333333"}],"curies":[{"name":"wp","href":"https:\/\/api.w.org\/{rel}","templated":true}]}}