{"id":333311,"date":"2026-03-06T23:57:19","date_gmt":"2026-03-06T20:57:19","guid":{"rendered":"https:\/\/baldumarket.lt\/?post_type=product&#038;p=333311"},"modified":"2026-03-24T15:04:54","modified_gmt":"2026-03-24T12:04:54","slug":"didele-sienine-spintele-su-erdviomis-spintomis-vitrinomis-ir-baru-360-x-200-cm-alder-havana","status":"publish","type":"product","link":"https:\/\/baldumarket.lt\/lt\/produktas\/didele-sienine-spintele-su-erdviomis-spintomis-vitrinomis-ir-baru-360-x-200-cm-alder-havana\/","title":{"rendered":"Didel\u0117 sienin\u0117 spintel\u0117 su erdviomis spintomis, vitrinomis ir baru 360 \u00d7 200 cm Olcha \u2013 HAVANA"},"content":{"rendered":"<p>360 x 200 cm dyd\u017eio alksnio apdailos HAVANA sienin\u0117 spintel\u0117 buvo sukurta kaip rafinuota ir eleganti\u0161ka sienin\u0117 spintel\u0117, kurioje derinamos daikt\u0173 laikymo, eksponavimo ir multimedijos funkcijos. \u0160is dizainas ypa\u010d tinka erdvioms svetain\u0117ms, valgomiesiems ar darbo kambariams, kur svarbu ir erdv\u0117, ir estetika.<\/p>\n<p>Komplekt\u0105 sudaro erdvi spinta su pakaba ir lentyna, leid\u017eian\u010dia patogiai laikyti drabu\u017eius, tekstil\u0119 ir didesnius daiktus. \u0160alia jos yra penki\u0173 lentyn\u0173 spintos kolona, padedanti palaikyti tvark\u0105 kasdien\u0117je organizacijoje. Toks moduli\u0173 i\u0161d\u0117stymas leid\u017eia logi\u0161kai ir funkcionaliai i\u0161naudoti erdv\u0119.<\/p>\n<p>Vir\u0161utin\u0117je sienin\u0117s spintel\u0117s dalyje \u012frengtos \u012fsp\u016bdingos trij\u0173 stikl\u0173 vitrinos, kurios atlieka ekspozicijos funkcij\u0105 ir pabr\u0117\u017eia reprezentatyv\u0173j\u012f spintel\u0117s charakter\u012f. Vitrinas papildo praplatinimai su baru, stal\u010diais ir rakinamomis spintel\u0117mis, suteikian\u010diomis daugyb\u0119 praktini\u0173 galimybi\u0173 tvarkingai laikyti aksesuarus, stiklinius indus ir dekoracijas.<\/p>\n<p>Multimedijos zona buvo suprojektuota galvojant apie paprast\u0105 naudojim\u0105. Viena i\u0161 sienini\u0173 spinteli\u0173 su vitrina turi nuimam\u0105 lentyn\u0105, kurioje yra daug vietos televizoriui ir elektronikai, harmoningai integruotai \u012f bendr\u0105 dizain\u0105.<br \/>\nAlksnio apdaila suteikia sieninei spintelei \u0161ilt\u0105, nat\u016bral\u0173 charakter\u012f. \u0160is dekoras pasi\u017eymi subtiliu med\u017eio akcentu, kuris papildo tradicin\u012f ir sant\u016br\u0173 interjer\u0105, suteikdamas jaukumo ir harmoningumo poj\u016bt\u012f.<br \/>\nKaip ir visas \u201ee-Meblast\u201c si\u016blomas sienines spinteles, HAVANA model\u012f galima pritaikyti pagal matmenis, spalvas, komponent\u0173 i\u0161d\u0117stym\u0105 ir furnit\u016br\u0105, tod\u0117l galite susikurti komplekt\u0105, puikiai atitinkant\u012f j\u016bs\u0173 individualius poreikius ir kambario dyd\u012f.<\/p>\n<p>Galimos standartin\u0117s spalvos:<br \/>\nTamsusis Sonoma<br \/>\nAlksnis<br \/>\nPort \u010ceri<\/p>","protected":false},"excerpt":{"rendered":"<p>Matmenys:<br \/>\nPlotis: 360 cm<br \/>\nAuk\u0161tis: 200 cm<br \/>\nGylis: 53 cm<\/p>","protected":false},"featured_media":333423,"comment_status":"open","ping_status":"closed","template":"","meta":[],"product_brand":[],"product_cat":[9983,9857,2008],"product_tag":[],"class_list":{"0":"post-333311","1":"product","2":"type-product","3":"status-publish","4":"has-post-thumbnail","6":"product_cat-furniture-sets-room-sets-meblast","7":"product_cat-meblast","8":"product_cat-wall-units","10":"first","11":"instock","12":"shipping-taxable","13":"purchasable","14":"product-type-variable","15":"wvs-archive-product-wrapper"},"_links":{"self":[{"href":"https:\/\/baldumarket.lt\/lt\/wp-json\/wp\/v2\/product\/333311","targetHints":{"allow":["GET"]}}],"collection":[{"href":"https:\/\/baldumarket.lt\/lt\/wp-json\/wp\/v2\/product"}],"about":[{"href":"https:\/\/baldumarket.lt\/lt\/wp-json\/wp\/v2\/types\/product"}],"replies":[{"embeddable":true,"href":"https:\/\/baldumarket.lt\/lt\/wp-json\/wp\/v2\/comments?post=333311"}],"wp:featuredmedia":[{"embeddable":true,"href":"https:\/\/baldumarket.lt\/lt\/wp-json\/wp\/v2\/media\/333423"}],"wp:attachment":[{"href":"https:\/\/baldumarket.lt\/lt\/wp-json\/wp\/v2\/media?parent=333311"}],"wp:term":[{"taxonomy":"product_brand","embeddable":true,"href":"https:\/\/baldumarket.lt\/lt\/wp-json\/wp\/v2\/product_brand?post=333311"},{"taxonomy":"product_cat","embeddable":true,"href":"https:\/\/baldumarket.lt\/lt\/wp-json\/wp\/v2\/product_cat?post=333311"},{"taxonomy":"product_tag","embeddable":true,"href":"https:\/\/baldumarket.lt\/lt\/wp-json\/wp\/v2\/product_tag?post=333311"}],"curies":[{"name":"wp","href":"https:\/\/api.w.org\/{rel}","templated":true}]}}