{"id":333309,"date":"2026-03-06T23:57:16","date_gmt":"2026-03-06T20:57:16","guid":{"rendered":"https:\/\/baldumarket.lt\/?post_type=product&#038;p=333309"},"modified":"2026-03-24T15:04:53","modified_gmt":"2026-03-24T12:04:53","slug":"didele-sienine-spintele-su-erdviomis-spintomis-vitrinomis-ir-baru-360-x-200-cm-sonoma-dark-havana","status":"publish","type":"product","link":"https:\/\/baldumarket.lt\/lt\/produktas\/didele-sienine-spintele-su-erdviomis-spintomis-vitrinomis-ir-baru-360-x-200-cm-sonoma-dark-havana\/","title":{"rendered":"Didel\u0117 sienin\u0117 spintel\u0117 su erdviomis spintomis, vitrinomis ir baru 360 \u00d7 200 cm Sonoma Ciemna \u2013 HAVANA"},"content":{"rendered":"<p>360 x 200 cm dyd\u017eio HAVANA sienin\u0117 spintel\u0117 buvo sukurta kaip i\u0161sami, eleganti\u0161ka sienin\u0117 spintel\u0117 erdvioms svetain\u0117ms. Jos i\u0161d\u0117stymas sujungia erdvi\u0105 daikt\u0173 laikymo viet\u0105 su ekspozicijos funkcijomis ir multimedijos zona, sukurdamas darn\u0173 komplekt\u0105 su i\u0161skirtiniu svetain\u0117s charakteriu.<\/p>\n<p>Sienin\u0119 spintel\u0119 sudaro labai erdvi spinta su pakaba ir lentyna, taip pat spintos kolona su penkiomis lentynomis, leid\u017eian\u010dia tvarkingai susid\u0117ti drabu\u017eius, tekstil\u0119 ir didesnius daiktus. \u0160is sprendimas leid\u017eia sienin\u0119 spintel\u0119 naudoti kaip visavert\u012f daikt\u0173 laikymo element\u0105, nereikalaujant papildom\u0173 spint\u0173.<\/p>\n<p>Svarbus komplekto elementas \u2013 \u012fsp\u016bdingos, trij\u0173 stikl\u0173 vitrinos, esan\u010dios spintel\u0117s vir\u0161uje. Vitrinos atlieka vitrin\u0173 funkcij\u0105 ir sustiprina eleganti\u0161k\u0105 sienin\u0117s spintel\u0117s charakter\u012f, leisdamos eksponuoti stiklinius indus, stalo \u012frankius ar dekoratyvinius daiktus. Jas papildo praplatinimai su \u017eemyn atsidaran\u010diomis durel\u0117mis, u\u017edaros spintel\u0117s ir atviros ni\u0161os. Baro zona buvo i\u0161pl\u0117sta erdviais stal\u010diais ir spintel\u0117mis, kuriose yra funkcionali vieta aksesuarams, stikliniams indams ir nam\u0173 apyvokos daiktams laikyti. Viename i\u0161 vitrinos praplatinim\u0173 yra nuimama lentyna, sukurianti ni\u0161\u0105 televizoriui, skland\u017eiai integruot\u0105 \u012f bendr\u0105 dizain\u0105.<\/p>\n<p>\u201eDark Sonoma\u201c apdaila suteikia sieninei spintelei stabil\u0173 ir eleganti\u0161k\u0105 charakter\u012f. Tamsesn\u0117 medienos tekst\u016bra suteikia erdviai formai vizualin\u0117s strukt\u016bros ir papildo klasikin\u012f bei sant\u016br\u0173 interjer\u0105, kuriame pirmenyb\u0117 teikiama i\u0161skirtiniam, ta\u010diau tvarkingam vizualiniam efektui.<\/p>\n<p>Kaip ir visas \u201ee-Meblast\u201c si\u016blomas sienines spinteles, HAVANA model\u012f galima pritaikyti pagal matmenis, spalvas, komponent\u0173 i\u0161d\u0117stym\u0105 ir furnit\u016br\u0105, tod\u0117l galite susikurti komplekt\u0105, puikiai atitinkant\u012f j\u016bs\u0173 individualius poreikius ir kambario dyd\u012f.<\/p>\n<p>Galimos standartin\u0117s spalvos:<br \/>\nTamsusis Sonoma<br \/>\nAlksnis<br \/>\nPort \u010ceri<\/p>","protected":false},"excerpt":{"rendered":"<p>Matmenys:<br \/>\nPlotis: 360 cm<br \/>\nAuk\u0161tis: 200 cm<br \/>\nGylis: 53 cm<\/p>","protected":false},"featured_media":333417,"comment_status":"open","ping_status":"closed","template":"","meta":[],"product_brand":[],"product_cat":[9983,9857,2008],"product_tag":[],"class_list":{"0":"post-333309","1":"product","2":"type-product","3":"status-publish","4":"has-post-thumbnail","6":"product_cat-furniture-sets-room-sets-meblast","7":"product_cat-meblast","8":"product_cat-wall-units","10":"first","11":"instock","12":"shipping-taxable","13":"purchasable","14":"product-type-variable","15":"wvs-archive-product-wrapper"},"_links":{"self":[{"href":"https:\/\/baldumarket.lt\/lt\/wp-json\/wp\/v2\/product\/333309","targetHints":{"allow":["GET"]}}],"collection":[{"href":"https:\/\/baldumarket.lt\/lt\/wp-json\/wp\/v2\/product"}],"about":[{"href":"https:\/\/baldumarket.lt\/lt\/wp-json\/wp\/v2\/types\/product"}],"replies":[{"embeddable":true,"href":"https:\/\/baldumarket.lt\/lt\/wp-json\/wp\/v2\/comments?post=333309"}],"wp:featuredmedia":[{"embeddable":true,"href":"https:\/\/baldumarket.lt\/lt\/wp-json\/wp\/v2\/media\/333417"}],"wp:attachment":[{"href":"https:\/\/baldumarket.lt\/lt\/wp-json\/wp\/v2\/media?parent=333309"}],"wp:term":[{"taxonomy":"product_brand","embeddable":true,"href":"https:\/\/baldumarket.lt\/lt\/wp-json\/wp\/v2\/product_brand?post=333309"},{"taxonomy":"product_cat","embeddable":true,"href":"https:\/\/baldumarket.lt\/lt\/wp-json\/wp\/v2\/product_cat?post=333309"},{"taxonomy":"product_tag","embeddable":true,"href":"https:\/\/baldumarket.lt\/lt\/wp-json\/wp\/v2\/product_tag?post=333309"}],"curies":[{"name":"wp","href":"https:\/\/api.w.org\/{rel}","templated":true}]}}