{"id":333307,"date":"2026-03-06T23:57:12","date_gmt":"2026-03-06T20:57:12","guid":{"rendered":"https:\/\/baldumarket.lt\/?post_type=product&#038;p=333307"},"modified":"2026-03-24T11:58:18","modified_gmt":"2026-03-24T08:58:18","slug":"maza-sienine-spintele-su-vitrina-ir-vieta-televizoriui-266-x-210-cm-sviesus-sonoma-naturalus-grand-oak-apollo","status":"publish","type":"product","link":"https:\/\/baldumarket.lt\/lt\/produktas\/maza-sienine-spintele-su-vitrina-ir-vieta-televizoriui-266-x-210-cm-sviesus-sonoma-naturalus-grand-oak-apollo\/","title":{"rendered":"Ma\u017ea sienin\u0117 spintel\u0117 su vitrina ir vieta televizoriui, 266 \u00d7 210 cm, Sonoma Jasna \/ D\u0105b Grand Naturalny \u2013 APOLLO"},"content":{"rendered":"<p>APOLLO komplektas, kurio matmenys 266 x 210 cm, yra kompakti\u0161ka sienin\u0117 spintel\u0117, skirta kasdieniam naudojimui svetain\u0117je. Spintel\u0117s i\u0161d\u0117stymas leid\u017eia geriau organizuoti erdv\u0119, nesukuriant grem\u0117zdi\u0161kos i\u0161vaizdos, i\u0161laikant pusiausvyr\u0105 tarp vietos daiktams susid\u0117ti ir estetinio patrauklumo.<\/p>\n<p>Komplekt\u0105 sudaro spintel\u0117s, lentynos ir vitrina, leid\u017eianti laikyti ir eksponuoti knygas, dekoracijas ir smulkius baldus. Stiklin\u0117 vitrinos dalis atlieka ekspozicijos funkcij\u0105 vizualiai neapkraunant sienin\u0117s spintel\u0117s ir i\u0161laikant tvarkos poj\u016bt\u012f.<\/p>\n<p>Televizoriaus staliukas yra centre. Multimedijos zona yra ai\u0161kiai ir funkcionaliai integruota su kitais sienin\u0117s spintel\u0117s elementais, u\u017etikrinant, kad multimedijos skyriumi b\u016bt\u0173 patogu naudotis, neu\u017eimdama likusios spintel\u0117s dalies.<\/p>\n<p>\u0160viesios Sonoma spalvos ir nat\u016bralaus Grand Oak apdailos derinys suteikia sieninei spintelei nat\u016bralumo, ramyb\u0117s \u012fsp\u016bd\u012f. \u0160viesus pagrindas vizualiai pagyvina interjer\u0105, o i\u0161skirtin\u0117 Grand Natural Oak medienos tekst\u016bra suteikia \u0161ilt\u0105 akcent\u0105 ir papildo tiek klasikin\u012f, tiek modern\u0173 interjer\u0105. Kaip ir visas \u201ee-Meblast\u201c si\u016blomas sienines spinteles, APOLLO model\u012f galima pritaikyti pagal matmenis, spalvas, element\u0173 i\u0161d\u0117stym\u0105 ir furnit\u016br\u0105, tod\u0117l galite susikurti komplekt\u0105, pritaikyt\u0105 individualiems poreikiams ir kambario dyd\u017eiui.<\/p>\n<p>K\u016bnas:<br \/>\nTamsusis Sonoma<br \/>\n\u0160viesusis Sonoma<\/p>\n<p>Priekin\u0117 dalis:<br \/>\nDidysis \u0105\u017euolas (MDF juostel\u0117s)<br \/>\nOkapi rie\u0161utmedis (MDF juostel\u0117s)<br \/>\n\u0160viesusis Sonoma<\/p>","protected":false},"excerpt":{"rendered":"<p>Matmenys:<br \/>\nPlotis: 266 cm<br \/>\nAuk\u0161tis: 210 cm<br \/>\nGylis: 42 cm<\/p>","protected":false},"featured_media":333411,"comment_status":"open","ping_status":"closed","template":"","meta":[],"product_brand":[],"product_cat":[9944,9857,2008],"product_tag":[],"class_list":{"0":"post-333307","1":"product","2":"type-product","3":"status-publish","4":"has-post-thumbnail","6":"product_cat-furniture-system-porto","7":"product_cat-meblast","8":"product_cat-wall-units","10":"first","11":"instock","12":"shipping-taxable","13":"purchasable","14":"product-type-variable","15":"wvs-archive-product-wrapper"},"_links":{"self":[{"href":"https:\/\/baldumarket.lt\/lt\/wp-json\/wp\/v2\/product\/333307","targetHints":{"allow":["GET"]}}],"collection":[{"href":"https:\/\/baldumarket.lt\/lt\/wp-json\/wp\/v2\/product"}],"about":[{"href":"https:\/\/baldumarket.lt\/lt\/wp-json\/wp\/v2\/types\/product"}],"replies":[{"embeddable":true,"href":"https:\/\/baldumarket.lt\/lt\/wp-json\/wp\/v2\/comments?post=333307"}],"wp:featuredmedia":[{"embeddable":true,"href":"https:\/\/baldumarket.lt\/lt\/wp-json\/wp\/v2\/media\/333411"}],"wp:attachment":[{"href":"https:\/\/baldumarket.lt\/lt\/wp-json\/wp\/v2\/media?parent=333307"}],"wp:term":[{"taxonomy":"product_brand","embeddable":true,"href":"https:\/\/baldumarket.lt\/lt\/wp-json\/wp\/v2\/product_brand?post=333307"},{"taxonomy":"product_cat","embeddable":true,"href":"https:\/\/baldumarket.lt\/lt\/wp-json\/wp\/v2\/product_cat?post=333307"},{"taxonomy":"product_tag","embeddable":true,"href":"https:\/\/baldumarket.lt\/lt\/wp-json\/wp\/v2\/product_tag?post=333307"}],"curies":[{"name":"wp","href":"https:\/\/api.w.org\/{rel}","templated":true}]}}