{"id":333285,"date":"2026-03-06T23:56:34","date_gmt":"2026-03-06T20:56:34","guid":{"rendered":"https:\/\/baldumarket.lt\/?post_type=product&#038;p=333285"},"modified":"2026-03-24T14:57:26","modified_gmt":"2026-03-24T11:57:26","slug":"klasikine-sienine-spintele-su-triju-vitrinu-spintele-baru-ir-televizoriaus-spintele-280-x-207-cm-porto-vysnia-hades-rtv","status":"publish","type":"product","link":"https:\/\/baldumarket.lt\/lt\/produktas\/klasikine-sienine-spintele-su-triju-vitrinu-spintele-baru-ir-televizoriaus-spintele-280-x-207-cm-porto-vysnia-hades-rtv\/","title":{"rendered":"Klasikin\u0117 sienin\u0117 spintele su trij\u0173 vitrin\u0173 spintele, baru ir televizoriaus spintele 280 \u00d7 207 cm, Wi\u015bnia Porto \u2013 HADES + RTV"},"content":{"rendered":"<p>280 x 207 cm dyd\u017eio HADES + RTV sienin\u0117 spintel\u0117 buvo sukurta kaip klasikinis, eleganti\u0161kas spintel\u0117, kurioje derinamas didelis ekspozicijos plotas su visavert\u0117mis multimedijos funkcijomis. \u0160is HADES modelio variantas su RTV spintele skirtas svetain\u0117ms, kuriose estetika dera su kasdieniu naudojimu.<\/p>\n<p>Centrin\u0117 spintel\u0117s dalis \u2013 \u012fsp\u016bdinga trij\u0173 dali\u0173 vitrina, suteikianti visam spinteliui eleganti\u0161k\u0105, ekspozicin\u012f charakter\u012f. Stikliniai fasadai ir dekoratyvin\u0117s MDF juostel\u0117s leid\u017eia esteti\u0161kai eksponuoti knygas, stiklinius indus, kolekcijas ar dekoracijas, i\u0161laikant klasikines sienin\u0117s spintel\u0117s proporcijas. Knyg\u0173 lentyna \u012f spintel\u0119 integruota darniai ir tvarkingai.<\/p>\n<p>Komplekte taip pat yra patalyn\u0117s spinta, kurioje yra funkcionali vieta drabu\u017eiams, tekstil\u0117s gaminiams ir aksesuarams laikyti. Baras ir erdv\u016bs stal\u010diai sukuria papildom\u0105 nauding\u0105 erdv\u0119, kurioje lengviau susid\u0117ti smulkius daiktus ir kasdienius aksesuarus. HADES + RTV model\u012f papildo multimedijos spintel\u0117, kurioje patogiai telpa televizorius ir elektronika. Tai leid\u017eia sieninei spintelei i\u0161laikyti savo reprezentatyv\u0173 charakter\u012f, kartu i\u0161laikant visas moderniai svetainei reikalingas funkcijas.<\/p>\n<p>\u201ePorto Cherry\u201c spalva pabr\u0117\u017eia klasikin\u012f ir eleganti\u0161k\u0105 sienin\u0117s spintel\u0117s stili\u0173. \u0160iltas med\u017eio atspalvis kartu su dekoratyvin\u0117mis MDF detal\u0117mis suteikia visam baldui nesenstant\u012f \u012fvaizd\u012f, kuris dera tiek su tradiciniu, tiek su stilingu interjero dizainu.<\/p>\n<p>Kaip ir visas \u201ee-Meblast\u201c si\u016blomas sienines spinteles, HADES + RTV model\u012f galima pritaikyti pagal matmenis, spalv\u0105, element\u0173 i\u0161d\u0117stym\u0105 ir furnit\u016br\u0105, tod\u0117l galite susikurti komplekt\u0105, puikiai atitinkant\u012f j\u016bs\u0173 individualius poreikius ir interjero charakter\u012f.<\/p>\n<p>Galimos standartin\u0117s spalvos:<br \/>\nLefkos \u0105\u017euolas<br \/>\n\u0160viesusis Sonoma<br \/>\nPorto vy\u0161nia<\/p>","protected":false},"excerpt":{"rendered":"<p>Matmenys:<br \/>\nPlotis: 360 cm<br \/>\n\u016agis: 207 cm<br \/>\nGylis: 44 cm<\/p>","protected":false},"featured_media":333393,"comment_status":"open","ping_status":"closed","template":"","meta":[],"product_brand":[],"product_cat":[9983,9857,2008],"product_tag":[],"class_list":{"0":"post-333285","1":"product","2":"type-product","3":"status-publish","4":"has-post-thumbnail","6":"product_cat-furniture-sets-room-sets-meblast","7":"product_cat-meblast","8":"product_cat-wall-units","10":"first","11":"instock","12":"shipping-taxable","13":"purchasable","14":"product-type-variable","15":"wvs-archive-product-wrapper"},"_links":{"self":[{"href":"https:\/\/baldumarket.lt\/lt\/wp-json\/wp\/v2\/product\/333285","targetHints":{"allow":["GET"]}}],"collection":[{"href":"https:\/\/baldumarket.lt\/lt\/wp-json\/wp\/v2\/product"}],"about":[{"href":"https:\/\/baldumarket.lt\/lt\/wp-json\/wp\/v2\/types\/product"}],"replies":[{"embeddable":true,"href":"https:\/\/baldumarket.lt\/lt\/wp-json\/wp\/v2\/comments?post=333285"}],"wp:featuredmedia":[{"embeddable":true,"href":"https:\/\/baldumarket.lt\/lt\/wp-json\/wp\/v2\/media\/333393"}],"wp:attachment":[{"href":"https:\/\/baldumarket.lt\/lt\/wp-json\/wp\/v2\/media?parent=333285"}],"wp:term":[{"taxonomy":"product_brand","embeddable":true,"href":"https:\/\/baldumarket.lt\/lt\/wp-json\/wp\/v2\/product_brand?post=333285"},{"taxonomy":"product_cat","embeddable":true,"href":"https:\/\/baldumarket.lt\/lt\/wp-json\/wp\/v2\/product_cat?post=333285"},{"taxonomy":"product_tag","embeddable":true,"href":"https:\/\/baldumarket.lt\/lt\/wp-json\/wp\/v2\/product_tag?post=333285"}],"curies":[{"name":"wp","href":"https:\/\/api.w.org\/{rel}","templated":true}]}}