{"id":333271,"date":"2026-03-06T23:55:59","date_gmt":"2026-03-06T20:55:59","guid":{"rendered":"https:\/\/baldumarket.lt\/?post_type=product&#038;p=333271"},"modified":"2026-03-24T14:57:12","modified_gmt":"2026-03-24T11:57:12","slug":"klasikine-sienine-spintele-su-triguba-vitrina-baru-ir-tv-staliuku-280-x-207-cm-lefkas-azuolas-hades-rtv","status":"publish","type":"product","link":"https:\/\/baldumarket.lt\/lt\/produktas\/klasikine-sienine-spintele-su-triguba-vitrina-baru-ir-tv-staliuku-280-x-207-cm-lefkas-azuolas-hades-rtv\/","title":{"rendered":"Klasikin\u0117 sienin\u0117 spintel\u0117 su triguba vitrina, baru ir TV staliuku, 280 \u00d7 207 cm, D\u0105b Lefkas \u2013 HADES + RTV"},"content":{"rendered":"<p>280 x 207 cm dyd\u017eio \u201eLefkas \u0105\u017euolo\u201c medienos \u201eHADES + RTV\u201c sienin\u0117 spintel\u0117 buvo sukurta kaip klasikinis, eleganti\u0161kas spintel\u0117, kurioje dera platus demonstravimo funkcionalumas su visaverte multimedijos zona. \u0160is \u201eHADES\u201c modelio variantas su RTV spintele skirtas svetain\u0117ms, kuriose estetika dera su kasdieniu naudojimu.<\/p>\n<p>Centrin\u0117 spintel\u0117s dalis \u2013 \u012fsp\u016bdinga trij\u0173 dali\u0173 vitrina, kuri sutvarko vir\u0161utin\u0119 sienin\u0117s spintel\u0117s dal\u012f ir suteikia jai eleganti\u0161k\u0105, \u012f ekspozicij\u0105 orientuot\u0105 charakter\u012f. Stikliniai fasadai ir dekoratyvin\u0117s MDF juostel\u0117s leid\u017eia esteti\u0161kai pateikti knygas, stiklinius indus, kolekcijas ar dekoracijas, i\u0161laikant klasikines viso komplekto proporcijas. Knyg\u0173 lentyna darniai ir tvarkingai integruota \u012f spintel\u0117s form\u0105.<\/p>\n<p>Komplekte taip pat yra patalyn\u0117s spinta, kurioje yra funkcionali vieta drabu\u017eiams, tekstil\u0117s gaminiams ir aksesuarams laikyti. Baras ir erdv\u016bs stal\u010diai sukuria papildom\u0105 nauding\u0105 erdv\u0119, kurioje lengviau susid\u0117ti smulkius daiktus ir kasdienius aksesuarus. HADES + RTV variantas papildytas multimedijos spintele, kurioje patogiai galima pastatyti televizori\u0173 ir elektronik\u0105. Tai leid\u017eia sieninei spintelei i\u0161laikyti klasikin\u012f, reprezentatyv\u0173 charakter\u012f ir kartu pasi\u016blyti visas moderniai svetainei reikalingas funkcijas.<br \/>\n\u201eLefkas\u201c \u0105\u017euolo spalva suteikia sieninei spintelei ry\u0161ki\u0105, eleganti\u0161k\u0105 i\u0161vaizd\u0105 ir pabr\u0117\u017eia klasikin\u0119 jos form\u0105. Nat\u016bralus medienos atspalvis su savo i\u0161skirtine strukt\u016bra papildo tradicin\u012f ir sant\u016br\u0173 interjero dizain\u0105, suteikdamas erdvei lengvumo ir harmonijos.<br \/>\nKaip ir visas \u201ee-Meblast\u201c si\u016blomas sienines spinteles, HADES + RTV model\u012f galima pritaikyti pagal matmenis, spalv\u0105, element\u0173 i\u0161d\u0117stym\u0105 ir furnit\u016br\u0105, tod\u0117l galite susikurti komplekt\u0105, puikiai atitinkant\u012f j\u016bs\u0173 individualius poreikius ir interjero charakter\u012f.<\/p>\n<p>Galimos standartin\u0117s spalvos:<br \/>\nLefkos \u0105\u017euolas<br \/>\n\u0160viesusis Sonoma<br \/>\nPorto vy\u0161nia<\/p>","protected":false},"excerpt":{"rendered":"<p>Matmenys:<br \/>\nPlotis: 360 cm<br \/>\n\u016agis: 207 cm<br \/>\nGylis: 44 cm<\/p>","protected":false},"featured_media":333387,"comment_status":"open","ping_status":"closed","template":"","meta":[],"product_brand":[],"product_cat":[9983,9857,2008],"product_tag":[],"class_list":{"0":"post-333271","1":"product","2":"type-product","3":"status-publish","4":"has-post-thumbnail","6":"product_cat-furniture-sets-room-sets-meblast","7":"product_cat-meblast","8":"product_cat-wall-units","10":"first","11":"instock","12":"shipping-taxable","13":"purchasable","14":"product-type-variable","15":"wvs-archive-product-wrapper"},"_links":{"self":[{"href":"https:\/\/baldumarket.lt\/lt\/wp-json\/wp\/v2\/product\/333271","targetHints":{"allow":["GET"]}}],"collection":[{"href":"https:\/\/baldumarket.lt\/lt\/wp-json\/wp\/v2\/product"}],"about":[{"href":"https:\/\/baldumarket.lt\/lt\/wp-json\/wp\/v2\/types\/product"}],"replies":[{"embeddable":true,"href":"https:\/\/baldumarket.lt\/lt\/wp-json\/wp\/v2\/comments?post=333271"}],"wp:featuredmedia":[{"embeddable":true,"href":"https:\/\/baldumarket.lt\/lt\/wp-json\/wp\/v2\/media\/333387"}],"wp:attachment":[{"href":"https:\/\/baldumarket.lt\/lt\/wp-json\/wp\/v2\/media?parent=333271"}],"wp:term":[{"taxonomy":"product_brand","embeddable":true,"href":"https:\/\/baldumarket.lt\/lt\/wp-json\/wp\/v2\/product_brand?post=333271"},{"taxonomy":"product_cat","embeddable":true,"href":"https:\/\/baldumarket.lt\/lt\/wp-json\/wp\/v2\/product_cat?post=333271"},{"taxonomy":"product_tag","embeddable":true,"href":"https:\/\/baldumarket.lt\/lt\/wp-json\/wp\/v2\/product_tag?post=333271"}],"curies":[{"name":"wp","href":"https:\/\/api.w.org\/{rel}","templated":true}]}}