{"id":333267,"date":"2026-03-06T23:55:53","date_gmt":"2026-03-06T20:55:53","guid":{"rendered":"https:\/\/baldumarket.lt\/?post_type=product&#038;p=333267"},"modified":"2026-03-24T15:29:36","modified_gmt":"2026-03-24T12:29:36","slug":"daugiafunkcine-sienine-spintele-su-spintomis-ir-televizoriaus-zona-330-x-200-cm-sonoma-light-jowisz","status":"publish","type":"product","link":"https:\/\/baldumarket.lt\/lt\/product\/daugiafunkcine-sienine-spintele-su-spintomis-ir-televizoriaus-zona-330-x-200-cm-sonoma-light-jowisz\/","title":{"rendered":"Daugiafunkcin\u0117 sienin\u0117 spintel\u0117 su spintomis ir televizoriaus zona 330 \u00d7 200 cm Sonoma Jasna \u2013 JOWISZ"},"content":{"rendered":"<p>330 x 200 cm dyd\u017eio JOWISZ sienin\u0117 spintel\u0117 sukurta taip, kad drabu\u017ei\u0173 laikymo vieta b\u016bt\u0173 sujungta su funkcionalia multimedijos zona. Komplektas leid\u017eia vienoje vietoje sutvarkyti garderob\u0105 ir elektronik\u0105, i\u0161laikant darn\u0173 ir ai\u0161k\u0173 sien\u0173 i\u0161d\u0117stym\u0105.<br \/>\nPagrindin\u0119 sienin\u0117s spintos dal\u012f sudaro dvi spintos, kurios atlieka patalyn\u0117s spint\u0173 funkcij\u0105. J\u0173 vidus padalintas \u012f zon\u0105 su pakaba drabu\u017eiams ir zon\u0105 su lentynomis, tod\u0117l patogu laikyti drabu\u017eius, apatinius, tekstil\u0119 ir aksesuarus. Toks suskirstymas skatina tvark\u0105 ir patog\u0173 kasdieni\u0173 daikt\u0173 organizavim\u0105.<br \/>\nCentrin\u0117je komplekto dalyje yra elektronikos zona. Multimedijos bloke yra atvira erdv\u0117 televizoriui ir ni\u0161os elektronikai bei priedams, leid\u017eian\u010dios esteti\u0161kai sutvarkyti prietaisus. Prie sienos tvirtinama vir\u0161utin\u0117 lentyna u\u017ebaigia vaizd\u0105, puikiai tinkanti knygoms ar dekoratyviniams daiktams.<br \/>\n\u0160viesi Sonoma spalva suteikia sieninei spintelei \u0161vies\u0173 ir neutral\u0173 charakter\u012f. \u0160viesi med\u017eio apdaila vizualiai pagyvina interjer\u0105 ir leid\u017eia komplektui dera prie klasikinio ir ramaus interjero, kuriame pabr\u0117\u017eiama tvarka ir erdvumas. Kaip ir visas \u201ee-Meblast\u201c si\u016blomas sienines spinteles, JOWISZ model\u012f galima pritaikyti pagal matmenis, spalvas, element\u0173 i\u0161d\u0117stym\u0105 ir furnit\u016br\u0105, tod\u0117l galite susikurti komplekt\u0105, pritaikyt\u0105 individualiems poreikiams ir kambario dyd\u017eiui.<\/p>\n<p>K\u016bnas:<br \/>\nTamsusis Sonoma<br \/>\n\u0160viesusis Sonoma<br \/>\n\u0160viesiai pilka<\/p>\n<p>Priekin\u0117 dalis:<br \/>\nBordo \u0105\u017euolas<br \/>\n\u0160viesus Sonoma (MDF juostel\u0117)<br \/>\nJuoda<\/p>","protected":false},"excerpt":{"rendered":"<p>Matmenys:<br \/>\nPlotis: 330 cm<br \/>\nAuk\u0161tis: 200 cm<br \/>\nGylis: 53 cm<\/p>","protected":false},"featured_media":333369,"comment_status":"open","ping_status":"closed","template":"","meta":[],"product_brand":[],"product_cat":[9983,9857,2008],"product_tag":[],"class_list":{"0":"post-333267","1":"product","2":"type-product","3":"status-publish","4":"has-post-thumbnail","6":"product_cat-furniture-sets-room-sets-meblast","7":"product_cat-meblast","8":"product_cat-wall-units","10":"first","11":"instock","12":"shipping-taxable","13":"purchasable","14":"product-type-variable","15":"wvs-archive-product-wrapper"},"_links":{"self":[{"href":"https:\/\/baldumarket.lt\/lt\/wp-json\/wp\/v2\/product\/333267","targetHints":{"allow":["GET"]}}],"collection":[{"href":"https:\/\/baldumarket.lt\/lt\/wp-json\/wp\/v2\/product"}],"about":[{"href":"https:\/\/baldumarket.lt\/lt\/wp-json\/wp\/v2\/types\/product"}],"replies":[{"embeddable":true,"href":"https:\/\/baldumarket.lt\/lt\/wp-json\/wp\/v2\/comments?post=333267"}],"wp:featuredmedia":[{"embeddable":true,"href":"https:\/\/baldumarket.lt\/lt\/wp-json\/wp\/v2\/media\/333369"}],"wp:attachment":[{"href":"https:\/\/baldumarket.lt\/lt\/wp-json\/wp\/v2\/media?parent=333267"}],"wp:term":[{"taxonomy":"product_brand","embeddable":true,"href":"https:\/\/baldumarket.lt\/lt\/wp-json\/wp\/v2\/product_brand?post=333267"},{"taxonomy":"product_cat","embeddable":true,"href":"https:\/\/baldumarket.lt\/lt\/wp-json\/wp\/v2\/product_cat?post=333267"},{"taxonomy":"product_tag","embeddable":true,"href":"https:\/\/baldumarket.lt\/lt\/wp-json\/wp\/v2\/product_tag?post=333267"}],"curies":[{"name":"wp","href":"https:\/\/api.w.org\/{rel}","templated":true}]}}