{"id":333247,"date":"2026-03-06T23:55:09","date_gmt":"2026-03-06T20:55:09","guid":{"rendered":"https:\/\/baldumarket.lt\/?post_type=product&#038;p=333247"},"modified":"2026-03-24T14:57:12","modified_gmt":"2026-03-24T11:57:12","slug":"klasikine-sienine-spintele-su-triguba-vitrina-ir-erdvia-spinta-360-x-207-cm-porto-cherry-hades-drabuzine","status":"publish","type":"product","link":"https:\/\/baldumarket.lt\/lt\/produktas\/klasikine-sienine-spintele-su-triguba-vitrina-ir-erdvia-spinta-360-x-207-cm-porto-cherry-hades-drabuzine\/","title":{"rendered":"Klasikin\u0117 sienin\u0117 spintel\u0117 su triguba vitrina ir erdvia spinta 360 \u00d7 207 cm Wi\u015bnia Porto \u2013 HADES + Drabu\u017ein\u0117"},"content":{"rendered":"<p>HADES sienin\u0117 spinta + drabu\u017ei\u0173 spinta, kurios matmenys 360 x 207 cm, buvo sukurta kaip rafinuota, klasikin\u0117 sienin\u0117 spinta, kurioje dera eksponavimo funkcija ir daug vietos daiktams susid\u0117ti. \u0160is HADES modelio variantas, prapl\u0117stas erdvia drabu\u017ei\u0173 spinta, skirtas svetain\u0117ms ir darbo erdv\u0117ms, kur b\u016btina sutalpinti didesn\u012f kiek\u012f daikt\u0173 \u012f vien\u0105 darn\u0173 vienet\u0105.<br \/>\nCentrinis komplekto elementas \u2013 \u012fsp\u016bdinga trij\u0173 dali\u0173 vitrina, suteikianti sieninei spintelei reprezentatyvumo. Stikliniai fasadai ir dekoratyvin\u0117s MDF juostel\u0117s leid\u017eia eleganti\u0161kai eksponuoti knygas, stiklinius indus, kolekcijas ar dekoracijas, i\u0161laikant klasikines viso komplekto proporcijas.<br \/>\nSpintel\u0119 papildo patalyn\u0117s spinta ir baras, kurie dar labiau sutvarko sienin\u0117s spintel\u0117s funkcionalum\u0105. Patalyn\u0117s spintoje patogu laikyti drabu\u017eius, tekstil\u0117s gaminius ir aksesuarus, o baras suteikia prakti\u0161kos vietos baldams ir kasdieniams daiktams. Svarbiausias \u0161io varianto bruo\u017eas \u2013 erdvi spinta su pakaba ir lentyna. Tai leid\u017eia HADES + spintos sieninei spintelei tarnauti kaip pagrindiniam daikt\u0173 laikymo \u012frenginiui, tod\u0117l nereikia papildom\u0173 spint\u0173.<\/p>\n<p>\u201ePorto Cherry\u201c spalva pabr\u0117\u017eia klasikin\u012f ir eleganti\u0161k\u0105 sienin\u0117s spintel\u0117s charakter\u012f. \u0160iltas med\u017eio atspalvis kartu su dekoratyviniais lipdiniais ir MDF kar\u016bniniais lipdiniais suteikia visam baldui nesenstant\u012f \u012fvaizd\u012f, papildant\u012f tradicin\u012f ir sant\u016br\u0173 interjer\u0105.<\/p>\n<p>Kaip ir visas \u201ee-Meblast\u201c si\u016blomas sienines spinteles, \u201eHADES + Wardrobe\u201c model\u012f galima pritaikyti pagal matmenis, spalv\u0105, element\u0173 i\u0161d\u0117stym\u0105 ir furnit\u016br\u0105, tod\u0117l galite susikurti komplekt\u0105, puikiai atitinkant\u012f j\u016bs\u0173 individualius poreikius ir interjero charakter\u012f.<\/p>\n<p>Galimos standartin\u0117s spalvos:<br \/>\nLefkos \u0105\u017euolas<br \/>\n\u0160viesusis Sonoma<br \/>\nPorto vy\u0161nia<\/p>","protected":false},"excerpt":{"rendered":"<p>Matmenys:<br \/>\nPlotis: 360 cm<br \/>\n\u016agis: 207 cm<br \/>\nGylis: 44 cm<\/p>","protected":false},"featured_media":333363,"comment_status":"open","ping_status":"closed","template":"","meta":[],"product_brand":[],"product_cat":[9983,9857,2008],"product_tag":[],"class_list":{"0":"post-333247","1":"product","2":"type-product","3":"status-publish","4":"has-post-thumbnail","6":"product_cat-furniture-sets-room-sets-meblast","7":"product_cat-meblast","8":"product_cat-wall-units","10":"first","11":"instock","12":"shipping-taxable","13":"purchasable","14":"product-type-variable","15":"wvs-archive-product-wrapper"},"_links":{"self":[{"href":"https:\/\/baldumarket.lt\/lt\/wp-json\/wp\/v2\/product\/333247","targetHints":{"allow":["GET"]}}],"collection":[{"href":"https:\/\/baldumarket.lt\/lt\/wp-json\/wp\/v2\/product"}],"about":[{"href":"https:\/\/baldumarket.lt\/lt\/wp-json\/wp\/v2\/types\/product"}],"replies":[{"embeddable":true,"href":"https:\/\/baldumarket.lt\/lt\/wp-json\/wp\/v2\/comments?post=333247"}],"wp:featuredmedia":[{"embeddable":true,"href":"https:\/\/baldumarket.lt\/lt\/wp-json\/wp\/v2\/media\/333363"}],"wp:attachment":[{"href":"https:\/\/baldumarket.lt\/lt\/wp-json\/wp\/v2\/media?parent=333247"}],"wp:term":[{"taxonomy":"product_brand","embeddable":true,"href":"https:\/\/baldumarket.lt\/lt\/wp-json\/wp\/v2\/product_brand?post=333247"},{"taxonomy":"product_cat","embeddable":true,"href":"https:\/\/baldumarket.lt\/lt\/wp-json\/wp\/v2\/product_cat?post=333247"},{"taxonomy":"product_tag","embeddable":true,"href":"https:\/\/baldumarket.lt\/lt\/wp-json\/wp\/v2\/product_tag?post=333247"}],"curies":[{"name":"wp","href":"https:\/\/api.w.org\/{rel}","templated":true}]}}