{"id":333245,"date":"2026-03-06T23:55:07","date_gmt":"2026-03-06T20:55:07","guid":{"rendered":"https:\/\/baldumarket.lt\/?post_type=product&#038;p=333245"},"modified":"2026-03-24T14:57:12","modified_gmt":"2026-03-24T11:57:12","slug":"klasikine-sienine-spintele-su-triju-vitrinu-spintele-ir-erdvia-spinta-360-x-207-cm-lefkas-azuolas-hades-drabuzine","status":"publish","type":"product","link":"https:\/\/baldumarket.lt\/lt\/produktas\/klasikine-sienine-spintele-su-triju-vitrinu-spintele-ir-erdvia-spinta-360-x-207-cm-lefkas-azuolas-hades-drabuzine\/","title":{"rendered":"Klasikin\u0117 sienin\u0117 spintel\u0117 su trij\u0173 vitrin\u0173 spintele ir erdvia spinta, 360 \u00d7 207 cm, D\u0105b Lefkas \u2013 HADES + Drabu\u017ein\u0117"},"content":{"rendered":"<p>HADES sienin\u0117 spinta + drabu\u017ein\u0117, kurios matmenys \u2013 360 x 207 cm, \u201eLight Sonoma\u201c spalvos, buvo sukurta kaip universali, klasikin\u0117 sienin\u0117 spinta, kurioje dera eksponavimo funkcija ir daug vietos daiktams susid\u0117ti. \u0160\u012f HADES modelio variant\u0105 papildo pilno dyd\u017eio spinta, tod\u0117l jis puikiai tinka svetain\u0117ms ir darbo erdv\u0117ms, kur reikia sutvarkyti didesn\u012f daikt\u0173 kiek\u012f viename darniame bloke.<br \/>\nCentrinis komplekto elementas \u2013 \u012fsp\u016bdinga trij\u0173 dali\u0173 vitrina, suteikianti sieninei spintelei reprezentatyvumo ir sutvarkanti vir\u0161utin\u0119 jos dal\u012f. Stikliniai fasadai kartu su dekoratyvin\u0117mis MDF juostel\u0117mis leid\u017eia esteti\u0161kai eksponuoti knygas, stiklinius indus, kolekcijas ar dekoracijas, i\u0161laikant klasikines viso komplekto proporcijas.<br \/>\nPrie komplekto pridedama patalyn\u0117s spinta ir baras, kurie padidina komplekto funkcionalum\u0105. Patalyn\u0117s spintoje patogu laikyti drabu\u017eius, tekstil\u0117s gaminius ir aksesuarus, o baras \u2013 prakti\u0161ka vieta baldams ir smulkiems kasdieniams daiktams susid\u0117ti. Stal\u010diai taip pat leid\u017eia susitvarkyti ma\u017eesnius aksesuarus. Svarbiausias \u0161io varianto bruo\u017eas \u2013 erdvi spinta su pakaba ir lentyna. Tai leid\u017eia HADES + spintos sieninei spintelei tarnauti kaip pagrindinei daikt\u0173 laikymo vietai, suma\u017einant papildom\u0173 spint\u0173 poreik\u012f.<br \/>\n\u0160viesi Sonoma spalva suteikia sieninei spintelei \u0161viesesn\u0119 ir neutralesn\u0119 i\u0161vaizd\u0105. \u0160viesus medienos atspalvis vizualiai pary\u0161kina interjer\u0105 ir papildo tiek klasikin\u012f, tiek ram\u0173, modern\u0173 interjer\u0105, pabr\u0117\u017edamas eleganti\u0161k\u0105 spintel\u0117s form\u0105.<br \/>\nKaip ir visas \u201ee-Meblast\u201c si\u016blomas sienines spinteles, \u201eHADES + Wardrobe\u201c model\u012f galima pritaikyti pagal matmenis, spalv\u0105, element\u0173 i\u0161d\u0117stym\u0105 ir furnit\u016br\u0105, tod\u0117l galite susikurti komplekt\u0105, puikiai atitinkant\u012f j\u016bs\u0173 individualius poreikius ir interjero charakter\u012f.<\/p>\n<p>Galimos standartin\u0117s spalvos:<br \/>\nLefkos \u0105\u017euolas<br \/>\n\u0160viesusis Sonoma<br \/>\nPorto vy\u0161nia<\/p>","protected":false},"excerpt":{"rendered":"<p>Matmenys:<br \/>\nPlotis: 360 cm<br \/>\n\u016agis: 207 cm<br \/>\nGylis: 44 cm<\/p>","protected":false},"featured_media":333351,"comment_status":"open","ping_status":"closed","template":"","meta":[],"product_brand":[],"product_cat":[9983,9857,2008],"product_tag":[],"class_list":{"0":"post-333245","1":"product","2":"type-product","3":"status-publish","4":"has-post-thumbnail","6":"product_cat-furniture-sets-room-sets-meblast","7":"product_cat-meblast","8":"product_cat-wall-units","10":"first","11":"instock","12":"shipping-taxable","13":"purchasable","14":"product-type-variable","15":"wvs-archive-product-wrapper"},"_links":{"self":[{"href":"https:\/\/baldumarket.lt\/lt\/wp-json\/wp\/v2\/product\/333245","targetHints":{"allow":["GET"]}}],"collection":[{"href":"https:\/\/baldumarket.lt\/lt\/wp-json\/wp\/v2\/product"}],"about":[{"href":"https:\/\/baldumarket.lt\/lt\/wp-json\/wp\/v2\/types\/product"}],"replies":[{"embeddable":true,"href":"https:\/\/baldumarket.lt\/lt\/wp-json\/wp\/v2\/comments?post=333245"}],"wp:featuredmedia":[{"embeddable":true,"href":"https:\/\/baldumarket.lt\/lt\/wp-json\/wp\/v2\/media\/333351"}],"wp:attachment":[{"href":"https:\/\/baldumarket.lt\/lt\/wp-json\/wp\/v2\/media?parent=333245"}],"wp:term":[{"taxonomy":"product_brand","embeddable":true,"href":"https:\/\/baldumarket.lt\/lt\/wp-json\/wp\/v2\/product_brand?post=333245"},{"taxonomy":"product_cat","embeddable":true,"href":"https:\/\/baldumarket.lt\/lt\/wp-json\/wp\/v2\/product_cat?post=333245"},{"taxonomy":"product_tag","embeddable":true,"href":"https:\/\/baldumarket.lt\/lt\/wp-json\/wp\/v2\/product_tag?post=333245"}],"curies":[{"name":"wp","href":"https:\/\/api.w.org\/{rel}","templated":true}]}}