{"id":333229,"date":"2026-03-06T23:54:27","date_gmt":"2026-03-06T20:54:27","guid":{"rendered":"https:\/\/baldumarket.lt\/?post_type=product&#038;p=333229"},"modified":"2026-03-24T14:57:12","modified_gmt":"2026-03-24T11:57:12","slug":"labai-didele-klasikine-sienine-spintele-su-triguba-vitrina-erdvia-spinta-ir-televizoriaus-staliuku-440-x-207-cm-porto-cherry-hades-drabuzine-tv","status":"publish","type":"product","link":"https:\/\/baldumarket.lt\/lt\/produktas\/labai-didele-klasikine-sienine-spintele-su-triguba-vitrina-erdvia-spinta-ir-televizoriaus-staliuku-440-x-207-cm-porto-cherry-hades-drabuzine-tv\/","title":{"rendered":"Labai didel\u0117 klasikin\u0117 sienin\u0117 spintel\u0117 su triguba vitrina, erdvia spinta iraus staliuku 440 \u00d7 207 cm Wi\u015bnia Porto \u2013 HADES + Drabu\u017ein\u0117 + TV"},"content":{"rendered":"<p>HADES sienin\u0117 spintel\u0117 + drabu\u017ei\u0173 spinta + televizorius, kurios matmenys yra 440 x 207 cm, buvo sukurta kaip labai didel\u0117, klasikin\u0117 sienin\u0117 spintel\u0117 erdvioms svetain\u0117ms ir darbo kambariams. Jos i\u0161d\u0117stymas apjungia pla\u010dias ekspozicijos funkcijas, daug vietos daiktams susid\u0117ti ir visavert\u0119 multimedijos zon\u0105 viename darniame vienete.<br \/>\nCentrinis komplekto elementas \u2013 i\u0161skirtin\u0117 trij\u0173 dali\u0173 vitrina, suteikianti sieninei spintelei reprezentatyvumo ir sutvarkanti vir\u0161utin\u0119 jos dal\u012f. Stikliniai fasadai kartu su dekoratyvin\u0117mis MDF juostel\u0117mis leid\u017eia esteti\u0161kai eksponuoti knygas, stiklinius indus, kolekcijas ar dekoracijas, i\u0161laikant klasikines labai pla\u010dios spintel\u0117s proporcijas.<br \/>\nErdvi sienin\u0117s spintel\u0117s konstrukcija apima patalyn\u0117s spint\u0105, bar\u0105 ir erdvius stal\u010dius, kurie leid\u017eia logi\u0161kai atskirti daikt\u0173 laikymo funkcijas. Patalyn\u0117s spintoje patogu laikyti drabu\u017eius ir tekstil\u0119, o baras ir stal\u010diai palengvina smulki\u0173 daikt\u0173 ir kasdieni\u0173 aksesuar\u0173 organizavim\u0105. Svarbiausias \u0161io varianto bruo\u017eas \u2013 erdvi viso dyd\u017eio spinta su pakaba ir lentyna. Tai leid\u017eia sieninei spintelei atlikti pagrindinio daikt\u0173 laikymo funkcij\u0105, tod\u0117l nereikia papildom\u0173 spint\u0173.<\/p>\n<p>Komplekt\u0105 papildo televizoriaus staliukas, kuris leid\u017eia patogiai pastatyti televizori\u0173 ir multimedijos \u012frang\u0105. Televizoriaus zona integruota \u012f bendr\u0105 dizain\u0105, atitinka klasikin\u012f sienin\u0117s spintel\u0117s charakter\u012f, ta\u010diau neu\u017ego\u017eia jos reprezentacin\u0117s formos.<\/p>\n<p>\u201ePorto Cherry\u201c spalva pabr\u0117\u017eia klasikin\u012f ir eleganti\u0161k\u0105 sienin\u0117s spintel\u0117s charakter\u012f. \u0160iltas, sodrus med\u017eio atspalvis kartu su dekoratyviniais MDF ir kar\u016bniniais lipdiniais suteikia visam baldui nesenstant\u012f \u012fvaizd\u012f, papildant\u012f tradicin\u012f ir stiling\u0105 interjero dizain\u0105.<\/p>\n<p>Kaip ir visas \u201ee-Meblast\u201c si\u016blomas sienines spinteles, \u201eHADES + Wardrobe + TV\u201c model\u012f galima pritaikyti pagal dyd\u012f, spalv\u0105, element\u0173 i\u0161d\u0117stym\u0105 ir furnit\u016br\u0105, tod\u0117l galite susikurti komplekt\u0105, puikiai atitinkant\u012f j\u016bs\u0173 individualius poreikius ir kambario dyd\u012f.<\/p>\n<p>Galimos standartin\u0117s spalvos:<br \/>\nLefkos \u0105\u017euolas<br \/>\n\u0160viesusis Sonoma<br \/>\nPorto vy\u0161nia<\/p>","protected":false},"excerpt":{"rendered":"<p>Matmenys:<br \/>\nPlotis: 360 cm<br \/>\n\u016agis: 207 cm<br \/>\nGylis: 44 cm<\/p>","protected":false},"featured_media":333338,"comment_status":"open","ping_status":"closed","template":"","meta":[],"product_brand":[],"product_cat":[9983,9857,2008],"product_tag":[],"class_list":{"0":"post-333229","1":"product","2":"type-product","3":"status-publish","4":"has-post-thumbnail","6":"product_cat-furniture-sets-room-sets-meblast","7":"product_cat-meblast","8":"product_cat-wall-units","10":"first","11":"instock","12":"shipping-taxable","13":"purchasable","14":"product-type-variable","15":"wvs-archive-product-wrapper"},"_links":{"self":[{"href":"https:\/\/baldumarket.lt\/lt\/wp-json\/wp\/v2\/product\/333229","targetHints":{"allow":["GET"]}}],"collection":[{"href":"https:\/\/baldumarket.lt\/lt\/wp-json\/wp\/v2\/product"}],"about":[{"href":"https:\/\/baldumarket.lt\/lt\/wp-json\/wp\/v2\/types\/product"}],"replies":[{"embeddable":true,"href":"https:\/\/baldumarket.lt\/lt\/wp-json\/wp\/v2\/comments?post=333229"}],"wp:featuredmedia":[{"embeddable":true,"href":"https:\/\/baldumarket.lt\/lt\/wp-json\/wp\/v2\/media\/333338"}],"wp:attachment":[{"href":"https:\/\/baldumarket.lt\/lt\/wp-json\/wp\/v2\/media?parent=333229"}],"wp:term":[{"taxonomy":"product_brand","embeddable":true,"href":"https:\/\/baldumarket.lt\/lt\/wp-json\/wp\/v2\/product_brand?post=333229"},{"taxonomy":"product_cat","embeddable":true,"href":"https:\/\/baldumarket.lt\/lt\/wp-json\/wp\/v2\/product_cat?post=333229"},{"taxonomy":"product_tag","embeddable":true,"href":"https:\/\/baldumarket.lt\/lt\/wp-json\/wp\/v2\/product_tag?post=333229"}],"curies":[{"name":"wp","href":"https:\/\/api.w.org\/{rel}","templated":true}]}}