{"id":333227,"date":"2026-03-06T23:54:21","date_gmt":"2026-03-06T20:54:21","guid":{"rendered":"https:\/\/baldumarket.lt\/?post_type=product&#038;p=333227"},"modified":"2026-03-24T14:57:12","modified_gmt":"2026-03-24T11:57:12","slug":"labai-didele-klasikine-sienine-spintele-su-triguba-vitrina-erdvia-spinta-ir-televizoriaus-staliuku-440-x-207-cm-lefkas-azuolas-hades-drabuzine-tv","status":"publish","type":"product","link":"https:\/\/baldumarket.lt\/lt\/produktas\/labai-didele-klasikine-sienine-spintele-su-triguba-vitrina-erdvia-spinta-ir-televizoriaus-staliuku-440-x-207-cm-lefkas-azuolas-hades-drabuzine-tv\/","title":{"rendered":"Labai didel\u0117 klasikin\u0117 sienin\u0117 spintel\u0117 su triguba vitrina, erdvia spinta iraus staliuku, 440 \u00d7 207 cm, D\u0105b Lefkas \u2013 HADES + Drabu\u017ein\u0117 + TV"},"content":{"rendered":"<p>HADES sienin\u0117 spintel\u0117 + drabu\u017ei\u0173 spinta + televizorius, kurios matmenys 440 x 207 cm, buvo sukurta kaip labai didel\u0117, klasikin\u0117 sienin\u0117 spintel\u0117, tinkanti erdvioms svetain\u0117ms ir eleganti\u0161koms darbo erdv\u0117ms. Platus i\u0161planavimas viename tvarkingame pakete apjungia ekspozicijos funkcijas, didel\u0119 daikt\u0173 laikymo talp\u0105 ir visavert\u0119 multimedijos zon\u0105.<\/p>\n<p>Vir\u0161utin\u0119 sienin\u0117s spintel\u0117s dal\u012f sudaro i\u0161skirtin\u0117 trij\u0173 dali\u0173 vitrina, kuri vizualiai traukia vis\u0105 spintel\u0119. Stikliniai fasadai kartu su dekoratyvin\u0117mis MDF juostel\u0117mis leid\u017eia eleganti\u0161kai eksponuoti knygas, stiklinius indus, kolekcijas ar dekoracijas, i\u0161laikant labai pla\u010dios konstrukcijos simetrij\u0105 ir klasikines proporcijas.<\/p>\n<p>Sienin\u0117je spintel\u0117je yra patalyn\u0117s spinta, baras ir erdv\u016bs stal\u010diai, kurie padeda organizuoti komplekto funkcionalum\u0105. Patalyn\u0117s spintoje patogu laikyti drabu\u017eius ir tekstil\u0117s gaminius, o baras ir stal\u010diai padeda tvarkingai susid\u0117ti smulkius daiktus ir kasdienius aksesuarus. Svarbus \u0161io varianto elementas \u2013 erdvi viso dyd\u017eio spinta su pakaba ir lentyna. Tai leid\u017eia sieninei spintelei tarnauti kaip pagrindinei daikt\u0173 laikymo vietai, nereikalaujant papildom\u0173 spinteli\u0173.<\/p>\n<p>Komplekt\u0105 papildo televizoriaus staliukas, kuris leid\u017eia patogiai pastatyti televizori\u0173 ir multimedijos \u012frang\u0105. Televizoriaus zona integruota \u012f bendr\u0105 spintel\u0119, i\u0161laikant klasikin\u012f sienin\u0117s spintel\u0117s charakter\u012f, ta\u010diau neu\u017ego\u017eiant jos reprezentacin\u0117s formos.<\/p>\n<p>\u201eLefkas \u0105\u017euolo\u201c spalva suteikia sieninei spintelei ry\u0161k\u0173, eleganti\u0161k\u0105 charakter\u012f ir pabr\u0117\u017eia klasikin\u0119 spintel\u0117s form\u0105. Nat\u016bralus medienos atspalvis su savo i\u0161skirtine strukt\u016bra suteikia interjerui lengvumo ir harmonijos, gerai dera prie tradicini\u0173 ir sant\u016bri\u0173 erdvi\u0173 svetaini\u0173 interjer\u0173.<\/p>\n<p>Kaip ir visas \u201ee-Meblast\u201c si\u016blomas sienines spinteles, \u201eHADES + Wardrobe + TV\u201c model\u012f galima pritaikyti pagal matmenis, spalv\u0105, element\u0173 i\u0161d\u0117stym\u0105 ir furnit\u016br\u0105, tod\u0117l galite susikurti komplekt\u0105, puikiai atitinkant\u012f j\u016bs\u0173 individualius poreikius ir kambario dyd\u012f.<\/p>\n<p>Galimos standartin\u0117s spalvos:<br \/>\nLefkos \u0105\u017euolas<br \/>\n\u0160viesusis Sonoma<br \/>\nPorto vy\u0161nia<\/p>","protected":false},"excerpt":{"rendered":"<p>Matmenys:<br \/>\nPlotis: 360 cm<br \/>\n\u016agis: 207 cm<br \/>\nGylis: 44 cm<\/p>","protected":false},"featured_media":333325,"comment_status":"open","ping_status":"closed","template":"","meta":[],"product_brand":[],"product_cat":[9983,9857,2008],"product_tag":[],"class_list":{"0":"post-333227","1":"product","2":"type-product","3":"status-publish","4":"has-post-thumbnail","6":"product_cat-furniture-sets-room-sets-meblast","7":"product_cat-meblast","8":"product_cat-wall-units","10":"first","11":"instock","12":"shipping-taxable","13":"purchasable","14":"product-type-variable","15":"wvs-archive-product-wrapper"},"_links":{"self":[{"href":"https:\/\/baldumarket.lt\/lt\/wp-json\/wp\/v2\/product\/333227","targetHints":{"allow":["GET"]}}],"collection":[{"href":"https:\/\/baldumarket.lt\/lt\/wp-json\/wp\/v2\/product"}],"about":[{"href":"https:\/\/baldumarket.lt\/lt\/wp-json\/wp\/v2\/types\/product"}],"replies":[{"embeddable":true,"href":"https:\/\/baldumarket.lt\/lt\/wp-json\/wp\/v2\/comments?post=333227"}],"wp:featuredmedia":[{"embeddable":true,"href":"https:\/\/baldumarket.lt\/lt\/wp-json\/wp\/v2\/media\/333325"}],"wp:attachment":[{"href":"https:\/\/baldumarket.lt\/lt\/wp-json\/wp\/v2\/media?parent=333227"}],"wp:term":[{"taxonomy":"product_brand","embeddable":true,"href":"https:\/\/baldumarket.lt\/lt\/wp-json\/wp\/v2\/product_brand?post=333227"},{"taxonomy":"product_cat","embeddable":true,"href":"https:\/\/baldumarket.lt\/lt\/wp-json\/wp\/v2\/product_cat?post=333227"},{"taxonomy":"product_tag","embeddable":true,"href":"https:\/\/baldumarket.lt\/lt\/wp-json\/wp\/v2\/product_tag?post=333227"}],"curies":[{"name":"wp","href":"https:\/\/api.w.org\/{rel}","templated":true}]}}