{"id":333205,"date":"2026-03-06T23:53:43","date_gmt":"2026-03-06T20:53:43","guid":{"rendered":"https:\/\/baldumarket.lt\/?post_type=product&#038;p=333205"},"modified":"2026-03-24T15:29:36","modified_gmt":"2026-03-24T12:29:36","slug":"daugiafunkcine-sienine-spintele-su-spintomis-ir-televizoriaus-zona-330-x-200-cm-sviesiai-pilka-juoda-jowisz","status":"publish","type":"product","link":"https:\/\/baldumarket.lt\/lt\/product\/daugiafunkcine-sienine-spintele-su-spintomis-ir-televizoriaus-zona-330-x-200-cm-sviesiai-pilka-juoda-jowisz\/","title":{"rendered":"Daugiafunkcin\u0117 sienin\u0117 spintel\u0117 su spintomis ir televizoriaus zona 330 \u00d7 200 cm, Szary Jasny \/ Czarny \u2013 JOWISZ"},"content":{"rendered":"<p>330 x 200 cm dyd\u017eio JOWISZ komplektas yra prakti\u0161kas sprendimas interjerui, kuriame b\u016btina suderinti drabu\u017ei\u0173 laikym\u0105 su funkcionalia multimedijos zona. Sienin\u0117s spintel\u0117s i\u0161d\u0117stymas leid\u017eia organizuoti gyvenam\u0105j\u0105 erdv\u0119 vienoje, darnioje sienin\u0117je spintel\u0117je.<br \/>\nPagrindin\u0119 daikt\u0173 laikymo viet\u0105 sudaro dvi spintos, kurios tarnauja kaip patalyn\u0117s spintos. J\u0173 vidus suprojektuotas patogiam organizavimui \u2013 kiekviename skyriuje yra sekcija su pakaba ir erdvi lentyn\u0173 sistema. \u0160is sprendimas palengvina drabu\u017ei\u0173, apatini\u0173 drabu\u017ei\u0173, tekstil\u0117s gamini\u0173 ir aksesuar\u0173 laikym\u0105.<\/p>\n<p>Tarp daiktad\u0117\u017ei\u0173 \u012frengta televizoriaus sekcija. Multimedijos spintel\u0117je yra vietos televizoriui ir ni\u0161os elektronikai bei priedams, padedan\u010dios palaikyti tvark\u0105 aplinkin\u0117je erdv\u0117je. Prie sienos tvirtinama vir\u0161utin\u0117 lentyna u\u017ebaigia vaizd\u0105, suteikdama papildomos vietos knygoms ar dekoracijoms.<br \/>\n\u0160viesiai pilka spalv\u0173 gama su juodais fasadais suteikia sieninei spintelei modern\u0173 ir i\u0161skirtin\u012f charakter\u012f. \u0160viesus pagrindas praskaidrina interjer\u0105, o juodi akcentai sutvarko strukt\u016br\u0105 ir pabr\u0117\u017eia jos form\u0105, tod\u0117l komplektas puikiai dera prie \u0161iuolaikinio, minimalistinio interjero.<br \/>\nKaip ir visus \u201ee-Meblast\u201c si\u016blomus sieninius blokus, \u201eJOWISZ\u201c model\u012f galima pritaikyti pagal matmenis, spalvas, element\u0173 i\u0161d\u0117stym\u0105 ir furnit\u016br\u0105, tod\u0117l galite susikurti komplekt\u0105, pritaikyt\u0105 j\u016bs\u0173 individualiems poreikiams ir kambario dyd\u017eiui.<\/p>\n<p>K\u016bnas:<br \/>\nTamsusis Sonoma<br \/>\n\u0160viesusis Sonoma<br \/>\n\u0160viesiai pilka<\/p>\n<p>Priekin\u0117 dalis:<br \/>\nBordo \u0105\u017euolas<br \/>\n\u0160viesus Sonoma (MDF juostel\u0117)<br \/>\nJuoda<\/p>","protected":false},"excerpt":{"rendered":"<p>Matmenys:<br \/>\nPlotis: 330 cm<br \/>\nAuk\u0161tis: 200 cm<br \/>\nGylis: 53 cm<\/p>","protected":false},"featured_media":333312,"comment_status":"open","ping_status":"closed","template":"","meta":[],"product_brand":[],"product_cat":[9983,9857,2008],"product_tag":[],"class_list":{"0":"post-333205","1":"product","2":"type-product","3":"status-publish","4":"has-post-thumbnail","6":"product_cat-furniture-sets-room-sets-meblast","7":"product_cat-meblast","8":"product_cat-wall-units","10":"first","11":"instock","12":"shipping-taxable","13":"purchasable","14":"product-type-variable","15":"wvs-archive-product-wrapper"},"_links":{"self":[{"href":"https:\/\/baldumarket.lt\/lt\/wp-json\/wp\/v2\/product\/333205","targetHints":{"allow":["GET"]}}],"collection":[{"href":"https:\/\/baldumarket.lt\/lt\/wp-json\/wp\/v2\/product"}],"about":[{"href":"https:\/\/baldumarket.lt\/lt\/wp-json\/wp\/v2\/types\/product"}],"replies":[{"embeddable":true,"href":"https:\/\/baldumarket.lt\/lt\/wp-json\/wp\/v2\/comments?post=333205"}],"wp:featuredmedia":[{"embeddable":true,"href":"https:\/\/baldumarket.lt\/lt\/wp-json\/wp\/v2\/media\/333312"}],"wp:attachment":[{"href":"https:\/\/baldumarket.lt\/lt\/wp-json\/wp\/v2\/media?parent=333205"}],"wp:term":[{"taxonomy":"product_brand","embeddable":true,"href":"https:\/\/baldumarket.lt\/lt\/wp-json\/wp\/v2\/product_brand?post=333205"},{"taxonomy":"product_cat","embeddable":true,"href":"https:\/\/baldumarket.lt\/lt\/wp-json\/wp\/v2\/product_cat?post=333205"},{"taxonomy":"product_tag","embeddable":true,"href":"https:\/\/baldumarket.lt\/lt\/wp-json\/wp\/v2\/product_tag?post=333205"}],"curies":[{"name":"wp","href":"https:\/\/api.w.org\/{rel}","templated":true}]}}