{"id":333191,"date":"2026-03-06T23:53:07","date_gmt":"2026-03-06T20:53:07","guid":{"rendered":"https:\/\/baldumarket.lt\/?post_type=product&#038;p=333191"},"modified":"2026-03-26T09:28:43","modified_gmt":"2026-03-26T06:28:43","slug":"klasikine-sienine-spintele-su-erdvia-spinta-ir-baru-280x207-cm-porto-cherry-milo","status":"publish","type":"product","link":"https:\/\/baldumarket.lt\/lt\/produktas\/klasikine-sienine-spintele-su-erdvia-spinta-ir-baru-280x207-cm-porto-cherry-milo\/","title":{"rendered":"Klasikin\u0117 sienin\u0117 spintel\u0117 su erdvia spinta ir baru 280\u00d7207 cm Wi\u015bnia Porto \u2013 MILO"},"content":{"rendered":"<p>280 x 207 cm dyd\u017eio MILO sienin\u0117 spintel\u0117 buvo sukurta kaip klasikinis svetain\u0117s ar poilsio kambario baldas, kuriame svarbus ir funkcionalumas, ir eleganti\u0161ka i\u0161vaizda. Komplekte derinama didel\u0117 daikt\u0173 laikymo vieta su ekspozicijos elementais, sukuriant darni\u0105 ir reprezentatyvi\u0105 form\u0105.<br \/>\nCentrin\u0117 sienin\u0117s spintos dalis \u2013 erdvi spinta su pakaba drabu\u017eiams, lentyna ir dideliu i\u0161oriniu stal\u010diumi. Toks i\u0161d\u0117stymas leid\u017eia patogiai laikyti drabu\u017eius, tekstil\u0119 ir didesnius daiktus, nereikalaujant papildom\u0173 spinteli\u0173.<br \/>\nKomplekt\u0105 papildo kolona su baru ir trimis stal\u010diais, kuri pabr\u0117\u017eia klasikin\u012f sienin\u0117s spintel\u0117s charakter\u012f ir suteikia papildom\u0105 funkcin\u0119 funkcij\u0105. Baras puikiai tinka laikyti stiklinius indus ir sutvarkyti svetain\u0117s ar valgomojo erdves.<br \/>\n\u012erenginyje taip pat yra \u012fsp\u016bdinga vitrina su dekoratyvin\u0117mis detal\u0117mis, skirta stalo \u012frankiams, dekoracijoms ar suvenyrams eksponuoti. Multimedijos zona suprojektuota kaip televizoriaus staliukas su didele ni\u0161a televizoriui ir vir\u0161utine spintele su atviromis ir u\u017edaromis spintel\u0117mis, leid\u017eian\u010diomis logi\u0161kai atskirti daikt\u0173 laikymo ir naudojimo vietas.<\/p>\n<p>\u201ePorto Cherry\u201c spalva pabr\u0117\u017eia klasikin\u012f sienin\u0117s spintel\u0117s charakter\u012f. \u0160ilta medienos tekst\u016bra kartu su dekoratyvin\u0117mis MDF juostel\u0117mis suteikia spintelei eleganti\u0161k\u0105, nesenstant\u012f vaizd\u0105, kuris dera prie tradicinio ir sant\u016braus interjero dizaino.<\/p>\n<p>Kaip ir visus \u201ee-Meblast\u201c si\u016blomus sieninius blokus, MILO model\u012f galima pritaikyti pagal matmenis, spalvas, element\u0173 i\u0161d\u0117stym\u0105 ir furnit\u016br\u0105, tod\u0117l galite susikurti komplekt\u0105, pritaikyt\u0105 individualiems poreikiams ir kambario dyd\u017eiui.<\/p>\n<p>Galimos standartin\u0117s spalvos:<br \/>\nAmatinink\u0173 \u0105\u017euolas<br \/>\n\u0160viesusis Sonoma<br \/>\nPort \u010ceri<\/p>","protected":false},"excerpt":{"rendered":"<p>Matmenys:<br \/>\nPlotis: 280 cm<br \/>\n\u016agis: 207 cm<br \/>\nGylis: 53 cm<\/p>","protected":false},"featured_media":333301,"comment_status":"open","ping_status":"closed","template":"","meta":[],"product_brand":[],"product_cat":[9983,9857,2008],"product_tag":[],"class_list":{"0":"post-333191","1":"product","2":"type-product","3":"status-publish","4":"has-post-thumbnail","6":"product_cat-furniture-sets-room-sets-meblast","7":"product_cat-meblast","8":"product_cat-wall-units","10":"first","11":"instock","12":"shipping-taxable","13":"purchasable","14":"product-type-variable","15":"wvs-archive-product-wrapper"},"_links":{"self":[{"href":"https:\/\/baldumarket.lt\/lt\/wp-json\/wp\/v2\/product\/333191","targetHints":{"allow":["GET"]}}],"collection":[{"href":"https:\/\/baldumarket.lt\/lt\/wp-json\/wp\/v2\/product"}],"about":[{"href":"https:\/\/baldumarket.lt\/lt\/wp-json\/wp\/v2\/types\/product"}],"replies":[{"embeddable":true,"href":"https:\/\/baldumarket.lt\/lt\/wp-json\/wp\/v2\/comments?post=333191"}],"wp:featuredmedia":[{"embeddable":true,"href":"https:\/\/baldumarket.lt\/lt\/wp-json\/wp\/v2\/media\/333301"}],"wp:attachment":[{"href":"https:\/\/baldumarket.lt\/lt\/wp-json\/wp\/v2\/media?parent=333191"}],"wp:term":[{"taxonomy":"product_brand","embeddable":true,"href":"https:\/\/baldumarket.lt\/lt\/wp-json\/wp\/v2\/product_brand?post=333191"},{"taxonomy":"product_cat","embeddable":true,"href":"https:\/\/baldumarket.lt\/lt\/wp-json\/wp\/v2\/product_cat?post=333191"},{"taxonomy":"product_tag","embeddable":true,"href":"https:\/\/baldumarket.lt\/lt\/wp-json\/wp\/v2\/product_tag?post=333191"}],"curies":[{"name":"wp","href":"https:\/\/api.w.org\/{rel}","templated":true}]}}