{"id":333189,"date":"2026-03-06T23:53:04","date_gmt":"2026-03-06T20:53:04","guid":{"rendered":"https:\/\/baldumarket.lt\/?post_type=product&#038;p=333189"},"modified":"2026-03-26T09:28:43","modified_gmt":"2026-03-26T06:28:43","slug":"klasikine-sienine-spintele-su-erdvia-spinta-ir-baru-280-x-207-cm-sonoma-light-milo","status":"publish","type":"product","link":"https:\/\/baldumarket.lt\/lt\/produktas\/klasikine-sienine-spintele-su-erdvia-spinta-ir-baru-280-x-207-cm-sonoma-light-milo\/","title":{"rendered":"Klasikin\u0117 sienin\u0117 spintel\u0117 su erdvia spinta ir baru 280 \u00d7 207 cm Sonoma Jasna \u2013 MILO"},"content":{"rendered":"<p>280 x 207 cm dyd\u017eio MILO sienin\u0117 spintel\u0117 buvo sukurta kaip klasikinis baldas, kuriame derinama didel\u0117 daikt\u0173 laikymo erdv\u0117 ir eleganti\u0161ka svetain\u0117s ar poilsio kambario baldo forma. Komplektas puikiai tinka erdv\u0117ms, kuriose svarbiausia tvarka, funkcionalumas ir darni i\u0161vaizda.<\/p>\n<p>Erdvi spinta yra pagrindinis komplekto elementas, u\u017etikrinantis patog\u0173 drabu\u017ei\u0173, tekstil\u0117s gamini\u0173 ir didesni\u0173 kasdieni\u0173 daikt\u0173 laikym\u0105. Spintos pakaba, lentyna ir didelis i\u0161orinis stal\u010dius leid\u017eia logi\u0161kai organizuoti daiktus ir suma\u017eina papildom\u0173 bald\u0173 poreik\u012f.<\/p>\n<p>Sienin\u0117je spintel\u0117je taip pat yra kolona su baru ir trys stal\u010diai. \u0160is elementas atlieka ir funkcines, ir dekoratyvines funkcijas, papildydamas klasikin\u012f komplekto charakter\u012f ir suteikdamas papildomos vietos stiklin\u0117ms, aksesuarams ir smulkiems daiktams laikyti.<\/p>\n<p>\u0160\u012f blok\u0105 papildo \u012fsp\u016bdinga vitrina su dekoratyvin\u0117mis detal\u0117mis ir multimedijos zona, sukurta kaip televizoriaus staliukas su didele ni\u0161a televizoriui ir prapl\u0117timais su atviromis ir u\u017edaromis spintel\u0117mis. \u0160is sprendimas leid\u017eia sujungti demonstravimo, laikymo ir multimedijos funkcijas viename darniame vienete.<br \/>\n\u0160viesi Sonoma spalva suteikia sieninei spintelei \u0161viesesn\u012f, neutralesn\u012f charakter\u012f. \u0160viesi medienos tekst\u016bra vizualiai pagyvina interjer\u0105, tod\u0117l klasikin\u0117 bald\u0173 forma dera tiek prie tradicinio, tiek prie ramaus, modernaus interjero.<br \/>\nKaip ir visus \u201ee-Meblast\u201c si\u016blomus sieninius blokus, MILO model\u012f galima pritaikyti pagal matmenis, spalvas, element\u0173 i\u0161d\u0117stym\u0105 ir furnit\u016br\u0105, tod\u0117l galite susikurti komplekt\u0105, pritaikyt\u0105 individualiems poreikiams ir kambario dyd\u017eiui.<\/p>\n<p>Galimos standartin\u0117s spalvos:<br \/>\nAmatinink\u0173 \u0105\u017euolas<br \/>\n\u0160viesusis Sonoma<br \/>\nPort \u010ceri<\/p>","protected":false},"excerpt":{"rendered":"<p>Matmenys:<br \/>\nPlotis: 280 cm<br \/>\n\u016agis: 207 cm<br \/>\nGylis: 53 cm<\/p>","protected":false},"featured_media":333295,"comment_status":"open","ping_status":"closed","template":"","meta":[],"product_brand":[],"product_cat":[9983,9857,2008],"product_tag":[],"class_list":{"0":"post-333189","1":"product","2":"type-product","3":"status-publish","4":"has-post-thumbnail","6":"product_cat-furniture-sets-room-sets-meblast","7":"product_cat-meblast","8":"product_cat-wall-units","10":"first","11":"instock","12":"shipping-taxable","13":"purchasable","14":"product-type-variable","15":"wvs-archive-product-wrapper"},"_links":{"self":[{"href":"https:\/\/baldumarket.lt\/lt\/wp-json\/wp\/v2\/product\/333189","targetHints":{"allow":["GET"]}}],"collection":[{"href":"https:\/\/baldumarket.lt\/lt\/wp-json\/wp\/v2\/product"}],"about":[{"href":"https:\/\/baldumarket.lt\/lt\/wp-json\/wp\/v2\/types\/product"}],"replies":[{"embeddable":true,"href":"https:\/\/baldumarket.lt\/lt\/wp-json\/wp\/v2\/comments?post=333189"}],"wp:featuredmedia":[{"embeddable":true,"href":"https:\/\/baldumarket.lt\/lt\/wp-json\/wp\/v2\/media\/333295"}],"wp:attachment":[{"href":"https:\/\/baldumarket.lt\/lt\/wp-json\/wp\/v2\/media?parent=333189"}],"wp:term":[{"taxonomy":"product_brand","embeddable":true,"href":"https:\/\/baldumarket.lt\/lt\/wp-json\/wp\/v2\/product_brand?post=333189"},{"taxonomy":"product_cat","embeddable":true,"href":"https:\/\/baldumarket.lt\/lt\/wp-json\/wp\/v2\/product_cat?post=333189"},{"taxonomy":"product_tag","embeddable":true,"href":"https:\/\/baldumarket.lt\/lt\/wp-json\/wp\/v2\/product_tag?post=333189"}],"curies":[{"name":"wp","href":"https:\/\/api.w.org\/{rel}","templated":true}]}}