{"id":333187,"date":"2026-03-06T23:52:58","date_gmt":"2026-03-06T20:52:58","guid":{"rendered":"https:\/\/baldumarket.lt\/?post_type=product&#038;p=333187"},"modified":"2026-03-24T15:29:36","modified_gmt":"2026-03-24T12:29:36","slug":"daugiafunkcine-sienine-spintele-su-spintomis-ir-televizoriaus-zona-330-x-200-cm-tamsus-sonoma-sviesus-sonoma-jowisz","status":"publish","type":"product","link":"https:\/\/baldumarket.lt\/lt\/product\/daugiafunkcine-sienine-spintele-su-spintomis-ir-televizoriaus-zona-330-x-200-cm-tamsus-sonoma-sviesus-sonoma-jowisz\/","title":{"rendered":"Daugiafunkcin\u0117 sienin\u0117 spintel\u0117 su spintomis ir televizoriaus zona 330 \u00d7 200 cm Sonoma Ciemna \/ Sonoma Jasna \u2013 JOWISZ"},"content":{"rendered":"<p>330 x 200 cm dyd\u017eio JOWISZ modelis buvo sukurtas kaip daugiafunkcin\u0117 sienin\u0117 spintel\u0117, kurioje derinama daug vietos daiktams susid\u0117ti ir prakti\u0161ka erdv\u0117 multimedijos \u012frangai. Spintel\u0117s i\u0161d\u0117stymas leid\u017eia tvarkingai susid\u0117ti drabu\u017eius, aksesuarus ir kasdienius daiktus vienoje darnioje sienin\u0117je spintel\u0117je.<br \/>\nSienin\u0117je spintel\u0117je yra dvi spintos, kurios atlieka patalyn\u0117s spintos funkcij\u0105 ir yra logi\u0161kai padalintos \u012f vien\u0105 dal\u012f su pakaba pakabinimui ir kit\u0105 dal\u012f su lentynomis. Toks sprendimas leid\u017eia patogiai laikyti drabu\u017eius, apatinius, tekstil\u0117s gaminius ir aksesuarus, u\u017etikrinant lengv\u0105 prieig\u0105 prie vis\u0173 laikom\u0173 daikt\u0173.<br \/>\nCentrin\u0117 spintel\u0117s dalis skirta televizoriaus zonai. Multimedijos spintel\u0117 su atvira erdve televizoriui ir ni\u0161omis elektronikai leid\u017eia tvarkingai susid\u0117ti prietaisus ir priedus, i\u0161laikant ai\u0161k\u0173 ir funkcional\u0173 i\u0161d\u0117stym\u0105. Sienin\u0119 spintel\u0119 papildo prie sienos tvirtinama vir\u0161utin\u0117 lentyna, puikiai tinkanti knygoms, dekoracijoms ar kitiems naudingiems daiktams.<br \/>\n\u201eTamsios Sonoma\u201c ir \u201e\u0160viesios Sonoma\u201c dekor\u0173 derinys suteikia sieninei spintelei subalansuot\u0105, neutral\u0173 charakter\u012f. \u0160viesesn\u0117 spalva vizualiai pary\u0161kina komplekt\u0105, o tamsesn\u0117 spalva stabilizuoja form\u0105 ir pabr\u0117\u017eia jos form\u0105, tod\u0117l sienin\u0117 spintel\u0117 puikiai dera tiek klasikiniame, tiek sant\u016briame interjere.<br \/>\nKaip ir visus \u201ee-Meblast\u201c si\u016blomus sieninius blokus, \u201eJOWISZ\u201c model\u012f galima pritaikyti pagal matmenis, spalvas, element\u0173 i\u0161d\u0117stym\u0105 ir furnit\u016br\u0105, tod\u0117l galite susikurti komplekt\u0105, atitinkant\u012f j\u016bs\u0173 individualius poreikius ir kambario dyd\u012f.<\/p>\n<p>K\u016bnas:<br \/>\nTamsusis Sonoma<br \/>\n\u0160viesusis Sonoma<br \/>\n\u0160viesiai pilka<\/p>\n<p>Priekin\u0117 dalis:<br \/>\nBordo \u0105\u017euolas<br \/>\n\u0160viesus Sonoma (MDF juostel\u0117)<br \/>\nJuoda<\/p>","protected":false},"excerpt":{"rendered":"<p>Matmenys:<br \/>\nPlotis: 330 cm<br \/>\nAuk\u0161tis: 200 cm<br \/>\nGylis: 53 cm<\/p>","protected":false},"featured_media":333289,"comment_status":"open","ping_status":"closed","template":"","meta":[],"product_brand":[],"product_cat":[9983,9857,2008],"product_tag":[],"class_list":{"0":"post-333187","1":"product","2":"type-product","3":"status-publish","4":"has-post-thumbnail","6":"product_cat-furniture-sets-room-sets-meblast","7":"product_cat-meblast","8":"product_cat-wall-units","10":"first","11":"instock","12":"shipping-taxable","13":"purchasable","14":"product-type-variable","15":"wvs-archive-product-wrapper"},"_links":{"self":[{"href":"https:\/\/baldumarket.lt\/lt\/wp-json\/wp\/v2\/product\/333187","targetHints":{"allow":["GET"]}}],"collection":[{"href":"https:\/\/baldumarket.lt\/lt\/wp-json\/wp\/v2\/product"}],"about":[{"href":"https:\/\/baldumarket.lt\/lt\/wp-json\/wp\/v2\/types\/product"}],"replies":[{"embeddable":true,"href":"https:\/\/baldumarket.lt\/lt\/wp-json\/wp\/v2\/comments?post=333187"}],"wp:featuredmedia":[{"embeddable":true,"href":"https:\/\/baldumarket.lt\/lt\/wp-json\/wp\/v2\/media\/333289"}],"wp:attachment":[{"href":"https:\/\/baldumarket.lt\/lt\/wp-json\/wp\/v2\/media?parent=333187"}],"wp:term":[{"taxonomy":"product_brand","embeddable":true,"href":"https:\/\/baldumarket.lt\/lt\/wp-json\/wp\/v2\/product_brand?post=333187"},{"taxonomy":"product_cat","embeddable":true,"href":"https:\/\/baldumarket.lt\/lt\/wp-json\/wp\/v2\/product_cat?post=333187"},{"taxonomy":"product_tag","embeddable":true,"href":"https:\/\/baldumarket.lt\/lt\/wp-json\/wp\/v2\/product_tag?post=333187"}],"curies":[{"name":"wp","href":"https:\/\/api.w.org\/{rel}","templated":true}]}}