{"id":333167,"date":"2026-03-06T23:52:21","date_gmt":"2026-03-06T20:52:21","guid":{"rendered":"https:\/\/baldumarket.lt\/?post_type=product&#038;p=333167"},"modified":"2026-03-24T15:29:36","modified_gmt":"2026-03-24T12:29:36","slug":"daugiafunkcine-sienine-spintele-su-spintomis-ir-televizoriaus-zona-330-x-200-cm-tamsus-sonoma-bordo-azuolas-jowisz","status":"publish","type":"product","link":"https:\/\/baldumarket.lt\/lt\/product\/daugiafunkcine-sienine-spintele-su-spintomis-ir-televizoriaus-zona-330-x-200-cm-tamsus-sonoma-bordo-azuolas-jowisz\/","title":{"rendered":"Daugiafunkcin\u0117 sienin\u0117 spintel\u0117 su spintomis ir televizoriaus zona 330 \u00d7 200 cm, tamsus Sonoma Ciemna \/ D\u0105b Bordeaux \u2013 JOWISZ"},"content":{"rendered":"<p>330 x 200 cm dyd\u017eio JOWISZ sienin\u0117 spintel\u0117 sujungia drabu\u017ei\u0173 laikym\u0105 su gerai organizuota multimedijos zona. Komplektas yra prakti\u0161kas, tod\u0117l galima logi\u0161kai organizuoti gyvenam\u0105j\u0105 erdv\u0119 be papildom\u0173 bald\u0173.<br \/>\nPagrindin\u0119 daikt\u0173 laikymo zon\u0105 sudaro dvi spintos, kurios tarnauja kaip patalyn\u0117s spintos. Kiekviena i\u0161 j\u0173 yra padalinta \u012f zon\u0105 su pakaba drabu\u017eiams ir zon\u0105 su lentynomis, tod\u0117l patogu susitvarkyti drabu\u017eius, apatinius, tekstil\u0117s gaminius ir aksesuarus. Toks i\u0161d\u0117stymas leid\u017eia palaikyti tvark\u0105 ir greitai pasiekti laikomus daiktus.<br \/>\nTelevizoriaus vieta yra sienin\u0117s spintel\u0117s centre. Multimedijos spintel\u0117 suteikia atvir\u0105 erdv\u0119 televizoriui ir ni\u0161as elektronikai bei priedams, taip palengvindama laid\u0173 ir prietais\u0173 organizavim\u0105. Prie sienos tvirtinama vir\u0161utin\u0117 lentyna u\u017ebaigia komplekt\u0105, suteikdama papildomos vietos knygoms ar dekoratyviniams daiktams.<br \/>\nTamsaus Sonoma ir Bordo \u0105\u017euolo dekoro element\u0173 derinys suteikia sieninei spintelei i\u0161skirtin\u012f, ta\u010diau \u0161ilt\u0105 charakter\u012f. Tamsesnis pagrindas vizualiai sutvarko form\u0105, o i\u0161skirtinis Bordo \u0105\u017euolo medienos ra\u0161tas suteikia nat\u016bral\u0173 akcent\u0105 ir papildo klasikin\u012f bei sant\u016br\u0173 interjer\u0105.<\/p>\n<p>Kaip ir visus \u201ee-Meblast\u201c si\u016blomus sieninius blokus, \u201eJOWISZ\u201c model\u012f galima pritaikyti pagal matmenis, spalvas, element\u0173 i\u0161d\u0117stym\u0105 ir furnit\u016br\u0105, tod\u0117l galite susikurti komplekt\u0105, pritaikyt\u0105 j\u016bs\u0173 individualiems poreikiams ir kambario dyd\u017eiui.<\/p>\n<p>K\u016bnas:<br \/>\nTamsusis Sonoma<br \/>\n\u0160viesusis Sonoma<br \/>\n\u0160viesiai pilka<\/p>\n<p>Priekin\u0117 dalis:<br \/>\nBordo \u0105\u017euolas<br \/>\n\u0160viesus Sonoma (MDF juostel\u0117)<br \/>\nJuoda<\/p>","protected":false},"excerpt":{"rendered":"<p>Matmenys:<br \/>\nPlotis: 330 cm<br \/>\nAuk\u0161tis: 200 cm<br \/>\nGylis: 53 cm<\/p>","protected":false},"featured_media":333278,"comment_status":"open","ping_status":"closed","template":"","meta":[],"product_brand":[],"product_cat":[9983,9857,2008],"product_tag":[],"class_list":{"0":"post-333167","1":"product","2":"type-product","3":"status-publish","4":"has-post-thumbnail","6":"product_cat-furniture-sets-room-sets-meblast","7":"product_cat-meblast","8":"product_cat-wall-units","10":"first","11":"instock","12":"shipping-taxable","13":"purchasable","14":"product-type-variable","15":"wvs-archive-product-wrapper"},"_links":{"self":[{"href":"https:\/\/baldumarket.lt\/lt\/wp-json\/wp\/v2\/product\/333167","targetHints":{"allow":["GET"]}}],"collection":[{"href":"https:\/\/baldumarket.lt\/lt\/wp-json\/wp\/v2\/product"}],"about":[{"href":"https:\/\/baldumarket.lt\/lt\/wp-json\/wp\/v2\/types\/product"}],"replies":[{"embeddable":true,"href":"https:\/\/baldumarket.lt\/lt\/wp-json\/wp\/v2\/comments?post=333167"}],"wp:featuredmedia":[{"embeddable":true,"href":"https:\/\/baldumarket.lt\/lt\/wp-json\/wp\/v2\/media\/333278"}],"wp:attachment":[{"href":"https:\/\/baldumarket.lt\/lt\/wp-json\/wp\/v2\/media?parent=333167"}],"wp:term":[{"taxonomy":"product_brand","embeddable":true,"href":"https:\/\/baldumarket.lt\/lt\/wp-json\/wp\/v2\/product_brand?post=333167"},{"taxonomy":"product_cat","embeddable":true,"href":"https:\/\/baldumarket.lt\/lt\/wp-json\/wp\/v2\/product_cat?post=333167"},{"taxonomy":"product_tag","embeddable":true,"href":"https:\/\/baldumarket.lt\/lt\/wp-json\/wp\/v2\/product_tag?post=333167"}],"curies":[{"name":"wp","href":"https:\/\/api.w.org\/{rel}","templated":true}]}}