{"id":333165,"date":"2026-03-06T23:52:17","date_gmt":"2026-03-06T20:52:17","guid":{"rendered":"https:\/\/baldumarket.lt\/?post_type=product&#038;p=333165"},"modified":"2026-03-26T09:28:43","modified_gmt":"2026-03-26T06:28:43","slug":"klasikine-sienine-spintele-su-erdvia-spinta-ir-baru-280-x-207-cm-artisan-oak-milo","status":"publish","type":"product","link":"https:\/\/baldumarket.lt\/lt\/produktas\/klasikine-sienine-spintele-su-erdvia-spinta-ir-baru-280-x-207-cm-artisan-oak-milo\/","title":{"rendered":"Klasikin\u0117 sienin\u0117 spintel\u0117 su erdvia spinta ir baru 280 \u00d7 207 cm Dab Artisan \u2013 MILO"},"content":{"rendered":"<p>280 x 207 cm dyd\u017eio MILO komplektas buvo sukurtas kaip klasikin\u0117 svetain\u0117s sienin\u0117 spintel\u0117, kurioje derinamas daikt\u0173 laikymo sprendimas ir formal\u016bs elementai. Spintel\u0117s i\u0161planavimas leid\u017eia susikurti gyvenam\u0105j\u0105 erdv\u0119 viename darniame vienete, i\u0161laikant funkcionalumo ir estetikos pusiausvyr\u0105.<\/p>\n<p>Komplekt\u0105 sudaro erdvi spinta su pakaba pakabinimui, lentyna ir dideliu i\u0161oriniu stal\u010diumi. \u0160is sprendimas leid\u017eia patogiai laikyti drabu\u017eius, tekstil\u0119 ir didesnius daiktus, tuo pa\u010diu sutvarkant erdv\u0119 be papildom\u0173 bald\u0173.<\/p>\n<p>Svarbus sienin\u0117s spintel\u0117s elementas yra kolona su baru ir trimis stal\u010diais. Baras atlieka ir praktin\u0119, ir dekoratyvin\u0119 funkcij\u0105, papildydamas klasikin\u012f komplekto charakter\u012f ir tarnaudamas kaip stiklo dirbini\u0173, aksesuar\u0173 ar kit\u0173 su svetaine susijusi\u0173 nauding\u0173 daikt\u0173 laikymo vieta.<\/p>\n<p>Komplekt\u0105 papildo \u012fsp\u016bdinga vitrina su dekoratyvin\u0117mis detal\u0117mis ir didele multimedijos zona. Televizoriaus staliukas su didele ni\u0161a televizoriui ir vir\u0161utinis spintel\u0117 su atviromis ir u\u017edaromis spintel\u0117mis leid\u017eia logi\u0161kai derinti multimedijos \u012frangos laikym\u0105, eksponavim\u0105 ir naudojim\u0105 viename \u012frenginyje.<br \/>\n\u201eArtisan Oak\u201c apdaila suteikia sieninei spintelei nat\u016bralumo ir nesenstan\u010dio charakterio. Ry\u0161kus medienos ra\u0161tas suteikia interjerui \u0161ilumos ir dera prie klasikinio bei sant\u016braus svetain\u0117s dizaino, kur svarbiausia jaukumas ir i\u0161skirtinis vizualinis akcentas.<br \/>\nKaip ir visus \u201ee-Meblast\u201c si\u016blomus sieninius blokus, MILO model\u012f galima pritaikyti pagal matmenis, spalvas, element\u0173 i\u0161d\u0117stym\u0105 ir furnit\u016br\u0105, tod\u0117l galite susikurti komplekt\u0105, pritaikyt\u0105 individualiems poreikiams ir kambario dyd\u017eiui.<\/p>\n<p>Galimos standartin\u0117s spalvos:<br \/>\nAmatinink\u0173 \u0105\u017euolas<br \/>\n\u0160viesusis Sonoma<br \/>\nPort \u010ceri<\/p>","protected":false},"excerpt":{"rendered":"<p>Matmenys:<br \/>\nPlotis: 280 cm<br \/>\n\u016agis: 207 cm<br \/>\nGylis: 53 cm<\/p>","protected":false},"featured_media":333272,"comment_status":"open","ping_status":"closed","template":"","meta":[],"product_brand":[],"product_cat":[9983,9857,2008],"product_tag":[],"class_list":{"0":"post-333165","1":"product","2":"type-product","3":"status-publish","4":"has-post-thumbnail","6":"product_cat-furniture-sets-room-sets-meblast","7":"product_cat-meblast","8":"product_cat-wall-units","10":"first","11":"instock","12":"shipping-taxable","13":"purchasable","14":"product-type-variable","15":"wvs-archive-product-wrapper"},"_links":{"self":[{"href":"https:\/\/baldumarket.lt\/lt\/wp-json\/wp\/v2\/product\/333165","targetHints":{"allow":["GET"]}}],"collection":[{"href":"https:\/\/baldumarket.lt\/lt\/wp-json\/wp\/v2\/product"}],"about":[{"href":"https:\/\/baldumarket.lt\/lt\/wp-json\/wp\/v2\/types\/product"}],"replies":[{"embeddable":true,"href":"https:\/\/baldumarket.lt\/lt\/wp-json\/wp\/v2\/comments?post=333165"}],"wp:featuredmedia":[{"embeddable":true,"href":"https:\/\/baldumarket.lt\/lt\/wp-json\/wp\/v2\/media\/333272"}],"wp:attachment":[{"href":"https:\/\/baldumarket.lt\/lt\/wp-json\/wp\/v2\/media?parent=333165"}],"wp:term":[{"taxonomy":"product_brand","embeddable":true,"href":"https:\/\/baldumarket.lt\/lt\/wp-json\/wp\/v2\/product_brand?post=333165"},{"taxonomy":"product_cat","embeddable":true,"href":"https:\/\/baldumarket.lt\/lt\/wp-json\/wp\/v2\/product_cat?post=333165"},{"taxonomy":"product_tag","embeddable":true,"href":"https:\/\/baldumarket.lt\/lt\/wp-json\/wp\/v2\/product_tag?post=333165"}],"curies":[{"name":"wp","href":"https:\/\/api.w.org\/{rel}","templated":true}]}}