{"id":333149,"date":"2026-03-06T23:51:43","date_gmt":"2026-03-06T20:51:43","guid":{"rendered":"https:\/\/baldumarket.lt\/?post_type=product&#038;p=333149"},"modified":"2026-03-26T11:19:54","modified_gmt":"2026-03-26T08:19:54","slug":"imontuojama-sienine-spintele-su-vieta-televizoriui-240-x-190-cm-tamsus-sonoma-artisan-oak-pluton","status":"publish","type":"product","link":"https:\/\/baldumarket.lt\/lt\/produktas\/imontuojama-sienine-spintele-su-vieta-televizoriui-240-x-190-cm-tamsus-sonoma-artisan-oak-pluton\/","title":{"rendered":"\u012emontuojama sienin\u0117 spintel\u0117 su vieta televizoriui 240 \u00d7 190 cm Sonoma Ciemna \/ D\u0105b Artisan \u2013 PLUTON"},"content":{"rendered":"<p>\u012emontuojama sienin\u0117 spintel\u0117 \u201ePLUTON\u201c, kurios matmenys \u2013 240 x 190 cm, buvo sukurta kaip darni forma, supanti multimedijos erdv\u0119. Spintel\u0117s i\u0161d\u0117stymas leid\u017eia organizuoti erdv\u0119 aplink televizori\u0173 ir kartu suteikti vietos daiktams laikyti u\u017edaruose moduliuose, nebla\u0161kant aki\u0173.<br \/>\nKomplekto konstrukcija paremta dviem \u0161oniniais stulpais su u\u017edaromis lentynomis, kurios \u012fr\u0117mina vis\u0105 bald\u0105. Toks sprendimas skatina tvark\u0105 ir leid\u017eia laikyti \u012fvairius kasdienius daiktus neu\u017eimant per daug vietos ant sienos.<br \/>\nCentrin\u0117 sienin\u0117s spintel\u0117s dalis skirta televizoriui ir multimedijos \u012frangai. Apatinis televizoriaus spintel\u0117 leid\u017eia patogiai i\u0161d\u0117styti \u012frenginius, o vir\u0161utinis praplatinamasis blokas u\u017ebaigia vis\u0105 spintel\u0119, sukurdamas viening\u0105, organizuot\u0105 form\u0105. Praplatinamasis blokas tvirtinamas prie \u0161onini\u0173 spinteli\u0173, tod\u0117l nereikia jo tvirtinti prie sienos.<br \/>\n\u201eDark Sonoma\u201c ir \u201eArtisan Oak\u201c apdailos derinys suteikia baldui subalansuot\u0105, nat\u016bral\u0173 charakter\u012f. Tamsesnis pagrindas vizualiai sutvarko vis\u0105 bald\u0105, o ry\u0161kus \u201eArtisan Oak\u201c medienos ra\u0161tas suteikia \u0161ilt\u0105 akcent\u0105 ir papildo modern\u0173 bei sant\u016br\u0173 interjer\u0105. Kaip ir visas \u201ee-Meblast\u201c si\u016blomas sienines spinteles, \u201ePLUTON\u201c model\u012f galima pritaikyti pagal matmenis, spalvas, element\u0173 i\u0161d\u0117stym\u0105 ir furnit\u016br\u0105, tod\u0117l galite susikurti komplekt\u0105, pritaikyt\u0105 j\u016bs\u0173 individualiems poreikiams ir kambario dyd\u017eiui.<\/p>\n<p>K\u016bnas:<br \/>\nTamsusis Sonoma<br \/>\n\u0160viesiai pilka<\/p>\n<p>Priekin\u0117 dalis:<br \/>\nAmatinink\u0173 \u0105\u017euolas<br \/>\n\u0160viesusis Sonoma<br \/>\nBlizgi balta<br \/>\n\u0160viesiai pilka<\/p>","protected":false},"excerpt":{"rendered":"<p>Matmenys:<br \/>\nPlotis: 240 cm<br \/>\n\u016agis: 190 cm<br \/>\nGylis: 42 cm<\/p>","protected":false},"featured_media":333260,"comment_status":"open","ping_status":"closed","template":"","meta":[],"product_brand":[],"product_cat":[9983,9857,2008],"product_tag":[],"class_list":{"0":"post-333149","1":"product","2":"type-product","3":"status-publish","4":"has-post-thumbnail","6":"product_cat-furniture-sets-room-sets-meblast","7":"product_cat-meblast","8":"product_cat-wall-units","10":"first","11":"instock","12":"shipping-taxable","13":"purchasable","14":"product-type-variable","15":"wvs-archive-product-wrapper"},"_links":{"self":[{"href":"https:\/\/baldumarket.lt\/lt\/wp-json\/wp\/v2\/product\/333149","targetHints":{"allow":["GET"]}}],"collection":[{"href":"https:\/\/baldumarket.lt\/lt\/wp-json\/wp\/v2\/product"}],"about":[{"href":"https:\/\/baldumarket.lt\/lt\/wp-json\/wp\/v2\/types\/product"}],"replies":[{"embeddable":true,"href":"https:\/\/baldumarket.lt\/lt\/wp-json\/wp\/v2\/comments?post=333149"}],"wp:featuredmedia":[{"embeddable":true,"href":"https:\/\/baldumarket.lt\/lt\/wp-json\/wp\/v2\/media\/333260"}],"wp:attachment":[{"href":"https:\/\/baldumarket.lt\/lt\/wp-json\/wp\/v2\/media?parent=333149"}],"wp:term":[{"taxonomy":"product_brand","embeddable":true,"href":"https:\/\/baldumarket.lt\/lt\/wp-json\/wp\/v2\/product_brand?post=333149"},{"taxonomy":"product_cat","embeddable":true,"href":"https:\/\/baldumarket.lt\/lt\/wp-json\/wp\/v2\/product_cat?post=333149"},{"taxonomy":"product_tag","embeddable":true,"href":"https:\/\/baldumarket.lt\/lt\/wp-json\/wp\/v2\/product_tag?post=333149"}],"curies":[{"name":"wp","href":"https:\/\/api.w.org\/{rel}","templated":true}]}}