{"id":333147,"date":"2026-03-06T23:51:41","date_gmt":"2026-03-06T20:51:41","guid":{"rendered":"https:\/\/baldumarket.lt\/?post_type=product&#038;p=333147"},"modified":"2026-03-26T11:19:54","modified_gmt":"2026-03-26T08:19:54","slug":"imontuojama-sienine-spintele-su-vieta-televizoriui-240-x-190-cm-sonoma-dark-sonoma-light-pluton","status":"publish","type":"product","link":"https:\/\/baldumarket.lt\/lt\/produktas\/imontuojama-sienine-spintele-su-vieta-televizoriui-240-x-190-cm-sonoma-dark-sonoma-light-pluton\/","title":{"rendered":"\u012emontuojama sienin\u0117 spintel\u0117 su vieta televizoriui 240 \u00d7 190 cm Sonoma Ciemna \/ Sonoma Jasna \u2013 PLUTON"},"content":{"rendered":"<p>240 x 190 cm dyd\u017eio PLUTON variantas \u2013 tai \u012fmontuojama sienin\u0117 spintel\u0117, skirta televizoriaus erdvei. \u0160io komplekto i\u0161d\u0117stymas leid\u017eia kompakti\u0161kai sutvarkyti gyvenam\u0105j\u0105 erdv\u0119, derinant daikt\u0173 laikymo viet\u0105 su ai\u0161kiai paskirta vieta multimedijos \u012frangai.<br \/>\nSpintel\u0117s \u0161onuose yra dvi kolonos su u\u017edaromis lentynomis, kuriose galima laikyti \u012fvairius daiktus. J\u0173 vertikalus dizainas leid\u017eia palaikyti tvark\u0105, vizualiai neu\u017egriozdinant erdv\u0117s, o tai svarbu patalpose su ribotu sien\u0173 plo\u010diu.<br \/>\nCentrin\u0117 komplekto dalis skirta televizoriui ir elektronikai. Apatinis blokas leid\u017eia patogiai i\u0161d\u0117styti \u012frenginius ir priedus, o vir\u0161utinis prapl\u0117timo blokas u\u017ebaigia vis\u0105 blok\u0105, sukurdamas vientis\u0105 r\u0117m\u0105 aplink multimedijos zon\u0105. Prapl\u0117timo blokas tvirtinamas prie \u0161onini\u0173 blok\u0173, tod\u0117l nereikia jo tvirtinti prie sienos.<br \/>\n\u201eDark Sonoma\u201c ir \u201elight Sonoma\u201c dekoro element\u0173 derinys suteikia sieninei spintelei subalansuot\u0105, neutral\u0173 charakter\u012f. \u0160viesesn\u0117 spalva pary\u0161kina baldo form\u0105, o tamsesnis dekoras stabilizuoja bendr\u0105 vizualin\u012f patrauklum\u0105, tod\u0117l komplektas puikiai tinka klasikiniam ir raminan\u010diam interjerui.<\/p>\n<p>Kaip ir visus \u201ee-Meblast\u201c si\u016blomus sieninius blokus, \u201ePLUTON\u201c model\u012f galima pritaikyti pagal matmenis, spalvas, element\u0173 i\u0161d\u0117stym\u0105 ir furnit\u016br\u0105, tod\u0117l galite susikurti komplekt\u0105, pritaikyt\u0105 j\u016bs\u0173 individualiems poreikiams ir kambario dyd\u017eiui.<\/p>\n<p>K\u016bnas:<br \/>\nTamsusis Sonoma<br \/>\n\u0160viesiai pilka<\/p>\n<p>Priekin\u0117 dalis:<br \/>\nAmatinink\u0173 \u0105\u017euolas<br \/>\n\u0160viesusis Sonoma<br \/>\nBlizgi balta<br \/>\n\u0160viesiai pilka<\/p>","protected":false},"excerpt":{"rendered":"<p>Matmenys:<br \/>\nPlotis: 240 cm<br \/>\n\u016agis: 190 cm<br \/>\nGylis: 42 cm<\/p>","protected":false},"featured_media":333254,"comment_status":"open","ping_status":"closed","template":"","meta":[],"product_brand":[],"product_cat":[9983,9857,2008],"product_tag":[],"class_list":{"0":"post-333147","1":"product","2":"type-product","3":"status-publish","4":"has-post-thumbnail","6":"product_cat-furniture-sets-room-sets-meblast","7":"product_cat-meblast","8":"product_cat-wall-units","10":"first","11":"instock","12":"shipping-taxable","13":"purchasable","14":"product-type-variable","15":"wvs-archive-product-wrapper"},"_links":{"self":[{"href":"https:\/\/baldumarket.lt\/lt\/wp-json\/wp\/v2\/product\/333147","targetHints":{"allow":["GET"]}}],"collection":[{"href":"https:\/\/baldumarket.lt\/lt\/wp-json\/wp\/v2\/product"}],"about":[{"href":"https:\/\/baldumarket.lt\/lt\/wp-json\/wp\/v2\/types\/product"}],"replies":[{"embeddable":true,"href":"https:\/\/baldumarket.lt\/lt\/wp-json\/wp\/v2\/comments?post=333147"}],"wp:featuredmedia":[{"embeddable":true,"href":"https:\/\/baldumarket.lt\/lt\/wp-json\/wp\/v2\/media\/333254"}],"wp:attachment":[{"href":"https:\/\/baldumarket.lt\/lt\/wp-json\/wp\/v2\/media?parent=333147"}],"wp:term":[{"taxonomy":"product_brand","embeddable":true,"href":"https:\/\/baldumarket.lt\/lt\/wp-json\/wp\/v2\/product_brand?post=333147"},{"taxonomy":"product_cat","embeddable":true,"href":"https:\/\/baldumarket.lt\/lt\/wp-json\/wp\/v2\/product_cat?post=333147"},{"taxonomy":"product_tag","embeddable":true,"href":"https:\/\/baldumarket.lt\/lt\/wp-json\/wp\/v2\/product_tag?post=333147"}],"curies":[{"name":"wp","href":"https:\/\/api.w.org\/{rel}","templated":true}]}}