{"id":333145,"date":"2026-03-06T23:51:39","date_gmt":"2026-03-06T20:51:39","guid":{"rendered":"https:\/\/baldumarket.lt\/?post_type=product&#038;p=333145"},"modified":"2026-03-26T11:19:54","modified_gmt":"2026-03-26T08:19:54","slug":"imontuojama-sienine-spintele-su-vieta-televizoriui-240-x-190-cm-sonoma-dark-glossy-white-pluton","status":"publish","type":"product","link":"https:\/\/baldumarket.lt\/lt\/produktas\/imontuojama-sienine-spintele-su-vieta-televizoriui-240-x-190-cm-sonoma-dark-glossy-white-pluton\/","title":{"rendered":"\u012emontuojama sienin\u0117 spintel\u0117 su vieta televizoriui 240 \u00d7 190 cm Sonoma Ciemna \/ Bia\u0142y Po\u0142ysk \u2013 PLUTON"},"content":{"rendered":"<p>240 x 190 cm dyd\u017eio \u012fmontuojama PLUTON sienin\u0117 spintel\u0117 buvo sukurta kaip kompakti\u0161kas \u012frenginys, kuris sutvarko televizoriaus zon\u0105 ir daikt\u0173 laikymo viet\u0105. Spintel\u0117s i\u0161d\u0117stymas padeda palaikyti tvark\u0105 svetain\u0117je per daug nei\u0161ple\u010diant sienos erdv\u0117s.<\/p>\n<p>\u0160oniniai stulpai su u\u017edaromis lentynomis yra pagrindiniai daikt\u0173 laikymo \u012frenginiai. J\u0173 vertikalus dizainas leid\u017eia tvarkingai susid\u0117ti \u012fvairius kasdienius daiktus, i\u0161laikant vientis\u0105, u\u017edar\u0105 sienin\u0117s spintel\u0117s charakter\u012f. \u0160is sprendimas puikiai tinka patalpoms, kuriose svarbi vizualin\u0117 tvarka.<\/p>\n<p>Centrin\u0117 televizoriaus dalis skirta televizoriui su vieta multimedijos \u012frangai. Apatinis televizoriaus blokas leid\u017eia patogiai i\u0161d\u0117styti \u012frenginius, o vir\u0161utinis prailginimo blokas u\u017ebaigia blok\u0105, sukurdamas vientis\u0105 r\u0117m\u0105 aplink televizoriaus plot\u0105. Prailginimo blokas tvirtinamas prie \u0161onini\u0173 blok\u0173, tod\u0117l nereikia jo tvirtinti prie sienos.<\/p>\n<p>\u201eDark Sonoma\u201c apdailos ir balto blizgesio derinys suteikia sieninei spintelei modern\u0173, kontrasting\u0105 charakter\u012f. Tamsesnis pagrindas suteikia baldo formai strukt\u016bros, o \u017evilgantys, \u0161vies\u016bs fasadai vizualiai pagyvina komplekt\u0105 ir suteikia lengvumo poj\u016bt\u012f, puikiai dera prie modernaus ir minimalistinio interjero dizaino.<\/p>\n<p>Kaip ir visus \u201ee-Meblast\u201c si\u016blomus sieninius blokus, \u201ePLUTON\u201c model\u012f galima pritaikyti pagal matmenis, spalvas, element\u0173 i\u0161d\u0117stym\u0105 ir furnit\u016br\u0105, tod\u0117l galite susikurti komplekt\u0105, pritaikyt\u0105 j\u016bs\u0173 individualiems poreikiams ir kambario dyd\u017eiui.<\/p>\n<p>K\u016bnas:<br \/>\nTamsusis Sonoma<br \/>\n\u0160viesiai pilka<\/p>\n<p>Priekin\u0117 dalis:<br \/>\nAmatinink\u0173 \u0105\u017euolas<br \/>\n\u0160viesusis Sonoma<br \/>\nBlizgi balta<br \/>\n\u0160viesiai pilka<\/p>","protected":false},"excerpt":{"rendered":"<p>Matmenys:<br \/>\nPlotis: 240 cm<br \/>\n\u016agis: 190 cm<br \/>\nGylis: 42 cm<\/p>","protected":false},"featured_media":333248,"comment_status":"open","ping_status":"closed","template":"","meta":[],"product_brand":[],"product_cat":[9983,9857,2008],"product_tag":[],"class_list":{"0":"post-333145","1":"product","2":"type-product","3":"status-publish","4":"has-post-thumbnail","6":"product_cat-furniture-sets-room-sets-meblast","7":"product_cat-meblast","8":"product_cat-wall-units","10":"first","11":"instock","12":"shipping-taxable","13":"purchasable","14":"product-type-variable","15":"wvs-archive-product-wrapper"},"_links":{"self":[{"href":"https:\/\/baldumarket.lt\/lt\/wp-json\/wp\/v2\/product\/333145","targetHints":{"allow":["GET"]}}],"collection":[{"href":"https:\/\/baldumarket.lt\/lt\/wp-json\/wp\/v2\/product"}],"about":[{"href":"https:\/\/baldumarket.lt\/lt\/wp-json\/wp\/v2\/types\/product"}],"replies":[{"embeddable":true,"href":"https:\/\/baldumarket.lt\/lt\/wp-json\/wp\/v2\/comments?post=333145"}],"wp:featuredmedia":[{"embeddable":true,"href":"https:\/\/baldumarket.lt\/lt\/wp-json\/wp\/v2\/media\/333248"}],"wp:attachment":[{"href":"https:\/\/baldumarket.lt\/lt\/wp-json\/wp\/v2\/media?parent=333145"}],"wp:term":[{"taxonomy":"product_brand","embeddable":true,"href":"https:\/\/baldumarket.lt\/lt\/wp-json\/wp\/v2\/product_brand?post=333145"},{"taxonomy":"product_cat","embeddable":true,"href":"https:\/\/baldumarket.lt\/lt\/wp-json\/wp\/v2\/product_cat?post=333145"},{"taxonomy":"product_tag","embeddable":true,"href":"https:\/\/baldumarket.lt\/lt\/wp-json\/wp\/v2\/product_tag?post=333145"}],"curies":[{"name":"wp","href":"https:\/\/api.w.org\/{rel}","templated":true}]}}