{"id":333124,"date":"2026-03-06T23:51:01","date_gmt":"2026-03-06T20:51:01","guid":{"rendered":"https:\/\/baldumarket.lt\/?post_type=product&#038;p=333124"},"modified":"2026-03-26T11:19:54","modified_gmt":"2026-03-26T08:19:54","slug":"imontuojama-sienine-spintele-su-vieta-televizoriui-240-x-190-cm-sviesiai-pilka-pluton","status":"publish","type":"product","link":"https:\/\/baldumarket.lt\/lt\/produktas\/imontuojama-sienine-spintele-su-vieta-televizoriui-240-x-190-cm-sviesiai-pilka-pluton\/","title":{"rendered":"\u012emontuojama sienin\u0117 spintel\u0117 su vieta televizoriui 240 \u00d7 190 cm, Szary Jasny \u2013 PLUTON"},"content":{"rendered":"<p>240 x 190 cm dyd\u017eio PLUTON sienin\u0117 spintel\u0117 sukurta kaip \u012fmontuojama spintel\u0117, kurios centre yra televizoriaus zona. \u0160i spintel\u0117 leid\u017eia sutvarkyti svetain\u0117s erdv\u0119 \u012f vien\u0105 kompakti\u0161k\u0105 vienet\u0105 be papildom\u0173 bald\u0173.<br \/>\nSpintel\u0119 sudaro du \u0161oniniai stulpai su u\u017edaromis lentynomis, kuriose galima laikyti \u012fvairius buitinius prietaisus. J\u0173 vertikali konstrukcija u\u017etikrina tvark\u0105 ir leid\u017eia logi\u0161kai organizuoti laikomus daiktus, i\u0161laikant ai\u0161ki\u0105 visos sienin\u0117s spintel\u0117s form\u0105.<br \/>\nCentrin\u0117je vietoje numatyta vieta televizoriui ir multimedijos \u012frangai. Apatinis televizoriaus blokas leid\u017eia patogiai naudoti \u012frenginius, o vir\u0161utinis prapl\u0117timo blokas u\u017ebaigia blok\u0105 ir vizualiai sutvarko vis\u0105 blok\u0105. Prapl\u0117timo blokas tvirtinamas prie \u0161onini\u0173 blok\u0173, tod\u0117l jo nereikia tvirtinti prie sienos.<br \/>\nVienoda \u0161viesiai pilka spalva suteikia sieninei spintelei ram\u0173, neutral\u0173 charakter\u012f. \u0160viesiai pilka apdaila vizualiai pagyvina interjer\u0105 ir gerai dera prie moderni\u0173 ir minimalistini\u0173 interjer\u0173, kur svarbus formos paprastumas ir tvarkos poj\u016btis. Kaip ir visas \u201ee-Meblast\u201c si\u016blomas sienines spinteles, PLUTON model\u012f galima pritaikyti pagal matmenis, spalvas, element\u0173 i\u0161d\u0117stym\u0105 ir naudojamus priedus, tod\u0117l galite susikurti komplekt\u0105, pritaikyt\u0105 individualiems poreikiams ir kambario dyd\u017eiui.<\/p>\n<p>K\u016bnas:<br \/>\nTamsusis Sonoma<br \/>\n\u0160viesiai pilka<\/p>\n<p>Priekin\u0117 dalis:<br \/>\nAmatinink\u0173 \u0105\u017euolas<br \/>\n\u0160viesusis Sonoma<br \/>\nBlizgi balta<br \/>\n\u0160viesiai pilka<\/p>","protected":false},"excerpt":{"rendered":"<p>Matmenys:<br \/>\nPlotis: 240 cm<br \/>\n\u016agis: 190 cm<br \/>\nGylis: 42 cm<\/p>","protected":false},"featured_media":333238,"comment_status":"open","ping_status":"closed","template":"","meta":[],"product_brand":[],"product_cat":[9983,9857,2008],"product_tag":[],"class_list":{"0":"post-333124","1":"product","2":"type-product","3":"status-publish","4":"has-post-thumbnail","6":"product_cat-furniture-sets-room-sets-meblast","7":"product_cat-meblast","8":"product_cat-wall-units","10":"first","11":"instock","12":"shipping-taxable","13":"purchasable","14":"product-type-variable","15":"wvs-archive-product-wrapper"},"_links":{"self":[{"href":"https:\/\/baldumarket.lt\/lt\/wp-json\/wp\/v2\/product\/333124","targetHints":{"allow":["GET"]}}],"collection":[{"href":"https:\/\/baldumarket.lt\/lt\/wp-json\/wp\/v2\/product"}],"about":[{"href":"https:\/\/baldumarket.lt\/lt\/wp-json\/wp\/v2\/types\/product"}],"replies":[{"embeddable":true,"href":"https:\/\/baldumarket.lt\/lt\/wp-json\/wp\/v2\/comments?post=333124"}],"wp:featuredmedia":[{"embeddable":true,"href":"https:\/\/baldumarket.lt\/lt\/wp-json\/wp\/v2\/media\/333238"}],"wp:attachment":[{"href":"https:\/\/baldumarket.lt\/lt\/wp-json\/wp\/v2\/media?parent=333124"}],"wp:term":[{"taxonomy":"product_brand","embeddable":true,"href":"https:\/\/baldumarket.lt\/lt\/wp-json\/wp\/v2\/product_brand?post=333124"},{"taxonomy":"product_cat","embeddable":true,"href":"https:\/\/baldumarket.lt\/lt\/wp-json\/wp\/v2\/product_cat?post=333124"},{"taxonomy":"product_tag","embeddable":true,"href":"https:\/\/baldumarket.lt\/lt\/wp-json\/wp\/v2\/product_tag?post=333124"}],"curies":[{"name":"wp","href":"https:\/\/api.w.org\/{rel}","templated":true}]}}