{"id":333120,"date":"2026-03-06T23:50:53","date_gmt":"2026-03-06T20:50:53","guid":{"rendered":"https:\/\/baldumarket.lt\/?post_type=product&#038;p=333120"},"modified":"2026-03-31T09:36:18","modified_gmt":"2026-03-31T06:36:18","slug":"klasikine-sienine-spintele-su-didele-stikline-vitrina-baru-patalynes-spinta-ir-erdvia-spinta-320-x-207-cm-sonoma-light-texas-drabuzine","status":"publish","type":"product","link":"https:\/\/baldumarket.lt\/lt\/produktas\/klasikine-sienine-spintele-su-didele-stikline-vitrina-baru-patalynes-spinta-ir-erdvia-spinta-320-x-207-cm-sonoma-light-texas-drabuzine\/","title":{"rendered":"Klasikin\u0117 sienin\u0117 spintel\u0117 su didele stikline vitrina, baru, patalyn\u0117s spinta ir erdvia spinta 320 \u00d7 207 cm Sonoma Jasna \u2013 TEXAS + Drabu\u017ein\u0117"},"content":{"rendered":"<p>\u201eTEXAS + Wardrobe\u201c sienin\u0117 spintel\u0117 yra klasikin\u0117, sukurta sujungti esteti\u0161k\u0105 vaizd\u0105 su pla\u010diomis daikt\u0173 saugojimo galimyb\u0117mis viename darniame bloke. Didel\u0117 stiklin\u0117 vitrina yra centrinis bloko elementas, leid\u017eiantis eksponuoti stiklo dirbinius, dekoracijas ar kolekcijas, i\u0161laikant \u0161vies\u0173 ir harmoning\u0105 viso bloko charakter\u012f. Baras ir patalyn\u0117s spinta u\u017ebaigia dizain\u0105, pagerindami bloko funkcionalum\u0105 kasdieniam naudojimui.<\/p>\n<p>320 cm plo\u010dio \u201eTEXAS +\u201c spintos modelis puikiai tinka svetain\u0117ms, kuriose b\u016btina didesn\u0117 talpa daiktams susid\u0117ti, kartu i\u0161laikant tvarking\u0105 ir klasikin\u0119 form\u0105. Auk\u0161ta konstrukcija vertikaliai sutvarko sien\u0105, sukurdama ai\u0161ki\u0105 rib\u0105 tarp ekspozicijos ir daikt\u0173 laikymo viet\u0173, nesukurdama masyvaus, pernelyg didelio efekto.<\/p>\n<p>Svarbiausias \u0161io varianto elementas \u2013 erdvi viso dyd\u017eio spinta su pakaba ir lentyna. Tai leid\u017eia sieninei spintelei tarnauti kaip pagrindinei drabu\u017ei\u0173 ir tekstil\u0117s gamini\u0173 saugyklai, suma\u017einant papildom\u0173 spint\u0173 poreik\u012f. Sienin\u0117je spintel\u0117je taip pat yra patalyn\u0117s spinta ma\u017eesniems drabu\u017ei\u0173 spintos daiktams laikyti ir baras, kuris palengvina stiklini\u0173 ir aksesuar\u0173 organizavim\u0105. U\u017erakinami moduliai padeda palaikyti tvark\u0105, kartu i\u0161laikant vientis\u0105, klasikin\u012f viso komplekto charakter\u012f.<br \/>\n\u0160viesi Sonoma spalva suteikia sieninei spintelei \u0161viesi\u0105, ry\u0161ki\u0105 i\u0161vaizd\u0105, tod\u0117l ji puikiai tinka \u0161viesiems interjerams ir ten, kur svarbu vizualiai i\u0161pl\u0117sti erdv\u0119. Nat\u016bralus medienos atspalvis suteikia interjerui ram\u0173, neutral\u0173 atspalv\u012f, lengvai derinamas su kitais baldais.<br \/>\nSienin\u0117 spintel\u0117 pagaminta i\u0161 18 mm laminuotos plok\u0161t\u0117s, u\u017etikrinan\u010dios konstrukcijos stabilum\u0105 ir atsparum\u0105 kasdieniam naudojimui. PVC kra\u0161tai apsaugo spinteles nuo mechanini\u0173 pa\u017eeidim\u0173 ir dr\u0117gm\u0117s, \u012fskaitant ir nuo grind\u0173, o HDF galin\u0117s sienel\u0117s sutvirtina vis\u0105 konstrukcij\u0105. Priekin\u0117s dalys, apdailintos dekoratyvin\u0117mis MDF juostel\u0117mis, sutvarko komplekto proporcijas ir pabr\u0117\u017eia klasikin\u0119 jo form\u0105. \u201eTEXAS + Wardrobe\u201c model\u012f galima pritaikyti pagal matmenis, spalv\u0105, element\u0173 i\u0161d\u0117stym\u0105 ir naudojamus elementus, tod\u0117l galite tiksliai pritaikyti sienin\u0119 spintel\u0119 prie individuali\u0173 poreiki\u0173 ir interjero charakterio.<\/p>\n<p>Galimos standartin\u0117s spalvos:<br \/>\nTamsusis Sonoma<br \/>\n\u0160viesusis Sonoma<br \/>\nPort \u010ceri<\/p>","protected":false},"excerpt":{"rendered":"<p>Matmenys:<br \/>\nPlotis: 320 cm<br \/>\n\u016agis: 207 cm<br \/>\nGylis: 44 cm<\/p>","protected":false},"featured_media":333221,"comment_status":"open","ping_status":"closed","template":"","meta":[],"product_brand":[],"product_cat":[9983,9857,2008],"product_tag":[],"class_list":{"0":"post-333120","1":"product","2":"type-product","3":"status-publish","4":"has-post-thumbnail","6":"product_cat-furniture-sets-room-sets-meblast","7":"product_cat-meblast","8":"product_cat-wall-units","10":"first","11":"instock","12":"shipping-taxable","13":"purchasable","14":"product-type-variable","15":"wvs-archive-product-wrapper"},"_links":{"self":[{"href":"https:\/\/baldumarket.lt\/lt\/wp-json\/wp\/v2\/product\/333120","targetHints":{"allow":["GET"]}}],"collection":[{"href":"https:\/\/baldumarket.lt\/lt\/wp-json\/wp\/v2\/product"}],"about":[{"href":"https:\/\/baldumarket.lt\/lt\/wp-json\/wp\/v2\/types\/product"}],"replies":[{"embeddable":true,"href":"https:\/\/baldumarket.lt\/lt\/wp-json\/wp\/v2\/comments?post=333120"}],"wp:featuredmedia":[{"embeddable":true,"href":"https:\/\/baldumarket.lt\/lt\/wp-json\/wp\/v2\/media\/333221"}],"wp:attachment":[{"href":"https:\/\/baldumarket.lt\/lt\/wp-json\/wp\/v2\/media?parent=333120"}],"wp:term":[{"taxonomy":"product_brand","embeddable":true,"href":"https:\/\/baldumarket.lt\/lt\/wp-json\/wp\/v2\/product_brand?post=333120"},{"taxonomy":"product_cat","embeddable":true,"href":"https:\/\/baldumarket.lt\/lt\/wp-json\/wp\/v2\/product_cat?post=333120"},{"taxonomy":"product_tag","embeddable":true,"href":"https:\/\/baldumarket.lt\/lt\/wp-json\/wp\/v2\/product_tag?post=333120"}],"curies":[{"name":"wp","href":"https:\/\/api.w.org\/{rel}","templated":true}]}}