{"id":333096,"date":"2026-03-06T23:50:07","date_gmt":"2026-03-06T20:50:07","guid":{"rendered":"https:\/\/baldumarket.lt\/?post_type=product&#038;p=333096"},"modified":"2026-03-31T09:36:18","modified_gmt":"2026-03-31T06:36:18","slug":"klasikine-sienine-spintele-su-didele-stikline-vitrina-baru-ir-patalynes-spinta-240-x-207-cm-porto-cherry-texas","status":"publish","type":"product","link":"https:\/\/baldumarket.lt\/lt\/produktas\/klasikine-sienine-spintele-su-didele-stikline-vitrina-baru-ir-patalynes-spinta-240-x-207-cm-porto-cherry-texas\/","title":{"rendered":"Klasikin\u0117 sienin\u0117 spintel\u0117 su didele stikline vitrina, baru ir patalyn\u0117s spinta 240 \u00d7 207 cm Wi\u015bnia Porto \u2013 TEXAS"},"content":{"rendered":"<p>TEXAS sienin\u0117 spintel\u0117 \u2013 tai klasikin\u0117 sienin\u0117 spintel\u0117, sukurta ai\u0161kiai eksponuoti daiktus ir prakti\u0161kai laikyti viename darniame vienete. I\u0161skirtinis komplekto elementas \u2013 didel\u0117 stiklin\u0117 vitrina, kuri sutvarko erdv\u0119 ir leid\u017eia esteti\u0161kai eksponuoti stiklinius indus, dekoracijas ar kolekcijas neperkraunant interjero. Funkcinis baras ir patalyn\u0117s spintel\u0117 u\u017ebaigia dizain\u0105, derindami reprezentatyv\u0173 charakter\u012f su kasdieniu naudingumu.<\/p>\n<p>240 cm plo\u010dio TEXAS modelis puikiai tinka vidutinio dyd\u017eio svetain\u0117ms, kur labai svarbu i\u0161laikyti erdv\u0117s ir dizaino lankstumo pusiausvyr\u0105. Auk\u0161ta konstrukcija vertikaliai sutvarko sien\u0105, sukurdama ai\u0161ki\u0105 rib\u0105 tarp ekspozicijos ir daikt\u0173 laikymo viet\u0173, nesukurdama masyvaus, pernelyg didelio efekto.<\/p>\n<p>Sienin\u0117s spintel\u0117s i\u0161planavime yra patalyn\u0117s spintel\u0117 drabu\u017eiams ir tekstil\u0117s gaminiams laikyti, taip pat patalyn\u0117s spintel\u0117, kurioje lengviau susid\u0117ti stiklinius indus ir smulkius aksesuarus. U\u017erakinami moduliai leid\u017eia palaikyti tvark\u0105, i\u0161laikant darn\u0173, klasikin\u012f viso komplekto charakter\u012f. \u201ePorto Cherry\u201c spalva pabr\u0117\u017eia tradicin\u012f sienin\u0117s spintel\u0117s stili\u0173 ir suteikia jai eleganti\u0161k\u0105, i\u0161rai\u0161kingesn\u0119 i\u0161vaizd\u0105. \u0160iltas tonas dera su \u0161viesiomis sienomis ir interjerais, dekoruotais klasikiniu ar nesenstan\u010diu stiliumi, kur svarbiausia yra darna ir harmonija.<br \/>\nSienin\u0117 spintel\u0117 pagaminta i\u0161 18 mm storio laminuotos plok\u0161t\u0117s, u\u017etikrinan\u010dios konstrukcijos stabilum\u0105 ir atsparum\u0105 kasdieniam naudojimui. PVC kra\u0161tai apsaugo elementus nuo mechanini\u0173 pa\u017eeidim\u0173 ir dr\u0117gm\u0117s, \u012fskaitant ir nuo grind\u0173, o HDF galin\u0117s plok\u0161t\u0117s sutvirtina vis\u0105 konstrukcij\u0105. Dekoratyvin\u0117mis MDF juostel\u0117mis apdailinti fasadai pabr\u0117\u017eia klasikines komplekto proporcijas ir suteikia jam vientis\u0105 vaizd\u0105.<\/p>\n<p>TEXAS model\u012f galima pritaikyti pagal matmenis, spalv\u0105, element\u0173 i\u0161d\u0117stym\u0105 ir furnit\u016br\u0105, tod\u0117l galite pritaikyti sienin\u0119 spintel\u0119 pagal savo individualius poreikius ir konkret\u0173 interjer\u0105.<\/p>\n<p>Galimos standartin\u0117s spalvos:<br \/>\nTamsusis Sonoma<br \/>\n\u0160viesusis Sonoma<br \/>\nPort \u010ceri<\/p>","protected":false},"excerpt":{"rendered":"<p>Matmenys:<br \/>\nPlotis: 240 cm<br \/>\n\u016agis: 207 cm<br \/>\nGylis: 44 cm<\/p>","protected":false},"featured_media":333209,"comment_status":"open","ping_status":"closed","template":"","meta":[],"product_brand":[],"product_cat":[9983,9857,2008],"product_tag":[],"class_list":{"0":"post-333096","1":"product","2":"type-product","3":"status-publish","4":"has-post-thumbnail","6":"product_cat-furniture-sets-room-sets-meblast","7":"product_cat-meblast","8":"product_cat-wall-units","10":"first","11":"instock","12":"shipping-taxable","13":"purchasable","14":"product-type-variable","15":"wvs-archive-product-wrapper"},"_links":{"self":[{"href":"https:\/\/baldumarket.lt\/lt\/wp-json\/wp\/v2\/product\/333096","targetHints":{"allow":["GET"]}}],"collection":[{"href":"https:\/\/baldumarket.lt\/lt\/wp-json\/wp\/v2\/product"}],"about":[{"href":"https:\/\/baldumarket.lt\/lt\/wp-json\/wp\/v2\/types\/product"}],"replies":[{"embeddable":true,"href":"https:\/\/baldumarket.lt\/lt\/wp-json\/wp\/v2\/comments?post=333096"}],"wp:featuredmedia":[{"embeddable":true,"href":"https:\/\/baldumarket.lt\/lt\/wp-json\/wp\/v2\/media\/333209"}],"wp:attachment":[{"href":"https:\/\/baldumarket.lt\/lt\/wp-json\/wp\/v2\/media?parent=333096"}],"wp:term":[{"taxonomy":"product_brand","embeddable":true,"href":"https:\/\/baldumarket.lt\/lt\/wp-json\/wp\/v2\/product_brand?post=333096"},{"taxonomy":"product_cat","embeddable":true,"href":"https:\/\/baldumarket.lt\/lt\/wp-json\/wp\/v2\/product_cat?post=333096"},{"taxonomy":"product_tag","embeddable":true,"href":"https:\/\/baldumarket.lt\/lt\/wp-json\/wp\/v2\/product_tag?post=333096"}],"curies":[{"name":"wp","href":"https:\/\/api.w.org\/{rel}","templated":true}]}}