{"id":333071,"date":"2026-03-06T23:49:24","date_gmt":"2026-03-06T20:49:24","guid":{"rendered":"https:\/\/baldumarket.lt\/?post_type=product&#038;p=333071"},"modified":"2026-03-31T09:35:54","modified_gmt":"2026-03-31T06:35:54","slug":"klasikine-sienine-spintele-su-didele-stikline-vitrina-baru-ir-patalynes-spinta-240-x-207-cm-sonoma-dark-texas","status":"publish","type":"product","link":"https:\/\/baldumarket.lt\/lt\/produktas\/klasikine-sienine-spintele-su-didele-stikline-vitrina-baru-ir-patalynes-spinta-240-x-207-cm-sonoma-dark-texas\/","title":{"rendered":"Klasikin\u0117 sienin\u0117 spintel\u0117 su didele stikline vitrina, baru ir patalyn\u0117s spinta 240 \u00d7 207 cm Sonoma Ciemna \u2013 TEXAS"},"content":{"rendered":"<p>\u201eTEXAS\u201c sienin\u0117 spintel\u0117 \u2013 tai klasikin\u0117 sienin\u0117 spintel\u0117, sukurta sujungti i\u0161rai\u0161king\u0105 ekspozicij\u0105 ir prakti\u0161k\u0105 daikt\u0173 laikym\u0105 viename tvarkingame bloke. Didel\u0117 stiklin\u0117 vitrina yra spintel\u0117s centras, leid\u017eianti esteti\u0161kai eksponuoti stiklinius indus, dekoracijas ar kolekcijas, i\u0161laikant darn\u0173 charakter\u012f. Funkcinis baras ir patalyn\u0117s spinta papildo spintel\u0119, padidindami jos naudingum\u0105.<\/p>\n<p>D\u0117l 240 cm plo\u010dio \u201eTEXAS\u201c modelis puikiai tinka vidutinio dyd\u017eio svetain\u0117ms, kur labai svarbi talpos ir naudingos erdv\u0117s pusiausvyra. Auk\u0161ta konstrukcija vertikaliai sutvarko sien\u0105, sukurdama ai\u0161ki\u0105 rib\u0105 tarp ekspozicijos ir daikt\u0173 laikymo viet\u0173, nesudarydama sunkaus, pernelyg didelio spintel\u0117s \u012fsp\u016bd\u017eio.<\/p>\n<p>Sienin\u0117s spintel\u0117s i\u0161planavime yra skalbini\u0173 spinta drabu\u017eiams ir tekstil\u0117s gaminiams laikyti, taip pat skalbini\u0173 spinta stiklin\u0117ms ir aksesuarams susitvarkyti. Rakinami moduliai u\u017etikrina tvark\u0105, i\u0161laikant klasikin\u0119 ir organizuot\u0105 viso spintel\u0117s i\u0161vaizd\u0105.<\/p>\n<p>Tamsi Sonoma spalva suteikia butui ry\u0161kesn\u012f ir sant\u016bresn\u012f charakter\u012f. Sodresnis medienos atspalvis suteikia interjerui vizualinio stabilumo ir papildo \u0161viesias sienas, sukurdamas ry\u0161k\u0173 kontrast\u0105, taip pat klasikini\u0173 ir neutrali\u0173 spalv\u0173 interjerus.<br \/>\nSienin\u0117 spintel\u0117 pagaminta i\u0161 18 mm storio laminuotos plok\u0161t\u0117s, u\u017etikrinan\u010dios konstrukcijos stabilum\u0105 ir atsparum\u0105 kasdieniam naudojimui. PVC kra\u0161tai apsaugo elementus nuo mechanini\u0173 pa\u017eeidim\u0173 ir dr\u0117gm\u0117s, net ir nuo grind\u0173, o HDF galin\u0117s sienel\u0117s sutvirtina vis\u0105 konstrukcij\u0105. Dekoratyvin\u0117mis MDF juostel\u0117mis apdailinti fasadai sutvarko komplekto proporcijas ir pabr\u0117\u017eia klasikin\u0119 jo form\u0105.<br \/>\nTEXAS model\u012f galima pritaikyti pagal matmenis, spalv\u0105, element\u0173 i\u0161d\u0117stym\u0105 ir furnit\u016br\u0105, tod\u0117l galite pritaikyti sienin\u0119 spintel\u0119 pagal savo individualius poreikius ir interjero stili\u0173.<\/p>\n<p>Galimos standartin\u0117s spalvos:<br \/>\nTamsusis Sonoma<br \/>\n\u0160viesusis Sonoma<br \/>\nPort \u010ceri<\/p>","protected":false},"excerpt":{"rendered":"<p>Matmenys:<br \/>\nPlotis: 240 cm<br \/>\n\u016agis: 207 cm<br \/>\nGylis: 44 cm<\/p>","protected":false},"featured_media":333192,"comment_status":"open","ping_status":"closed","template":"","meta":[],"product_brand":[],"product_cat":[9983,9857,2008],"product_tag":[],"class_list":{"0":"post-333071","1":"product","2":"type-product","3":"status-publish","4":"has-post-thumbnail","6":"product_cat-furniture-sets-room-sets-meblast","7":"product_cat-meblast","8":"product_cat-wall-units","10":"first","11":"instock","12":"shipping-taxable","13":"purchasable","14":"product-type-variable","15":"wvs-archive-product-wrapper"},"_links":{"self":[{"href":"https:\/\/baldumarket.lt\/lt\/wp-json\/wp\/v2\/product\/333071","targetHints":{"allow":["GET"]}}],"collection":[{"href":"https:\/\/baldumarket.lt\/lt\/wp-json\/wp\/v2\/product"}],"about":[{"href":"https:\/\/baldumarket.lt\/lt\/wp-json\/wp\/v2\/types\/product"}],"replies":[{"embeddable":true,"href":"https:\/\/baldumarket.lt\/lt\/wp-json\/wp\/v2\/comments?post=333071"}],"wp:featuredmedia":[{"embeddable":true,"href":"https:\/\/baldumarket.lt\/lt\/wp-json\/wp\/v2\/media\/333192"}],"wp:attachment":[{"href":"https:\/\/baldumarket.lt\/lt\/wp-json\/wp\/v2\/media?parent=333071"}],"wp:term":[{"taxonomy":"product_brand","embeddable":true,"href":"https:\/\/baldumarket.lt\/lt\/wp-json\/wp\/v2\/product_brand?post=333071"},{"taxonomy":"product_cat","embeddable":true,"href":"https:\/\/baldumarket.lt\/lt\/wp-json\/wp\/v2\/product_cat?post=333071"},{"taxonomy":"product_tag","embeddable":true,"href":"https:\/\/baldumarket.lt\/lt\/wp-json\/wp\/v2\/product_tag?post=333071"}],"curies":[{"name":"wp","href":"https:\/\/api.w.org\/{rel}","templated":true}]}}