{"id":333044,"date":"2026-03-06T23:48:41","date_gmt":"2026-03-06T20:48:41","guid":{"rendered":"https:\/\/baldumarket.lt\/?post_type=product&#038;p=333044"},"modified":"2026-03-31T09:35:54","modified_gmt":"2026-03-31T06:35:54","slug":"klasikine-sienine-spintele-su-didele-stikline-vitrina-baru-patalynes-spintele-ir-televizoriaus-staliuku-240-x-207-cm-sonoma-dark-texas-rtv","status":"publish","type":"product","link":"https:\/\/baldumarket.lt\/lt\/produktas\/klasikine-sienine-spintele-su-didele-stikline-vitrina-baru-patalynes-spintele-ir-televizoriaus-staliuku-240-x-207-cm-sonoma-dark-texas-rtv\/","title":{"rendered":"Klasikin\u0117 sienin\u0117 spintel\u0117 su didele stikline vitrina, baru, patalyn\u0117s spintele ir televizoriaus staliuk\u0173 240 \u00d7 207 cm Sonoma Ciemna \u2013 TEXAS + RTV"},"content":{"rendered":"<p>\u201eTEXAS + RTV\u201c sienin\u0117 spintel\u0117 yra klasikin\u0117, skirta sujungti ekspozicijos, daikt\u0173 laikymo ir multimedijos zonas viename darniame bloke. Didel\u0117 stiklin\u0117 vitrina yra centrinis bloko elementas ir leid\u017eia esteti\u0161kai eksponuoti stiklo dirbinius, dekoracijas ar kolekcijas, i\u0161laikant tvarking\u0105 ir reprezentatyv\u0173 bendr\u0105 konstrukcijos charakter\u012f. Sistem\u0105 u\u017ebaigia baras ir patalyn\u0117s spintel\u0117, pagerinan\u010dios spintel\u0117s funkcionalum\u0105 kasdieniam naudojimui.<\/p>\n<p>240 cm plo\u010dio \u201eTEXAS + RTV\u201c modelis puikiai tinka vidutinio dyd\u017eio svetain\u0117ms, kur labai svarbi talpos ir naudingos erdv\u0117s pusiausvyra. Auk\u0161ta konstrukcija vertikaliai sutvarko sien\u0105, ai\u0161kiai atskirdama ekspozicij\u0173, daikt\u0173 laikymo ir multimedijos zonas, nesukurdama sunkaus, pernelyg didelio efekto.<\/p>\n<p>Sienin\u0117je spintel\u0117je yra patalyn\u0117s spintel\u0117 drabu\u017eiams ir tekstil\u0117s gaminiams laikyti, baras stiklin\u0117ms ir aksesuarams susid\u0117ti bei RTV spintel\u0117 patogiam televizoriaus ir multimedijos \u012frangos i\u0161d\u0117stymui. Televizoriaus zona integruota \u012f spintel\u0117s dizain\u0105 taip, kad atitikt\u0173 klasikin\u012f komplekto charakter\u012f, i\u0161laikant funkcionalumo ir estetikos pusiausvyr\u0105.<br \/>\nTamsi Sonoma spalva suteikia butui ry\u0161kesn\u012f, sant\u016bresn\u012f charakter\u012f. Sodresnis medienos atspalvis suteikia interjerui vizualinio stabilumo ir papildo \u0161viesias sienas, sukurdamas ry\u0161k\u0173 kontrast\u0105, taip pat ir klasikini\u0173, neutrali\u0173 spalv\u0173 interjerus.<br \/>\n\u012erenginys pagamintas i\u0161 18 mm storio laminuotos plok\u0161t\u0117s, u\u017etikrinan\u010dios konstrukcijos stabilum\u0105 ir atsparum\u0105 kasdieniam naudojimui. PVC kra\u0161tai apsaugo komponentus nuo mechanini\u0173 pa\u017eeidim\u0173 ir dr\u0117gm\u0117s, \u012fskaitant ir nuo grind\u0173, o HDF galin\u0117s plok\u0161t\u0117s sutvirtina vis\u0105 \u012frengin\u012f. Dekoratyvin\u0117mis MDF juostel\u0117mis apdailinti fasadai sutvarko \u012frenginio proporcijas ir pabr\u0117\u017eia klasikin\u0119 jo form\u0105.<br \/>\n\u201eTEXAS +\u201c televizoriaus model\u012f galima pritaikyti pagal matmenis, spalv\u0105, element\u0173 i\u0161d\u0117stym\u0105 ir technin\u0119 \u012frang\u0105, tod\u0117l \u012frengin\u012f galite tiksliai pritaikyti prie savo interjero charakterio ir individuali\u0173 poreiki\u0173.<\/p>\n<p>Galimos standartin\u0117s spalvos:<br \/>\nTamsusis Sonoma<br \/>\n\u0160viesusis Sonoma<br \/>\nPort \u010ceri<\/p>","protected":false},"excerpt":{"rendered":"<p>Matmenys:<br \/>\nPlotis: 320 cm<br \/>\n\u016agis: 207 cm<br \/>\nGylis: 44 cm<\/p>","protected":false},"featured_media":333169,"comment_status":"open","ping_status":"closed","template":"","meta":[],"product_brand":[],"product_cat":[9983,9857,2008],"product_tag":[],"class_list":{"0":"post-333044","1":"product","2":"type-product","3":"status-publish","4":"has-post-thumbnail","6":"product_cat-furniture-sets-room-sets-meblast","7":"product_cat-meblast","8":"product_cat-wall-units","10":"first","11":"instock","12":"shipping-taxable","13":"purchasable","14":"product-type-variable","15":"wvs-archive-product-wrapper"},"_links":{"self":[{"href":"https:\/\/baldumarket.lt\/lt\/wp-json\/wp\/v2\/product\/333044","targetHints":{"allow":["GET"]}}],"collection":[{"href":"https:\/\/baldumarket.lt\/lt\/wp-json\/wp\/v2\/product"}],"about":[{"href":"https:\/\/baldumarket.lt\/lt\/wp-json\/wp\/v2\/types\/product"}],"replies":[{"embeddable":true,"href":"https:\/\/baldumarket.lt\/lt\/wp-json\/wp\/v2\/comments?post=333044"}],"wp:featuredmedia":[{"embeddable":true,"href":"https:\/\/baldumarket.lt\/lt\/wp-json\/wp\/v2\/media\/333169"}],"wp:attachment":[{"href":"https:\/\/baldumarket.lt\/lt\/wp-json\/wp\/v2\/media?parent=333044"}],"wp:term":[{"taxonomy":"product_brand","embeddable":true,"href":"https:\/\/baldumarket.lt\/lt\/wp-json\/wp\/v2\/product_brand?post=333044"},{"taxonomy":"product_cat","embeddable":true,"href":"https:\/\/baldumarket.lt\/lt\/wp-json\/wp\/v2\/product_cat?post=333044"},{"taxonomy":"product_tag","embeddable":true,"href":"https:\/\/baldumarket.lt\/lt\/wp-json\/wp\/v2\/product_tag?post=333044"}],"curies":[{"name":"wp","href":"https:\/\/api.w.org\/{rel}","templated":true}]}}