{"id":333042,"date":"2026-03-06T23:48:37","date_gmt":"2026-03-06T20:48:37","guid":{"rendered":"https:\/\/baldumarket.lt\/?post_type=product&#038;p=333042"},"modified":"2026-03-24T13:42:31","modified_gmt":"2026-03-24T10:42:31","slug":"elegantiska-sienine-spintele-su-spintomis-ir-televizoriaus-lentyna-380x240-cm-porto-cherry-dako","status":"publish","type":"product","link":"https:\/\/baldumarket.lt\/lt\/produktas\/elegantiska-sienine-spintele-su-spintomis-ir-televizoriaus-lentyna-380x240-cm-porto-cherry-dako\/","title":{"rendered":"Eleganti\u0161ka sienin\u0117 spintel\u0117 su spintomis ir televizoriaus lentyna 380\u00d7240 cm Wi\u015bnia Porto \u2013 DAKO"},"content":{"rendered":"<p>DAKO sienin\u0117 spintel\u0117 \u201ePorto Cherry\u201c spalvos, kurios matmenys 380 x 240 cm, yra eleganti\u0161ka ir funkcionali svetain\u0117s spintel\u0117, kurioje dera klasikin\u0117 estetika ir daug vietos daiktams susid\u0117ti. \u0160iltas, intensyvus vy\u0161ni\u0173 atspalvis suteikia spintelei jaukumo ir u\u017etikrina, kad net ir didel\u0117 spintel\u0117 subalansuot\u0173 interjer\u0105, o ne dominuot\u0173.<br \/>\nCentrin\u0117je sienin\u0117s spintel\u0117s dalyje \u012frengta televizoriaus lentyna ir vieta televizoriui, skirta palengvinti kasdien\u012f multimedijos \u012frangos naudojim\u0105. Apatin\u0117se dalyse su spintel\u0117mis ir erdviais stal\u010diais esteti\u0161kai susid\u0117ti \u012frang\u0105, nuotolinio valdymo pultelius ir priedus, taip padedant palaikyti tvark\u0105 gyvenamojoje erdv\u0117je.<br \/>\n\u0160onuose yra didel\u0117s, reguliuojamo auk\u0161\u010dio spintos su pakabomis ir lentynomis, kuriose galima prakti\u0161kai laikyti drabu\u017eius, tekstil\u0119 ar sezoninius daiktus. Tai leid\u017eia DAKO sieninei spintelei atlikti ir universalesnio spintel\u0117s funkcij\u0105 \u2013 ne tik televizoriams, bet ir kaip spintai. Iki lub\u0173 siekiantys prailginimai sukuria papildomus u\u017edarus segmentus ir lentynas, kurias galima naudoti tiek praktiniais, tiek dekoratyviniais tikslais. Stiklas suteikia spintelei lengvumo poj\u016bt\u012f, leid\u017eiant\u012f esteti\u0161kai pateikti smulkius daiktus ar dekoracijas.<\/p>\n<p>\u201ePorto Cherry\u201c spalva i\u0161siskiria nat\u016braliu spalv\u0173 gyliu, kuris dera prie klasikinio, jaukaus interjero dizaino. \u201eDAKO Porto Cherry\u201c sienin\u0117 spintel\u0117 idealiai tinka ie\u0161kantiems erdvaus, eleganti\u0161ko dizaino ir funkcionalaus i\u0161planavimo spintel\u0117s.<\/p>\n<p>Galimos standartin\u0117s spalvos:<br \/>\nPorto vy\u0161nia (MDF juostel\u0117)<br \/>\nLefkos \u0105\u017euolas (MDF juostel\u0117s)<br \/>\nBalta\/juoda<br \/>\nLefkas \u0105\u017euolas \/ grafito pilka<br \/>\nBalta<br \/>\n\u0160viesus Sonoma (MDF juostel\u0117)<br \/>\nAndersono pu\u0161is<br \/>\nArtisan \u0105\u017euolas (MDF juostel\u0117s)<br \/>\nJuodas\/Didysis \u0105\u017euolas<br \/>\nEukaliptas<br \/>\nKa\u0161myro sm\u0117lio spalvos<br \/>\n\u0160viesiai pilka \/ Halifakso \u0105\u017euolas<\/p>","protected":false},"excerpt":{"rendered":"<p>Matmenys:<br \/>\nPlotis: 380 cm<br \/>\nAuk\u0161tis: 240 cm<br \/>\nGylis: 55 cm<\/p>","protected":false},"featured_media":333157,"comment_status":"open","ping_status":"closed","template":"","meta":[],"product_brand":[],"product_cat":[9983,9857,2008],"product_tag":[],"class_list":{"0":"post-333042","1":"product","2":"type-product","3":"status-publish","4":"has-post-thumbnail","6":"product_cat-furniture-sets-room-sets-meblast","7":"product_cat-meblast","8":"product_cat-wall-units","10":"first","11":"instock","12":"shipping-taxable","13":"purchasable","14":"product-type-variable","15":"wvs-archive-product-wrapper"},"_links":{"self":[{"href":"https:\/\/baldumarket.lt\/lt\/wp-json\/wp\/v2\/product\/333042","targetHints":{"allow":["GET"]}}],"collection":[{"href":"https:\/\/baldumarket.lt\/lt\/wp-json\/wp\/v2\/product"}],"about":[{"href":"https:\/\/baldumarket.lt\/lt\/wp-json\/wp\/v2\/types\/product"}],"replies":[{"embeddable":true,"href":"https:\/\/baldumarket.lt\/lt\/wp-json\/wp\/v2\/comments?post=333042"}],"wp:featuredmedia":[{"embeddable":true,"href":"https:\/\/baldumarket.lt\/lt\/wp-json\/wp\/v2\/media\/333157"}],"wp:attachment":[{"href":"https:\/\/baldumarket.lt\/lt\/wp-json\/wp\/v2\/media?parent=333042"}],"wp:term":[{"taxonomy":"product_brand","embeddable":true,"href":"https:\/\/baldumarket.lt\/lt\/wp-json\/wp\/v2\/product_brand?post=333042"},{"taxonomy":"product_cat","embeddable":true,"href":"https:\/\/baldumarket.lt\/lt\/wp-json\/wp\/v2\/product_cat?post=333042"},{"taxonomy":"product_tag","embeddable":true,"href":"https:\/\/baldumarket.lt\/lt\/wp-json\/wp\/v2\/product_tag?post=333042"}],"curies":[{"name":"wp","href":"https:\/\/api.w.org\/{rel}","templated":true}]}}