{"id":333040,"date":"2026-03-06T23:48:33","date_gmt":"2026-03-06T20:48:33","guid":{"rendered":"https:\/\/baldumarket.lt\/?post_type=product&#038;p=333040"},"modified":"2026-03-24T13:42:31","modified_gmt":"2026-03-24T10:42:31","slug":"elegantiska-sienine-spintele-su-spintomis-ir-televizoriaus-lentyna-380-x-240-cm-lefkas-azuolas-dako","status":"publish","type":"product","link":"https:\/\/baldumarket.lt\/lt\/produktas\/elegantiska-sienine-spintele-su-spintomis-ir-televizoriaus-lentyna-380-x-240-cm-lefkas-azuolas-dako\/","title":{"rendered":"Eleganti\u0161ka sienin\u0117 spintel\u0117 su spintomis ir televizoriaus lentyna, 380 \u00d7 240 cm, D\u0105b Lefkas \u2013 DAKO"},"content":{"rendered":"<p>DAKO sienin\u0117 spintel\u0117 i\u0161 \u201eLefkas Oak\u201c medienos, kurios matmenys 380 x 240 cm, yra eleganti\u0161ka ir funkcionali svetain\u0117s spintel\u0117, kurioje dera klasikin\u0117 med\u017eio i\u0161vaizda ir modernus i\u0161d\u0117stymas. I\u0161skirtin\u0117 \u0105\u017euolo dekoro tekst\u016bra suteikia spintelei tvirt\u0105, nesenstant\u012f charakter\u012f ir puikiai tinka tiek tradiciniam, tiek modernesniam interjerui.<\/p>\n<p>Centrin\u0117je sienin\u0117s spintel\u0117s dalyje yra televizoriaus zona su lentyna televizoriui ir multimedijos \u012frangai, skirta kasdieniam naudojimui. Apatin\u0117s spintel\u0117s ir stal\u010diai suteikia prakti\u0161k\u0105 viet\u0105 televizoriaus priedams, dokumentams ir smulkiems daiktams, padeda palaikyti tvark\u0105 svetain\u0117je.<\/p>\n<p>Multimedijos zonos priekyje yra dvi labai erdvios spintos su pakab\u0173 b\u0117geliais ir lentynomis. Tai leid\u017eia DAKO sieninei spintelei suteikti daug vietos daiktams susid\u0117ti ir j\u0105 galima naudoti kaip \u012fmontuojam\u0105 spint\u0105, ypa\u010d ribotos erdv\u0117s butuose. Vir\u0161utin\u0117 komplekto dalis buvo i\u0161pl\u0117sta iki lub\u0173 siekian\u010diais prailginimais, kurie sujungia u\u017edarus segmentus su atviromis lentynomis ir stiklin\u0117mis vitrinomis. \u0160is sprendimas leid\u017eia laikyti kasdienius daiktus ir esteti\u0161kai eksponuoti dekoracijas, knygas ir suvenyrus.<\/p>\n<p>\u201eLefkas Oak\u201c spalva suteikia interjerui \u0161ilumos ir nat\u016bralumo, pabr\u0117\u017edama tvirt\u0105 sienin\u0117s spintel\u0117s form\u0105. \u201eDAKO Lefkas Oak\u201c sienin\u0117 spintel\u0117 yra puikus pasirinkimas ie\u0161kantiems eleganti\u0161ko, erdvaus ir universalaus svetain\u0117s sprendimo, sukurto ilgalaikiam naudojimui.<\/p>\n<p>Galimos standartin\u0117s spalvos:<br \/>\nPorto vy\u0161nia (MDF juostel\u0117)<br \/>\nLefkos \u0105\u017euolas (MDF juostel\u0117s)<br \/>\nBalta\/juoda<br \/>\nLefkas \u0105\u017euolas \/ grafito pilka<br \/>\nBalta<br \/>\n\u0160viesus Sonoma (MDF juostel\u0117)<br \/>\nAndersono pu\u0161is<br \/>\nArtisan \u0105\u017euolas (MDF juostel\u0117s)<br \/>\nJuodas\/Didysis \u0105\u017euolas<br \/>\nEukaliptas<br \/>\nKa\u0161myro sm\u0117lio spalvos<br \/>\n\u0160viesiai pilka \/ Halifakso \u0105\u017euolas<\/p>","protected":false},"excerpt":{"rendered":"<p>Matmenys:<br \/>\nPlotis: 380 cm<br \/>\nAuk\u0161tis: 240 cm<br \/>\nGylis: 55 cm<\/p>","protected":false},"featured_media":333150,"comment_status":"open","ping_status":"closed","template":"","meta":[],"product_brand":[],"product_cat":[9983,9857,2008],"product_tag":[],"class_list":{"0":"post-333040","1":"product","2":"type-product","3":"status-publish","4":"has-post-thumbnail","6":"product_cat-furniture-sets-room-sets-meblast","7":"product_cat-meblast","8":"product_cat-wall-units","10":"first","11":"instock","12":"shipping-taxable","13":"purchasable","14":"product-type-variable","15":"wvs-archive-product-wrapper"},"_links":{"self":[{"href":"https:\/\/baldumarket.lt\/lt\/wp-json\/wp\/v2\/product\/333040","targetHints":{"allow":["GET"]}}],"collection":[{"href":"https:\/\/baldumarket.lt\/lt\/wp-json\/wp\/v2\/product"}],"about":[{"href":"https:\/\/baldumarket.lt\/lt\/wp-json\/wp\/v2\/types\/product"}],"replies":[{"embeddable":true,"href":"https:\/\/baldumarket.lt\/lt\/wp-json\/wp\/v2\/comments?post=333040"}],"wp:featuredmedia":[{"embeddable":true,"href":"https:\/\/baldumarket.lt\/lt\/wp-json\/wp\/v2\/media\/333150"}],"wp:attachment":[{"href":"https:\/\/baldumarket.lt\/lt\/wp-json\/wp\/v2\/media?parent=333040"}],"wp:term":[{"taxonomy":"product_brand","embeddable":true,"href":"https:\/\/baldumarket.lt\/lt\/wp-json\/wp\/v2\/product_brand?post=333040"},{"taxonomy":"product_cat","embeddable":true,"href":"https:\/\/baldumarket.lt\/lt\/wp-json\/wp\/v2\/product_cat?post=333040"},{"taxonomy":"product_tag","embeddable":true,"href":"https:\/\/baldumarket.lt\/lt\/wp-json\/wp\/v2\/product_tag?post=333040"}],"curies":[{"name":"wp","href":"https:\/\/api.w.org\/{rel}","templated":true}]}}