{"id":333017,"date":"2026-03-06T23:47:49","date_gmt":"2026-03-06T20:47:49","guid":{"rendered":"https:\/\/baldumarket.lt\/?post_type=product&#038;p=333017"},"modified":"2026-03-24T13:42:31","modified_gmt":"2026-03-24T10:42:31","slug":"elegantiska-sienine-spintele-su-spintomis-ir-televizoriaus-lentyna-380-x-240-cm-balta-juoda-dako","status":"publish","type":"product","link":"https:\/\/baldumarket.lt\/lt\/produktas\/elegantiska-sienine-spintele-su-spintomis-ir-televizoriaus-lentyna-380-x-240-cm-balta-juoda-dako\/","title":{"rendered":"Eleganti\u0161ka sienin\u0117 spintel\u0117 su spintomis ir televizoriaus lentyna 380 \u00d7 240 cm, Biel \/ Czarny \u2013 DAKO"},"content":{"rendered":"<p>Baltos ir juodos spalv\u0173 gamos DAKO sienin\u0117 spintel\u0117, kurios matmenys 380 x 240 cm, yra eleganti\u0161ka svetain\u0117s spintel\u0117, kurioje derinamas ry\u0161kus, modernus dizainas su ry\u0161kiais juodais akcentais. \u0160is spalv\u0173 derinys suteikia baldui modernumo ir, nepaisant dideli\u0173 matmen\u0173, vis\u0105 spintel\u0119 daro labai \u0161vari\u0105 ir esteti\u0161kai patraukli\u0105.<\/p>\n<p>Centrin\u0117 televizijos zona su lentyna buvo suprojektuota kaip organizuotas svetain\u0117s akcentas. Apatin\u0117s spintel\u0117s ir erdv\u016bs stal\u010diai leid\u017eia diskreti\u0161kai laikyti multimedijos \u012frang\u0105, dokumentus ir priedus, taip padedant palaikyti tvark\u0105 svetain\u0117je.<\/p>\n<p>Multimedijos zonos priekyje yra dvi erdvios spintos su drabu\u017ei\u0173 kabyklomis ir lentynomis. Tai leid\u017eia DAKO sieninei spintelei suteikti daug vietos daiktams susid\u0117ti ir j\u0105 galima naudoti kaip \u012fmontuojam\u0105 spint\u0105, ypa\u010d butuose, kur svarbu efektyviai i\u0161naudoti erdv\u0119. Vir\u0161utin\u0117 komplekto dalis buvo i\u0161pl\u0117sta iki lub\u0173 siekian\u010diais praplatinimais, derinant u\u017edarus segmentus su atviromis lentynomis ir stiklo elementais. \u0160is sprendimas leid\u017eia prakti\u0161kai laikyti ir esteti\u0161kai eksponuoti dekoracijas, knygas ir suvenyrus, tuo pa\u010diu metu sulau\u017eant vientis\u0105 spintos form\u0105.<br \/>\nBalta\/juoda spalv\u0173 gama puikiai dera prie moderni\u0173, minimalistini\u0173 ir eleganti\u0161k\u0173 interjer\u0173, kuriuose svarbiausia kontrastas ir i\u0161rai\u0161kinga forma. DAKO balta\/juoda sienin\u0117 spintel\u0117 yra puikus pasirinkimas ie\u0161kantiems erdvaus, funkcionalaus ir modernaus svetain\u0117s sprendimo su nesenstan\u010diu charakteriu.<\/p>\n<p>Galimos standartin\u0117s spalvos:<br \/>\nPorto vy\u0161nia (MDF juostel\u0117)<br \/>\nLefkos \u0105\u017euolas (MDF juostel\u0117s)<br \/>\nBalta\/juoda<br \/>\nLefkas \u0105\u017euolas \/ grafito pilka<br \/>\nBalta<br \/>\n\u0160viesus Sonoma (MDF juostel\u0117)<br \/>\nAndersono pu\u0161is<br \/>\nArtisan \u0105\u017euolas (MDF juostel\u0117s)<br \/>\nJuodas\/Didysis \u0105\u017euolas<br \/>\nEukaliptas<br \/>\nKa\u0161myro sm\u0117lio spalvos<br \/>\n\u0160viesiai pilka \/ Halifakso \u0105\u017euolas<\/p>","protected":false},"excerpt":{"rendered":"<p>Matmenys:<br \/>\nPlotis: 380 cm<br \/>\nAuk\u0161tis: 240 cm<br \/>\nGylis: 55 cm<\/p>","protected":false},"featured_media":333137,"comment_status":"open","ping_status":"closed","template":"","meta":[],"product_brand":[],"product_cat":[9983,9857,2008],"product_tag":[],"class_list":{"0":"post-333017","1":"product","2":"type-product","3":"status-publish","4":"has-post-thumbnail","6":"product_cat-furniture-sets-room-sets-meblast","7":"product_cat-meblast","8":"product_cat-wall-units","10":"first","11":"instock","12":"shipping-taxable","13":"purchasable","14":"product-type-variable","15":"wvs-archive-product-wrapper"},"_links":{"self":[{"href":"https:\/\/baldumarket.lt\/lt\/wp-json\/wp\/v2\/product\/333017","targetHints":{"allow":["GET"]}}],"collection":[{"href":"https:\/\/baldumarket.lt\/lt\/wp-json\/wp\/v2\/product"}],"about":[{"href":"https:\/\/baldumarket.lt\/lt\/wp-json\/wp\/v2\/types\/product"}],"replies":[{"embeddable":true,"href":"https:\/\/baldumarket.lt\/lt\/wp-json\/wp\/v2\/comments?post=333017"}],"wp:featuredmedia":[{"embeddable":true,"href":"https:\/\/baldumarket.lt\/lt\/wp-json\/wp\/v2\/media\/333137"}],"wp:attachment":[{"href":"https:\/\/baldumarket.lt\/lt\/wp-json\/wp\/v2\/media?parent=333017"}],"wp:term":[{"taxonomy":"product_brand","embeddable":true,"href":"https:\/\/baldumarket.lt\/lt\/wp-json\/wp\/v2\/product_brand?post=333017"},{"taxonomy":"product_cat","embeddable":true,"href":"https:\/\/baldumarket.lt\/lt\/wp-json\/wp\/v2\/product_cat?post=333017"},{"taxonomy":"product_tag","embeddable":true,"href":"https:\/\/baldumarket.lt\/lt\/wp-json\/wp\/v2\/product_tag?post=333017"}],"curies":[{"name":"wp","href":"https:\/\/api.w.org\/{rel}","templated":true}]}}