{"id":332988,"date":"2026-03-06T23:47:09","date_gmt":"2026-03-06T20:47:09","guid":{"rendered":"https:\/\/baldumarket.lt\/?post_type=product&#038;p=332988"},"modified":"2026-03-24T13:42:31","modified_gmt":"2026-03-24T10:42:31","slug":"elegantiska-sienine-spintele-su-spintomis-ir-televizoriaus-lentyna-380-x-240-cm-lefkas-azuolas-grafitas-dako","status":"publish","type":"product","link":"https:\/\/baldumarket.lt\/lt\/produktas\/elegantiska-sienine-spintele-su-spintomis-ir-televizoriaus-lentyna-380-x-240-cm-lefkas-azuolas-grafitas-dako\/","title":{"rendered":"Eleganti\u0161ka sienin\u0117 spintel\u0117 su spintomis ir televizoriaus lentyna 380 \u00d7 240 cm D\u0105b Lefkas \/ Grafit \u2013 DAKO"},"content":{"rendered":"<p>DAKO sienin\u0117 spintel\u0117 \u201eLefkas Oak\/Graphite\u201c spalvos, kurios matmenys 380 x 240 cm, yra eleganti\u0161ka svetain\u0117s spintel\u0117, kurioje derinamas nat\u016bralus medienos charakteris su modernia, prislopinta pilka spalva. \u0160is spalv\u0173 derinys suteikia spintelei i\u0161skirtin\u0119, ta\u010diau subalansuot\u0105 i\u0161vaizd\u0105, puikiai tinkan\u010di\u0105 tiek moderniam, tiek klasikiniam interjerui.<\/p>\n<p>Centrin\u0117 televizijos zona su lentyna buvo suprojektuota kaip organizuotas gyvenamosios erdv\u0117s akcentas. Apatin\u0117s spintel\u0117s ir erdv\u016bs stal\u010diai leid\u017eia esteti\u0161kai laikyti multimedijos \u012frang\u0105, dokumentus ir priedus, padeda palaikyti tvark\u0105 svetain\u0117je neprarandant funkcionalumo.<\/p>\n<p>Multimedijos zonos priekyje yra dvi labai erdvios spintos su pakab\u0173 b\u0117geliais ir lentynomis. Tai leid\u017eia DAKO sieninei spintelei pasi\u016blyti daug vietos daiktams susid\u0117ti ir j\u0105 galima naudoti kaip \u012fmontuojam\u0105 spint\u0105, ypa\u010d ribotos erdv\u0117s butuose. Vir\u0161utin\u0117 komplekto dalis buvo i\u0161pl\u0117sta iki lub\u0173 siekian\u010diais prailginimais, sujungian\u010diais u\u017edarus segmentus su atviromis lentynomis ir stiklo elementais. \u0160is sprendimas leid\u017eia prakti\u0161kai laikyti ir esteti\u0161kai eksponuoti knygas, dekoracijas ir suvenyrus, tuo pa\u010diu suskaidydamas didel\u0119 bald\u0173 t\u016br\u012f.<\/p>\n<p>\u201eLefkas Oak\u201c ir grafito derinys suteikia sieninei spintelei modernaus elegancijos ir pabr\u0117\u017eia jos tvirt\u0105 form\u0105. \u201eDAKO Lefkas Oak \/ Graphite\u201c sienin\u0117 spintel\u0117 yra puikus pasirinkimas ie\u0161kantiems erdvi\u0173, funkcionali\u0173 bald\u0173 su i\u0161skirtiniu, ta\u010diau nesenstan\u010diu charakteriu.<\/p>\n<p>Galimos standartin\u0117s spalvos:<br \/>\nPorto vy\u0161nia (MDF juostel\u0117)<br \/>\nLefkos \u0105\u017euolas (MDF juostel\u0117s)<br \/>\nBalta\/juoda<br \/>\nLefkas \u0105\u017euolas \/ grafito pilka<br \/>\nBalta<br \/>\n\u0160viesus Sonoma (MDF juostel\u0117)<br \/>\nAndersono pu\u0161is<br \/>\nArtisan \u0105\u017euolas (MDF juostel\u0117s)<br \/>\nJuodas\/Didysis \u0105\u017euolas<br \/>\nEukaliptas<br \/>\nKa\u0161myro sm\u0117lio spalvos<br \/>\n\u0160viesiai pilka \/ Halifakso \u0105\u017euolas<\/p>","protected":false},"excerpt":{"rendered":"<p>Matmenys:<br \/>\nPlotis: 380 cm<br \/>\nAuk\u0161tis: 240 cm<br \/>\nGylis: 55 cm<\/p>","protected":false},"featured_media":333106,"comment_status":"open","ping_status":"closed","template":"","meta":[],"product_brand":[],"product_cat":[9983,9857,2008],"product_tag":[],"class_list":{"0":"post-332988","1":"product","2":"type-product","3":"status-publish","4":"has-post-thumbnail","6":"product_cat-furniture-sets-room-sets-meblast","7":"product_cat-meblast","8":"product_cat-wall-units","10":"first","11":"instock","12":"shipping-taxable","13":"purchasable","14":"product-type-variable","15":"wvs-archive-product-wrapper"},"_links":{"self":[{"href":"https:\/\/baldumarket.lt\/lt\/wp-json\/wp\/v2\/product\/332988","targetHints":{"allow":["GET"]}}],"collection":[{"href":"https:\/\/baldumarket.lt\/lt\/wp-json\/wp\/v2\/product"}],"about":[{"href":"https:\/\/baldumarket.lt\/lt\/wp-json\/wp\/v2\/types\/product"}],"replies":[{"embeddable":true,"href":"https:\/\/baldumarket.lt\/lt\/wp-json\/wp\/v2\/comments?post=332988"}],"wp:featuredmedia":[{"embeddable":true,"href":"https:\/\/baldumarket.lt\/lt\/wp-json\/wp\/v2\/media\/333106"}],"wp:attachment":[{"href":"https:\/\/baldumarket.lt\/lt\/wp-json\/wp\/v2\/media?parent=332988"}],"wp:term":[{"taxonomy":"product_brand","embeddable":true,"href":"https:\/\/baldumarket.lt\/lt\/wp-json\/wp\/v2\/product_brand?post=332988"},{"taxonomy":"product_cat","embeddable":true,"href":"https:\/\/baldumarket.lt\/lt\/wp-json\/wp\/v2\/product_cat?post=332988"},{"taxonomy":"product_tag","embeddable":true,"href":"https:\/\/baldumarket.lt\/lt\/wp-json\/wp\/v2\/product_tag?post=332988"}],"curies":[{"name":"wp","href":"https:\/\/api.w.org\/{rel}","templated":true}]}}