{"id":332986,"date":"2026-03-06T23:47:07","date_gmt":"2026-03-06T20:47:07","guid":{"rendered":"https:\/\/baldumarket.lt\/?post_type=product&#038;p=332986"},"modified":"2026-03-24T13:42:17","modified_gmt":"2026-03-24T10:42:17","slug":"elegantiska-sienine-spintele-su-spintomis-ir-televizoriaus-nisa-380-x-240-cm-balta-dako","status":"publish","type":"product","link":"https:\/\/baldumarket.lt\/lt\/produktas\/elegantiska-sienine-spintele-su-spintomis-ir-televizoriaus-nisa-380-x-240-cm-balta-dako\/","title":{"rendered":"Eleganti\u0161ka sienin\u0117 spintel\u0117 su spintomis ir televizoriaus ni\u0161a 380 \u00d7 240 cm, Biel \u2013 DAKO"},"content":{"rendered":"<p>Balta DAKO sienin\u0117 spintel\u0117, kurios matmenys 380 x 240 cm, yra eleganti\u0161kas, universalus svetain\u0117s sprendimas, sukurtas siekiant maksimaliai i\u0161naudoti erdv\u0119 viename darniame bloke. D\u0117l didelio plo\u010dio ir auk\u0161\u010dio ji puikiai pakei\u010dia kelis atskirus baldus, sukuriant tvarking\u0105 ir esteti\u0161kai patraukli\u0105 svetain\u0117s erdv\u0119.<\/p>\n<p>Centrin\u0117 televizoriaus ni\u0161a buvo suprojektuota kaip nat\u016bralus svetain\u0117s akcentas. Joje patogiai telpa televizorius ir multimedijos \u012franga, o apatin\u0117je sienin\u0117s spintel\u0117s dalyje yra erdv\u016bs stal\u010diai ir RTV spintel\u0117, kurioje galima tvarkingai laikyti aksesuarus, dokumentus ir smulkius daiktus.<\/p>\n<p>Prie\u0161ais multimedijos zon\u0105 yra dvi labai erdvios spintos su drabu\u017ei\u0173 kabyklomis ir lentynomis. Tai leid\u017eia DAKO sienin\u0119 spintel\u0119 naudoti ne tik kaip svetain\u0117s spint\u0105, bet ir kaip drabu\u017ei\u0173 spint\u0105, ypa\u010d butuose, kur svarbus kiekvienas kvadratinis metras vietos daiktams susid\u0117ti.<\/p>\n<p>Vir\u0161utin\u0119 komplekto dal\u012f sudaro plat\u016bs praplatinimai, siekiantys lubas. Atvir\u0173 lentyn\u0173, u\u017edar\u0173 spinteli\u0173 ir stiklini\u0173 vitrin\u0173 derinys leid\u017eia prakti\u0161kai laikyti ir esteti\u0161kai eksponuoti dekoracijas, knygas ir suvenyrus. Stiklas suteikia dizainui lengvumo ir suskaido jo didel\u012f mast\u0105.<\/p>\n<p>Balta spalva suteikia sieninei spintelei modern\u0173, eleganti\u0161k\u0105 charakter\u012f, sukurdama lengv\u0105 ir harmoning\u0105 bendr\u0105 vaizd\u0105, nepaisant \u012fsp\u016bding\u0173 matmen\u0173. Balta DAKO sienin\u0117 spintel\u0117 puikiai tinka modernioms, minimalistin\u0117ms ir klasikin\u0117ms svetain\u0117ms, kur svarbiausia tvarka, erdv\u0117 ir darni estetika.<\/p>\n<p>Galimos standartin\u0117s spalvos:<br \/>\nPorto vy\u0161nia (MDF juostel\u0117)<br \/>\nLefkos \u0105\u017euolas (MDF juostel\u0117s)<br \/>\nBalta\/juoda<br \/>\nLefkas \u0105\u017euolas \/ grafito pilka<br \/>\nBalta<br \/>\n\u0160viesus Sonoma (MDF juostel\u0117)<br \/>\nAndersono pu\u0161is<br \/>\nArtisan \u0105\u017euolas (MDF juostel\u0117s)<br \/>\nJuodas\/Didysis \u0105\u017euolas<br \/>\nEukaliptas<br \/>\nKa\u0161myro sm\u0117lio spalvos<br \/>\n\u0160viesiai pilka \/ Halifakso \u0105\u017euolas<\/p>","protected":false},"excerpt":{"rendered":"<p>Matmenys:<br \/>\nPlotis: 380 cm<br \/>\nAuk\u0161tis: 240 cm<br \/>\nGylis: 55 cm<\/p>","protected":false},"featured_media":333099,"comment_status":"open","ping_status":"closed","template":"","meta":[],"product_brand":[],"product_cat":[9983,9857,2008],"product_tag":[],"class_list":{"0":"post-332986","1":"product","2":"type-product","3":"status-publish","4":"has-post-thumbnail","6":"product_cat-furniture-sets-room-sets-meblast","7":"product_cat-meblast","8":"product_cat-wall-units","10":"first","11":"instock","12":"shipping-taxable","13":"purchasable","14":"product-type-variable","15":"wvs-archive-product-wrapper"},"_links":{"self":[{"href":"https:\/\/baldumarket.lt\/lt\/wp-json\/wp\/v2\/product\/332986","targetHints":{"allow":["GET"]}}],"collection":[{"href":"https:\/\/baldumarket.lt\/lt\/wp-json\/wp\/v2\/product"}],"about":[{"href":"https:\/\/baldumarket.lt\/lt\/wp-json\/wp\/v2\/types\/product"}],"replies":[{"embeddable":true,"href":"https:\/\/baldumarket.lt\/lt\/wp-json\/wp\/v2\/comments?post=332986"}],"wp:featuredmedia":[{"embeddable":true,"href":"https:\/\/baldumarket.lt\/lt\/wp-json\/wp\/v2\/media\/333099"}],"wp:attachment":[{"href":"https:\/\/baldumarket.lt\/lt\/wp-json\/wp\/v2\/media?parent=332986"}],"wp:term":[{"taxonomy":"product_brand","embeddable":true,"href":"https:\/\/baldumarket.lt\/lt\/wp-json\/wp\/v2\/product_brand?post=332986"},{"taxonomy":"product_cat","embeddable":true,"href":"https:\/\/baldumarket.lt\/lt\/wp-json\/wp\/v2\/product_cat?post=332986"},{"taxonomy":"product_tag","embeddable":true,"href":"https:\/\/baldumarket.lt\/lt\/wp-json\/wp\/v2\/product_tag?post=332986"}],"curies":[{"name":"wp","href":"https:\/\/api.w.org\/{rel}","templated":true}]}}