{"id":332963,"date":"2026-03-06T23:46:31","date_gmt":"2026-03-06T20:46:31","guid":{"rendered":"https:\/\/baldumarket.lt\/?post_type=product&#038;p=332963"},"modified":"2026-03-24T13:42:17","modified_gmt":"2026-03-24T10:42:17","slug":"elegantiska-sienine-spintele-su-spintomis-ir-televizoriaus-lentyna-380-x-240-cm-sonoma-light-dako","status":"publish","type":"product","link":"https:\/\/baldumarket.lt\/lt\/produktas\/elegantiska-sienine-spintele-su-spintomis-ir-televizoriaus-lentyna-380-x-240-cm-sonoma-light-dako\/","title":{"rendered":"Eleganti\u0161ka sienin\u0117 spintel\u0117 su spintomis ir televizoriaus lentyna 380 \u00d7 240 cm Sonoma Jasna \u2013 DAKO"},"content":{"rendered":"<p>\u201eDAKO\u201c sienin\u0117 spintel\u0117 \u201eLight Sonoma\u201c spalvos, kurios matmenys 380 x 240 cm, yra eleganti\u0161ka ir funkcionali svetain\u0117s spintel\u0117, skirta \u0161viesiems ir jaukiems interjerams. Nat\u016bralus, \u0161iltas med\u017eio atspalvis suteikia net ir didesnei formai lengvumo ir harmoningumo, neu\u017ego\u017eiant erdv\u0117s.<br \/>\nCentrin\u0117 televizijos zona su lentyna buvo suprojektuota kaip ai\u0161kus svetain\u0117s akcentas, patogus kasdieniam naudojimui. Apatin\u0117s spintel\u0117s ir erdv\u016bs stal\u010diai suteikia esteti\u0161k\u0105 galimyb\u0119 laikyti multimedijos \u012frang\u0105, dokumentus ir priedus, padedant palaikyti tvark\u0105 svetain\u0117s zonoje.<br \/>\nAbiejose televizoriaus zonos pus\u0117se yra dvi erdvios spintos su drabu\u017ei\u0173 kabyklomis ir lentynomis. \u0160is sprendimas \u017eymiai padidina sienin\u0117s spintel\u0117s funkcionalum\u0105, leisdamas j\u0105 naudoti ir kaip prakti\u0161k\u0105 drabu\u017ei\u0173 spintos blok\u0105 \u2013 ypa\u010d butuose, kur svarbu optimaliai i\u0161naudoti erdv\u0119.<br \/>\nVir\u0161utin\u0117 komplekto dalis buvo i\u0161pl\u0117sta iki lub\u0173 siekian\u010diais praplatinimais, u\u017edarus segmentus sujungiant atviromis lentynomis ir stiklo elementais. Tai leid\u017eia patogiai laikyti ir esteti\u0161kai eksponuoti knygas, dekoracijas ir suvenyrus, i\u0161laikant darni\u0105 ir organizuot\u0105 i\u0161vaizd\u0105. \u201eLight Sonoma\u201c spalva yra universalus atspalvis, lengvai papildantis \u012fvairius interjero stilius \u2013 nuo modernaus iki skandinavi\u0161ko ir klasikinio. \u201eLight Sonoma\u201c sienin\u0117 spintel\u0117 puikiai tinka tiems, kurie ie\u0161ko erdvaus, eleganti\u0161ko ir vizualiai \u0161viesaus sprendimo savo svetainei.<\/p>\n<p>Galimos standartin\u0117s spalvos:<br \/>\nPorto vy\u0161nia (MDF juostel\u0117)<br \/>\nLefkos \u0105\u017euolas (MDF juostel\u0117s)<br \/>\nBalta\/juoda<br \/>\nLefkas \u0105\u017euolas \/ grafito pilka<br \/>\nBalta<br \/>\n\u0160viesus Sonoma (MDF juostel\u0117)<br \/>\nAndersono pu\u0161is<br \/>\nArtisan \u0105\u017euolas (MDF juostel\u0117s)<br \/>\nJuodas\/Didysis \u0105\u017euolas<br \/>\nEukaliptas<br \/>\nKa\u0161myro sm\u0117lio spalvos<br \/>\n\u0160viesiai pilka \/ Halifakso \u0105\u017euolas<\/p>","protected":false},"excerpt":{"rendered":"<p>Matmenys:<br \/>\nPlotis: 380 cm<br \/>\nAuk\u0161tis: 240 cm<br \/>\nGylis: 55 cm<\/p>","protected":false},"featured_media":333086,"comment_status":"open","ping_status":"closed","template":"","meta":[],"product_brand":[],"product_cat":[9983,9857,2008],"product_tag":[],"class_list":{"0":"post-332963","1":"product","2":"type-product","3":"status-publish","4":"has-post-thumbnail","6":"product_cat-furniture-sets-room-sets-meblast","7":"product_cat-meblast","8":"product_cat-wall-units","10":"first","11":"instock","12":"shipping-taxable","13":"purchasable","14":"product-type-variable","15":"wvs-archive-product-wrapper"},"_links":{"self":[{"href":"https:\/\/baldumarket.lt\/lt\/wp-json\/wp\/v2\/product\/332963","targetHints":{"allow":["GET"]}}],"collection":[{"href":"https:\/\/baldumarket.lt\/lt\/wp-json\/wp\/v2\/product"}],"about":[{"href":"https:\/\/baldumarket.lt\/lt\/wp-json\/wp\/v2\/types\/product"}],"replies":[{"embeddable":true,"href":"https:\/\/baldumarket.lt\/lt\/wp-json\/wp\/v2\/comments?post=332963"}],"wp:featuredmedia":[{"embeddable":true,"href":"https:\/\/baldumarket.lt\/lt\/wp-json\/wp\/v2\/media\/333086"}],"wp:attachment":[{"href":"https:\/\/baldumarket.lt\/lt\/wp-json\/wp\/v2\/media?parent=332963"}],"wp:term":[{"taxonomy":"product_brand","embeddable":true,"href":"https:\/\/baldumarket.lt\/lt\/wp-json\/wp\/v2\/product_brand?post=332963"},{"taxonomy":"product_cat","embeddable":true,"href":"https:\/\/baldumarket.lt\/lt\/wp-json\/wp\/v2\/product_cat?post=332963"},{"taxonomy":"product_tag","embeddable":true,"href":"https:\/\/baldumarket.lt\/lt\/wp-json\/wp\/v2\/product_tag?post=332963"}],"curies":[{"name":"wp","href":"https:\/\/api.w.org\/{rel}","templated":true}]}}