{"id":332961,"date":"2026-03-06T23:46:28","date_gmt":"2026-03-06T20:46:28","guid":{"rendered":"https:\/\/baldumarket.lt\/?post_type=product&#038;p=332961"},"modified":"2026-03-24T13:42:17","modified_gmt":"2026-03-24T10:42:17","slug":"elegantiska-sienine-spintele-su-spintomis-ir-televizoriaus-lentyna-380-x-240-cm-anderson-pusis-dako","status":"publish","type":"product","link":"https:\/\/baldumarket.lt\/lt\/produktas\/elegantiska-sienine-spintele-su-spintomis-ir-televizoriaus-lentyna-380-x-240-cm-anderson-pusis-dako\/","title":{"rendered":"Eleganti\u0161ka sienin\u0117 spintel\u0117 su spintomis ir televizoriaus lentyna, 380 \u00d7 240 cm, Sosna Anderson \u2013 DAKO"},"content":{"rendered":"<p>DAKO sienin\u0117 spintel\u0117 i\u0161 Anderson pu\u0161ies medienos, kurios matmenys 380 x 240 cm, yra eleganti\u0161ka svetain\u0117s spintel\u0117, skirta \u0161viesiam ir jaukiam interjerui. Subtilus, pa\u0161viesintas medienos ra\u0161tas suteikia kambariui nat\u016bralaus \u0161viesumo, tod\u0117l net didesn\u0117 erdv\u0117 atrodo harmoningai ir gaiviai.<br \/>\nCentrin\u0117 televizijos zona su lentyna buvo suprojektuota kaip funkcionalus ir lengvai pasiekiamas gyvenamosios erdv\u0117s akcentas. \u017demesn\u0117s spintel\u0117s ir erdv\u016bs stal\u010diai leid\u017eia patogiai laikyti multimedijos \u012frang\u0105, dokumentus ir priedus, padeda palaikyti tvark\u0105 svetain\u0117je neprarandant estetikos.<br \/>\n\u0160alia televizoriaus zonos \u012frengtos dvi labai erdvios spintos su pakab\u0173 b\u0117geliais ir lentynomis. \u0160is sprendimas \u017eymiai padidina daikt\u0173 laikymo talp\u0105 ir leid\u017eia DAKO sienin\u0119 spintel\u0119 naudoti ir kaip prakti\u0161k\u0105 drabu\u017ei\u0173 spintos blok\u0105, ypa\u010d ribotos erdv\u0117s butuose.<br \/>\nVir\u0161utin\u0117 komplekto dalis buvo i\u0161pl\u0117sta iki lub\u0173 siekian\u010diais praplatinimais, kurie sujungia u\u017edarus segmentus su atviromis lentynomis ir stiklo elementais. Tai leid\u017eia sieninei spintelei pasi\u016blyti ir funkcionali\u0105 daikt\u0173 laikymo viet\u0105, ir esteti\u0161kai patraukli\u0105 knyg\u0173, dekoracij\u0173 ir suvenyr\u0173 ekspozicijos viet\u0105. \u201eAnderson Pine\u201c spalva puikiai dera su skandinavi\u0161ku ir moderniu dizainu, taip pat su nat\u016brali\u0173 med\u017eiag\u0173 ir \u0161viesios spalv\u0173 palet\u0117s \u012fkv\u0117ptu interjeru. \u201eDAKO Anderson Pine\u201c sienin\u0117 spintel\u0117 puikiai tinka tiems, kurie ie\u0161ko erdvaus, eleganti\u0161ko ir vizualiai \u0161viesaus sprendimo savo svetainei.<\/p>\n<p>Galimos standartin\u0117s spalvos:<br \/>\nPorto vy\u0161nia (MDF juostel\u0117)<br \/>\nLefkos \u0105\u017euolas (MDF juostel\u0117s)<br \/>\nBalta\/juoda<br \/>\nLefkas \u0105\u017euolas \/ grafito pilka<br \/>\nBalta<br \/>\n\u0160viesus Sonoma (MDF juostel\u0117)<br \/>\nAndersono pu\u0161is<br \/>\nArtisan \u0105\u017euolas (MDF juostel\u0117s)<br \/>\nJuodas\/Didysis \u0105\u017euolas<br \/>\nEukaliptas<br \/>\nKa\u0161myro sm\u0117lio spalvos<br \/>\n\u0160viesiai pilka \/ Halifakso \u0105\u017euolas<\/p>","protected":false},"excerpt":{"rendered":"<p>Matmenys:<br \/>\nPlotis: 380 cm<br \/>\nAuk\u0161tis: 240 cm<br \/>\nGylis: 55 cm<\/p>","protected":false},"featured_media":333079,"comment_status":"open","ping_status":"closed","template":"","meta":[],"product_brand":[],"product_cat":[9983,9857,2008],"product_tag":[],"class_list":{"0":"post-332961","1":"product","2":"type-product","3":"status-publish","4":"has-post-thumbnail","6":"product_cat-furniture-sets-room-sets-meblast","7":"product_cat-meblast","8":"product_cat-wall-units","10":"first","11":"instock","12":"shipping-taxable","13":"purchasable","14":"product-type-variable","15":"wvs-archive-product-wrapper"},"_links":{"self":[{"href":"https:\/\/baldumarket.lt\/lt\/wp-json\/wp\/v2\/product\/332961","targetHints":{"allow":["GET"]}}],"collection":[{"href":"https:\/\/baldumarket.lt\/lt\/wp-json\/wp\/v2\/product"}],"about":[{"href":"https:\/\/baldumarket.lt\/lt\/wp-json\/wp\/v2\/types\/product"}],"replies":[{"embeddable":true,"href":"https:\/\/baldumarket.lt\/lt\/wp-json\/wp\/v2\/comments?post=332961"}],"wp:featuredmedia":[{"embeddable":true,"href":"https:\/\/baldumarket.lt\/lt\/wp-json\/wp\/v2\/media\/333079"}],"wp:attachment":[{"href":"https:\/\/baldumarket.lt\/lt\/wp-json\/wp\/v2\/media?parent=332961"}],"wp:term":[{"taxonomy":"product_brand","embeddable":true,"href":"https:\/\/baldumarket.lt\/lt\/wp-json\/wp\/v2\/product_brand?post=332961"},{"taxonomy":"product_cat","embeddable":true,"href":"https:\/\/baldumarket.lt\/lt\/wp-json\/wp\/v2\/product_cat?post=332961"},{"taxonomy":"product_tag","embeddable":true,"href":"https:\/\/baldumarket.lt\/lt\/wp-json\/wp\/v2\/product_tag?post=332961"}],"curies":[{"name":"wp","href":"https:\/\/api.w.org\/{rel}","templated":true}]}}