{"id":332959,"date":"2026-03-06T23:46:25","date_gmt":"2026-03-06T20:46:25","guid":{"rendered":"https:\/\/baldumarket.lt\/?post_type=product&#038;p=332959"},"modified":"2026-03-24T13:42:17","modified_gmt":"2026-03-24T10:42:17","slug":"elegantiska-sienine-spintele-su-spintomis-ir-televizoriaus-lentyna-380-x-240-cm-artisan-oak-dako","status":"publish","type":"product","link":"https:\/\/baldumarket.lt\/lt\/produktas\/elegantiska-sienine-spintele-su-spintomis-ir-televizoriaus-lentyna-380-x-240-cm-artisan-oak-dako\/","title":{"rendered":"Eleganti\u0161ka sienin\u0117 spintel\u0117 su spintomis ir televizoriaus lentyna, 380 \u00d7 240 cm, D\u0105b Artisan \u2013 DAKO"},"content":{"rendered":"<p>DAKO Artisan Oak sienin\u0117 spintel\u0117, kurios matmenys 380 x 240 cm, yra eleganti\u0161ka ir funkcionali svetain\u0117s spintel\u0117, pasi\u017eyminti intensyvia medienos tekst\u016bra ir moderniu charakteriu. I\u0161skirtin\u0117 medienos tekst\u016bra suteikia baldui gylio ir paver\u010dia j\u012f stipriu, dekoratyviniu interjero dizaino elementu.<br \/>\nCentrin\u0117 televizijos zona su lentyna buvo suprojektuota kaip ai\u0161kus svetain\u0117s akcentas, u\u017etikrinantis patog\u0173 multimedijos \u012frangos naudojim\u0105. Apatin\u0117s spintel\u0117s ir erdv\u016bs stal\u010diai suteikia esteti\u0161k\u0105 galimyb\u0119 laikyti televizoriaus priedus, dokumentus ir smulkius daiktus, padedant palaikyti tvark\u0105 svetain\u0117je.<br \/>\n\u0160alia televizoriaus zonos yra dvi labai erdvios spintos su drabu\u017ei\u0173 kabyklomis ir lentynomis. \u0160is sprendimas \u017eymiai padidina sienin\u0117s spintel\u0117s funkcionalum\u0105 ir leid\u017eia j\u0105 naudoti kaip prakti\u0161k\u0105 drabu\u017ei\u0173 spintos blok\u0105, ypa\u010d butuose, kur svarbu maksimaliai i\u0161naudoti turim\u0105 erdv\u0119. Vir\u0161utin\u0119 komplekto dal\u012f sudaro iki lub\u0173 siekiantys prailginimai, jungiantys u\u017edarus segmentus su atviromis lentynomis ir stiklo elementais. Tai leid\u017eia patogiai laikyti ir esteti\u0161kai eksponuoti knygas, dekoracijas ir suvenyrus, i\u0161laikant darni\u0105 ir tvarking\u0105 form\u0105.<br \/>\n\u201eArtisan Oak\u201c spalva puikiai dera prie modernaus, industrinio ir lofto stiliaus dizaino, taip pat prie interjero, kuriame nat\u016brali mediena atlieka i\u0161skirtinio akcento vaidmen\u012f. \u201eDAKO Artisan Oak\u201c sienin\u0117 spintel\u0117 idealiai tinka ie\u0161kantiems erdvaus, eleganti\u0161ko ir i\u0161skirtinio svetain\u0117s sprendimo.<\/p>\n<p>Galimos standartin\u0117s spalvos:<br \/>\nPorto vy\u0161nia (MDF juostel\u0117)<br \/>\nLefkos \u0105\u017euolas (MDF juostel\u0117s)<br \/>\nBalta\/juoda<br \/>\nLefkas \u0105\u017euolas \/ grafito pilka<br \/>\nBalta<br \/>\n\u0160viesus Sonoma (MDF juostel\u0117)<br \/>\nAndersono pu\u0161is<br \/>\nArtisan \u0105\u017euolas (MDF juostel\u0117s)<br \/>\nJuodas\/Didysis \u0105\u017euolas<br \/>\nEukaliptas<br \/>\nKa\u0161myro sm\u0117lio spalvos<br \/>\n\u0160viesiai pilka \/ Halifakso \u0105\u017euolas<\/p>","protected":false},"excerpt":{"rendered":"<p>Matmenys:<br \/>\nPlotis: 380 cm<br \/>\nAuk\u0161tis: 240 cm<br \/>\nGylis: 55 cm<\/p>","protected":false},"featured_media":333072,"comment_status":"open","ping_status":"closed","template":"","meta":[],"product_brand":[],"product_cat":[9983,9857,2008],"product_tag":[],"class_list":{"0":"post-332959","1":"product","2":"type-product","3":"status-publish","4":"has-post-thumbnail","6":"product_cat-furniture-sets-room-sets-meblast","7":"product_cat-meblast","8":"product_cat-wall-units","10":"first","11":"instock","12":"shipping-taxable","13":"purchasable","14":"product-type-variable","15":"wvs-archive-product-wrapper"},"_links":{"self":[{"href":"https:\/\/baldumarket.lt\/lt\/wp-json\/wp\/v2\/product\/332959","targetHints":{"allow":["GET"]}}],"collection":[{"href":"https:\/\/baldumarket.lt\/lt\/wp-json\/wp\/v2\/product"}],"about":[{"href":"https:\/\/baldumarket.lt\/lt\/wp-json\/wp\/v2\/types\/product"}],"replies":[{"embeddable":true,"href":"https:\/\/baldumarket.lt\/lt\/wp-json\/wp\/v2\/comments?post=332959"}],"wp:featuredmedia":[{"embeddable":true,"href":"https:\/\/baldumarket.lt\/lt\/wp-json\/wp\/v2\/media\/333072"}],"wp:attachment":[{"href":"https:\/\/baldumarket.lt\/lt\/wp-json\/wp\/v2\/media?parent=332959"}],"wp:term":[{"taxonomy":"product_brand","embeddable":true,"href":"https:\/\/baldumarket.lt\/lt\/wp-json\/wp\/v2\/product_brand?post=332959"},{"taxonomy":"product_cat","embeddable":true,"href":"https:\/\/baldumarket.lt\/lt\/wp-json\/wp\/v2\/product_cat?post=332959"},{"taxonomy":"product_tag","embeddable":true,"href":"https:\/\/baldumarket.lt\/lt\/wp-json\/wp\/v2\/product_tag?post=332959"}],"curies":[{"name":"wp","href":"https:\/\/api.w.org\/{rel}","templated":true}]}}