{"id":332936,"date":"2026-03-06T23:45:45","date_gmt":"2026-03-06T20:45:45","guid":{"rendered":"https:\/\/baldumarket.lt\/?post_type=product&#038;p=332936"},"modified":"2026-03-24T13:42:17","modified_gmt":"2026-03-24T10:42:17","slug":"elegantiska-sienine-spintele-su-spintomis-ir-televizoriaus-lentyna-380x240-cm-eukaliptas-dako","status":"publish","type":"product","link":"https:\/\/baldumarket.lt\/lt\/produktas\/elegantiska-sienine-spintele-su-spintomis-ir-televizoriaus-lentyna-380x240-cm-eukaliptas-dako\/","title":{"rendered":"Eleganti\u0161ka sienin\u0117 spintel\u0117 su spintomis ir televizoriaus lentyna 380\u00d7240 cm Eukaliptus \u2013 DAKO"},"content":{"rendered":"<p>DAKO eukalipto spalvos sienin\u0117 spintel\u0117, kurios matmenys \u2013 380 x 240 cm, yra eleganti\u0161ka ir funkcionali svetain\u0117s spintel\u0117, suteikianti interjerui gaiv\u0173, nat\u016bral\u0173 spalv\u0173 akcent\u0105. Prislopintas \u017ealias atspalvis, \u012fkv\u0117ptas gamtos, suteikia spintelei ram\u0173, harmoning\u0105 charakter\u012f ir leid\u017eia sukurti jauki\u0105, ta\u010diau moderni\u0105 gyvenam\u0105j\u0105 erdv\u0119.<br \/>\nCentrin\u0117 televizijos zona su lentyna buvo suprojektuota kaip ai\u0161kus ir patogus svetain\u0117s akcentas. Apatin\u0117s spintel\u0117s ir erdv\u016bs stal\u010diai leid\u017eia esteti\u0161kai laikyti multimedijos \u012frang\u0105, dokumentus ir priedus, padeda i\u0161laikyti tvark\u0105 ir darn\u0105 i\u0161d\u0117styme.<br \/>\n\u0160alia televizoriaus zonos \u012frengtos dvi labai erdvios spintos su pakab\u0173 b\u0117geliais ir lentynomis. \u0160is sprendimas \u017eymiai padidina sienin\u0117s spintel\u0117s funkcionalum\u0105 ir leid\u017eia j\u0105 naudoti kaip prakti\u0161k\u0105 drabu\u017ei\u0173 spintos blok\u0105, ypa\u010d butuose, kur svarbu maksimaliai i\u0161naudoti turim\u0105 erdv\u0119.<br \/>\nVir\u0161utin\u0119 komplekto dal\u012f sudaro iki lub\u0173 siekiantys prailginimai, jungiantys u\u017edarus segmentus su atviromis lentynomis ir stikliniais elementais. Tai leid\u017eia patogiai laikyti ir esteti\u0161kai eksponuoti knygas, dekoracijas ir suvenyrus, i\u0161laikant eleganti\u0161k\u0105 ir tvarking\u0105 i\u0161vaizd\u0105.<br \/>\nEukalipto spalva puikiai tinka moderniam interjerui, gamtos \u012fkv\u0117ptam dizainui, japoni\u0161kam stiliui ir \u0161velniam modernumui. DAKO eukalipto sienin\u0117 spintel\u0117 puikiai tinka ie\u0161kantiems erdvaus, eleganti\u0161ko svetain\u0117s baldo, kuriame funkcionalumas der\u0117t\u0173 su subtiliu, nat\u016braliu spalv\u0173 akcentu.<\/p>\n<p>Galimos standartin\u0117s spalvos:<br \/>\nPorto vy\u0161nia (MDF juostel\u0117)<br \/>\nLefkos \u0105\u017euolas (MDF juostel\u0117s)<br \/>\nBalta\/juoda<br \/>\nLefkas \u0105\u017euolas \/ grafito pilka<br \/>\nBalta<br \/>\n\u0160viesus Sonoma (MDF juostel\u0117)<br \/>\nAndersono pu\u0161is<br \/>\nArtisan \u0105\u017euolas (MDF juostel\u0117s)<br \/>\nJuodas\/Didysis \u0105\u017euolas<br \/>\nEukaliptas<br \/>\nKa\u0161myro sm\u0117lio spalvos<br \/>\n\u0160viesiai pilka \/ Halifakso \u0105\u017euolas<\/p>","protected":false},"excerpt":{"rendered":"<p>Matmenys:<br \/>\nPlotis: 380 cm<br \/>\nAuk\u0161tis: 240 cm<br \/>\nGylis: 55 cm<\/p>","protected":false},"featured_media":333059,"comment_status":"open","ping_status":"closed","template":"","meta":[],"product_brand":[],"product_cat":[9983,9857,2008],"product_tag":[],"class_list":{"0":"post-332936","1":"product","2":"type-product","3":"status-publish","4":"has-post-thumbnail","6":"product_cat-furniture-sets-room-sets-meblast","7":"product_cat-meblast","8":"product_cat-wall-units","10":"first","11":"instock","12":"shipping-taxable","13":"purchasable","14":"product-type-variable","15":"wvs-archive-product-wrapper"},"_links":{"self":[{"href":"https:\/\/baldumarket.lt\/lt\/wp-json\/wp\/v2\/product\/332936","targetHints":{"allow":["GET"]}}],"collection":[{"href":"https:\/\/baldumarket.lt\/lt\/wp-json\/wp\/v2\/product"}],"about":[{"href":"https:\/\/baldumarket.lt\/lt\/wp-json\/wp\/v2\/types\/product"}],"replies":[{"embeddable":true,"href":"https:\/\/baldumarket.lt\/lt\/wp-json\/wp\/v2\/comments?post=332936"}],"wp:featuredmedia":[{"embeddable":true,"href":"https:\/\/baldumarket.lt\/lt\/wp-json\/wp\/v2\/media\/333059"}],"wp:attachment":[{"href":"https:\/\/baldumarket.lt\/lt\/wp-json\/wp\/v2\/media?parent=332936"}],"wp:term":[{"taxonomy":"product_brand","embeddable":true,"href":"https:\/\/baldumarket.lt\/lt\/wp-json\/wp\/v2\/product_brand?post=332936"},{"taxonomy":"product_cat","embeddable":true,"href":"https:\/\/baldumarket.lt\/lt\/wp-json\/wp\/v2\/product_cat?post=332936"},{"taxonomy":"product_tag","embeddable":true,"href":"https:\/\/baldumarket.lt\/lt\/wp-json\/wp\/v2\/product_tag?post=332936"}],"curies":[{"name":"wp","href":"https:\/\/api.w.org\/{rel}","templated":true}]}}