{"id":332934,"date":"2026-03-06T23:45:44","date_gmt":"2026-03-06T20:45:44","guid":{"rendered":"https:\/\/baldumarket.lt\/?post_type=product&#038;p=332934"},"modified":"2026-03-24T13:42:17","modified_gmt":"2026-03-24T10:42:17","slug":"elegantiska-sienine-spintele-su-spintomis-ir-televizoriaus-lentyna-380-x-240-cm-tamsus-sonoma-naturalus-grand-oak-dako","status":"publish","type":"product","link":"https:\/\/baldumarket.lt\/lt\/produktas\/elegantiska-sienine-spintele-su-spintomis-ir-televizoriaus-lentyna-380-x-240-cm-tamsus-sonoma-naturalus-grand-oak-dako\/","title":{"rendered":"Eleganti\u0161ka sienin\u0117 spintel\u0117 su spintomis ir televizoriaus lentyna 380 \u00d7 240 cm, Sonoma Ciemna \/ D\u0105b Grand Naturalny \u2013 DAKO"},"content":{"rendered":"<p>\u201eDAKO\u201c sienin\u0117 spintel\u0117, kurios spalv\u0173 palet\u0117 \u201eDark Sonoma\u201c \/ \u201eNatural Grand Oak\u201c, kurios matmenys \u2013 380 x 240 cm, \u2013 yra eleganti\u0161ka svetain\u0117s spintel\u0117, kurioje dera nat\u016bralios medienos \u0161iluma ir gilesnis, \u012ftaigesnis atspalvis. \u0160is kontrastas suteikia spintelei i\u0161skirtin\u012f, ta\u010diau harmoning\u0105 charakter\u012f, puikiai tinkant\u012f tiek klasikiniam, tiek moderniam interjerui.<\/p>\n<p>Centrin\u0117 televizijos zona su lentyna buvo suprojektuota kaip ai\u0161kus gyvenamosios erdv\u0117s akcentas. \u017demesn\u0117s spintel\u0117s ir erdv\u016bs stal\u010diai leid\u017eia esteti\u0161kai laikyti multimedijos \u012frang\u0105, dokumentus ir priedus, padeda palaikyti tvark\u0105 svetain\u0117je neprarandant funkcionalumo.<\/p>\n<p>Prie\u0161ais televizoriaus zon\u0105 yra dvi labai erdvios spintos su drabu\u017ei\u0173 kabyklomis ir lentynomis. \u0160is sprendimas \u017eymiai padidina talp\u0105 ir leid\u017eia DAKO sienin\u0119 spintel\u0119 naudoti ir kaip prakti\u0161k\u0105 spint\u0105, ypa\u010d butuose, kur svarbu efektyviai i\u0161naudoti erdv\u0119. Vir\u0161utin\u0117je komplekto dalyje yra iki lub\u0173 siekiantys praplatinimai, kurie jungia u\u017edarus segmentus atviromis lentynomis ir stiklo elementais. Tai leid\u017eia patogiai laikyti ir esteti\u0161kai eksponuoti knygas, dekoracijas ir suvenyrus, i\u0161laikant darni\u0105 ir eleganti\u0161k\u0105 form\u0105.<\/p>\n<p>\u201eDark Sonoma\u201c \/ nat\u016bralaus did\u017eiojo \u0105\u017euolo derinys suteikia baldui \u0161ilt\u0105, ta\u010diau u\u017etikrint\u0105 i\u0161vaizd\u0105, kuri dera tiek jaukiuose, klasikiniuose interjeruose, tiek moderniuose dizainuose, paremtuose nat\u016braliomis med\u017eiagomis. \u201eDAKO Dark Sonoma\u201c \/ nat\u016bralaus did\u017eiojo \u0105\u017euolo sienin\u0117 spintel\u0117 yra puikus pasirinkimas ie\u0161kantiems erdvaus, eleganti\u0161ko ir tvirto svetain\u0117s sprendimo.<\/p>\n<p>Galimos standartin\u0117s spalvos:<br \/>\nPorto vy\u0161nia (MDF juostel\u0117)<br \/>\nLefkos \u0105\u017euolas (MDF juostel\u0117s)<br \/>\nBalta\/juoda<br \/>\nLefkas \u0105\u017euolas \/ grafito pilka<br \/>\nBalta<br \/>\n\u0160viesus Sonoma (MDF juostel\u0117)<br \/>\nAndersono pu\u0161is<br \/>\nArtisan \u0105\u017euolas (MDF juostel\u0117s)<br \/>\nJuodas\/Didysis \u0105\u017euolas<br \/>\nEukaliptas<br \/>\nKa\u0161myro sm\u0117lio spalvos<br \/>\n\u0160viesiai pilka \/ Halifakso \u0105\u017euolas<\/p>","protected":false},"excerpt":{"rendered":"<p>Matmenys:<br \/>\nPlotis: 380 cm<br \/>\nAuk\u0161tis: 240 cm<br \/>\nGylis: 55 cm<\/p>","protected":false},"featured_media":333052,"comment_status":"open","ping_status":"closed","template":"","meta":[],"product_brand":[],"product_cat":[9983,9857,2008],"product_tag":[],"class_list":{"0":"post-332934","1":"product","2":"type-product","3":"status-publish","4":"has-post-thumbnail","6":"product_cat-furniture-sets-room-sets-meblast","7":"product_cat-meblast","8":"product_cat-wall-units","10":"first","11":"instock","12":"shipping-taxable","13":"purchasable","14":"product-type-variable","15":"wvs-archive-product-wrapper"},"_links":{"self":[{"href":"https:\/\/baldumarket.lt\/lt\/wp-json\/wp\/v2\/product\/332934","targetHints":{"allow":["GET"]}}],"collection":[{"href":"https:\/\/baldumarket.lt\/lt\/wp-json\/wp\/v2\/product"}],"about":[{"href":"https:\/\/baldumarket.lt\/lt\/wp-json\/wp\/v2\/types\/product"}],"replies":[{"embeddable":true,"href":"https:\/\/baldumarket.lt\/lt\/wp-json\/wp\/v2\/comments?post=332934"}],"wp:featuredmedia":[{"embeddable":true,"href":"https:\/\/baldumarket.lt\/lt\/wp-json\/wp\/v2\/media\/333052"}],"wp:attachment":[{"href":"https:\/\/baldumarket.lt\/lt\/wp-json\/wp\/v2\/media?parent=332934"}],"wp:term":[{"taxonomy":"product_brand","embeddable":true,"href":"https:\/\/baldumarket.lt\/lt\/wp-json\/wp\/v2\/product_brand?post=332934"},{"taxonomy":"product_cat","embeddable":true,"href":"https:\/\/baldumarket.lt\/lt\/wp-json\/wp\/v2\/product_cat?post=332934"},{"taxonomy":"product_tag","embeddable":true,"href":"https:\/\/baldumarket.lt\/lt\/wp-json\/wp\/v2\/product_tag?post=332934"}],"curies":[{"name":"wp","href":"https:\/\/api.w.org\/{rel}","templated":true}]}}