{"id":332932,"date":"2026-03-06T23:45:43","date_gmt":"2026-03-06T20:45:43","guid":{"rendered":"https:\/\/baldumarket.lt\/?post_type=product&#038;p=332932"},"modified":"2026-03-24T13:42:17","modified_gmt":"2026-03-24T10:42:17","slug":"elegantiska-sienine-spintele-su-spintomis-ir-televizoriaus-lentyna-380-x-240-cm-kasmyro-smelio-spalvos-dako","status":"publish","type":"product","link":"https:\/\/baldumarket.lt\/lt\/produktas\/elegantiska-sienine-spintele-su-spintomis-ir-televizoriaus-lentyna-380-x-240-cm-kasmyro-smelio-spalvos-dako\/","title":{"rendered":"Eleganti\u0161ka sienin\u0117 spintel\u0117 su spintomis ir televizoriaus lentyna, 380 \u00d7 240 cm, Kaszmirowy Be\u017c \u2013 DAKO"},"content":{"rendered":"<p>DAKO Cashmere Beige spalvos sienin\u0117 spintel\u0117, kurios matmenys 380 x 240 cm, yra eleganti\u0161ka svetain\u0117s spintel\u0117, skirta interjerams, kuriuose svarbiausia subtili estetika ir harmoningos spalv\u0173 gamos. \u0160iltas, prislopintas sm\u0117lio atspalvis suteikia spintelei vizualinio lengvumo, o dar didesniems \u2013 rami\u0105 ir eleganti\u0161k\u0105 i\u0161vaizd\u0105.<br \/>\nCentrin\u0117 televizijos zona su lentyna sukurta kaip ai\u0161kus ir funkcionalus gyvenamosios erdv\u0117s akcentas. Apatin\u0117s spintel\u0117s ir erdv\u016bs stal\u010diai suteikia esteti\u0161k\u0105 viet\u0105 multimedijos \u012frangai, dokumentams ir priedams laikyti, padeda palaikyti tvark\u0105 ir vientis\u0105 svetain\u0117s vaizd\u0105.<br \/>\n\u0160alia televizoriaus zonos \u012frengtos dvi labai erdvios spintos su drabu\u017ei\u0173 kabyklomis ir lentynomis. \u0160is sprendimas \u017eymiai padidina sienin\u0117s spintel\u0117s funkcionalum\u0105 ir leid\u017eia j\u0105 naudoti kaip prakti\u0161k\u0105 spintos blok\u0105, ypa\u010d butuose, kur labai svarbu maksimaliai i\u0161naudoti turim\u0105 erdv\u0119. Vir\u0161utin\u0119 komplekto dal\u012f sudaro iki lub\u0173 siekiantys prailginimai, jungiantys u\u017edarus segmentus su atviromis lentynomis ir stiklo elementais. Tai leid\u017eia patogiai laikyti ir esteti\u0161kai eksponuoti knygas, dekoracijas ir suvenyrus, i\u0161laikant tvarking\u0105 ir reprezentatyv\u0173 charakter\u012f.<br \/>\nKa\u0161myro sm\u0117lio spalva puikiai dera prie moderni\u0173 interjer\u0173, toki\u0173 kaip \u0161velnus modernus, moderni klasika ir interjerai, kuriuose dominuoja \u0161viesios, \u0161iltos spalvos. DAKO ka\u0161myro sm\u0117lio spalvos sienin\u0117 spintel\u0117 yra puikus pasirinkimas tiems, kurie ie\u0161ko erdvaus, eleganti\u0161ko ir vizualiai \u0161viesaus sprendimo savo svetainei.<\/p>\n<p>Galimos standartin\u0117s spalvos:<br \/>\nPorto vy\u0161nia (MDF juostel\u0117)<br \/>\nLefkos \u0105\u017euolas (MDF juostel\u0117s)<br \/>\nBalta\/juoda<br \/>\nLefkas \u0105\u017euolas \/ grafito pilka<br \/>\nBalta<br \/>\n\u0160viesus Sonoma (MDF juostel\u0117)<br \/>\nAndersono pu\u0161is<br \/>\nArtisan \u0105\u017euolas (MDF juostel\u0117s)<br \/>\nJuodas\/Didysis \u0105\u017euolas<br \/>\nEukaliptas<br \/>\nKa\u0161myro sm\u0117lio spalvos<br \/>\n\u0160viesiai pilka \/ Halifakso \u0105\u017euolas<\/p>","protected":false},"excerpt":{"rendered":"<p>Matmenys:<br \/>\nPlotis: 380 cm<br \/>\nAuk\u0161tis: 240 cm<br \/>\nGylis: 55 cm<\/p>","protected":false},"featured_media":333045,"comment_status":"open","ping_status":"closed","template":"","meta":[],"product_brand":[],"product_cat":[9983,9857,2008],"product_tag":[],"class_list":{"0":"post-332932","1":"product","2":"type-product","3":"status-publish","4":"has-post-thumbnail","6":"product_cat-furniture-sets-room-sets-meblast","7":"product_cat-meblast","8":"product_cat-wall-units","10":"first","11":"instock","12":"shipping-taxable","13":"purchasable","14":"product-type-variable","15":"wvs-archive-product-wrapper"},"_links":{"self":[{"href":"https:\/\/baldumarket.lt\/lt\/wp-json\/wp\/v2\/product\/332932","targetHints":{"allow":["GET"]}}],"collection":[{"href":"https:\/\/baldumarket.lt\/lt\/wp-json\/wp\/v2\/product"}],"about":[{"href":"https:\/\/baldumarket.lt\/lt\/wp-json\/wp\/v2\/types\/product"}],"replies":[{"embeddable":true,"href":"https:\/\/baldumarket.lt\/lt\/wp-json\/wp\/v2\/comments?post=332932"}],"wp:featuredmedia":[{"embeddable":true,"href":"https:\/\/baldumarket.lt\/lt\/wp-json\/wp\/v2\/media\/333045"}],"wp:attachment":[{"href":"https:\/\/baldumarket.lt\/lt\/wp-json\/wp\/v2\/media?parent=332932"}],"wp:term":[{"taxonomy":"product_brand","embeddable":true,"href":"https:\/\/baldumarket.lt\/lt\/wp-json\/wp\/v2\/product_brand?post=332932"},{"taxonomy":"product_cat","embeddable":true,"href":"https:\/\/baldumarket.lt\/lt\/wp-json\/wp\/v2\/product_cat?post=332932"},{"taxonomy":"product_tag","embeddable":true,"href":"https:\/\/baldumarket.lt\/lt\/wp-json\/wp\/v2\/product_tag?post=332932"}],"curies":[{"name":"wp","href":"https:\/\/api.w.org\/{rel}","templated":true}]}}