{"id":332909,"date":"2026-03-06T23:45:02","date_gmt":"2026-03-06T20:45:02","guid":{"rendered":"https:\/\/baldumarket.lt\/?post_type=product&#038;p=332909"},"modified":"2026-03-24T13:42:17","modified_gmt":"2026-03-24T10:42:17","slug":"elegantiska-sienine-spintele-su-spintomis-ir-televizoriaus-lentyna-380-x-240-cm-sviesiai-pilka-halifakso-azuolas-dako","status":"publish","type":"product","link":"https:\/\/baldumarket.lt\/lt\/produktas\/elegantiska-sienine-spintele-su-spintomis-ir-televizoriaus-lentyna-380-x-240-cm-sviesiai-pilka-halifakso-azuolas-dako\/","title":{"rendered":"Eleganti\u0161ka sienin\u0117 spintel\u0117 su spintomis ir televizoriaus lentyna 380 \u00d7 240 cm Szary Jasny \/ D\u0105b Halifax \u2013 DAKO"},"content":{"rendered":"<p>\u201eDAKO\u201c sienin\u0117 spintel\u0117, kurios spalv\u0173 palet\u0117 \u2013 \u0161viesiai pilka \/ Halifakso \u0105\u017euolas, kurios matmenys \u2013 380 x 240 cm, \u2013 yra eleganti\u0161ka svetain\u0117s spintel\u0117, kurioje dera moderni \u0161viesiai pilka spalva su \u0161iltais, nat\u016bralios medienos akcentais. \u0160is spalv\u0173 derinys suteikia spintelei vizualinio lengvumo ir net didesnei spintelei suteikia harmoning\u0105 bei esteti\u0161k\u0105 i\u0161vaizd\u0105.<br \/>\nCentrin\u0117 televizijos zona su lentyna buvo suprojektuota kaip tvarkingas svetain\u0117s akcentas. Apatin\u0117s spintel\u0117s ir erdv\u016bs stal\u010diai leid\u017eia esteti\u0161kai laikyti multimedijos \u012frang\u0105, dokumentus ir priedus, i\u0161laikant tvarking\u0105 ir darni\u0105 svetain\u0117s i\u0161vaizd\u0105.<br \/>\n\u0160alia televizoriaus zonos yra dvi labai erdvios spintos su drabu\u017ei\u0173 kabyklomis ir lentynomis. Tai leid\u017eia DAKO sieninei spintelei pasi\u016blyti daug vietos daiktams susid\u0117ti ir gali b\u016bti prakti\u0161ka spinta, ypa\u010d butuose, kur svarbu efektyviai i\u0161naudoti erdv\u0119. Vir\u0161utin\u0117je komplekto dalyje yra iki lub\u0173 siekiantys prapl\u0117timai, kurie sujungia u\u017edarus segmentus su atviromis lentynomis ir stiklo elementais. \u0160is sprendimas leid\u017eia patogiai laikyti ir esteti\u0161kai eksponuoti knygas, dekoracijas ir suvenyrus, tuo pa\u010diu suskaidant bendr\u0105 bald\u0173 t\u016br\u012f.<\/p>\n<p>\u0160viesiai pilkos ir Halifakso \u0105\u017euolo derinys puikiai dera prie moderni\u0173, skandinavi\u0161k\u0173 ir \u0161velnaus modernumo interjer\u0173, kuriuose svarbiausia yra ry\u0161kumas, nat\u016bralumas ir rami elegancija. DAKO \u0161viesiai pilka \/ Halifakso \u0105\u017euolo sienin\u0117 spintel\u0117 puikiai tinka ie\u0161kantiems erdvaus, funkcionalaus ir vizualiai lengvo svetain\u0117s sprendimo.<\/p>\n<p>Galimos standartin\u0117s spalvos:<br \/>\nPorto vy\u0161nia (MDF juostel\u0117)<br \/>\nLefkos \u0105\u017euolas (MDF juostel\u0117s)<br \/>\nBalta\/juoda<br \/>\nLefkas \u0105\u017euolas \/ grafito pilka<br \/>\nBalta<br \/>\n\u0160viesus Sonoma (MDF juostel\u0117)<br \/>\nAndersono pu\u0161is<br \/>\nArtisan \u0105\u017euolas (MDF juostel\u0117s)<br \/>\nJuodas\/Didysis \u0105\u017euolas<br \/>\nEukaliptas<br \/>\nKa\u0161myro sm\u0117lio spalvos<br \/>\n\u0160viesiai pilka \/ Halifakso \u0105\u017euolas<\/p>","protected":false},"excerpt":{"rendered":"<p>Matmenys:<br \/>\nPlotis: 380 cm<br \/>\nAuk\u0161tis: 240 cm<br \/>\nGylis: 55 cm<\/p>","protected":false},"featured_media":333032,"comment_status":"open","ping_status":"closed","template":"","meta":[],"product_brand":[],"product_cat":[9983,9857,2008],"product_tag":[],"class_list":{"0":"post-332909","1":"product","2":"type-product","3":"status-publish","4":"has-post-thumbnail","6":"product_cat-furniture-sets-room-sets-meblast","7":"product_cat-meblast","8":"product_cat-wall-units","10":"first","11":"instock","12":"shipping-taxable","13":"purchasable","14":"product-type-variable","15":"wvs-archive-product-wrapper"},"_links":{"self":[{"href":"https:\/\/baldumarket.lt\/lt\/wp-json\/wp\/v2\/product\/332909","targetHints":{"allow":["GET"]}}],"collection":[{"href":"https:\/\/baldumarket.lt\/lt\/wp-json\/wp\/v2\/product"}],"about":[{"href":"https:\/\/baldumarket.lt\/lt\/wp-json\/wp\/v2\/types\/product"}],"replies":[{"embeddable":true,"href":"https:\/\/baldumarket.lt\/lt\/wp-json\/wp\/v2\/comments?post=332909"}],"wp:featuredmedia":[{"embeddable":true,"href":"https:\/\/baldumarket.lt\/lt\/wp-json\/wp\/v2\/media\/333032"}],"wp:attachment":[{"href":"https:\/\/baldumarket.lt\/lt\/wp-json\/wp\/v2\/media?parent=332909"}],"wp:term":[{"taxonomy":"product_brand","embeddable":true,"href":"https:\/\/baldumarket.lt\/lt\/wp-json\/wp\/v2\/product_brand?post=332909"},{"taxonomy":"product_cat","embeddable":true,"href":"https:\/\/baldumarket.lt\/lt\/wp-json\/wp\/v2\/product_cat?post=332909"},{"taxonomy":"product_tag","embeddable":true,"href":"https:\/\/baldumarket.lt\/lt\/wp-json\/wp\/v2\/product_tag?post=332909"}],"curies":[{"name":"wp","href":"https:\/\/api.w.org\/{rel}","templated":true}]}}