{"id":332907,"date":"2026-03-06T23:44:59","date_gmt":"2026-03-06T20:44:59","guid":{"rendered":"https:\/\/baldumarket.lt\/?post_type=product&#038;p=332907"},"modified":"2026-03-26T10:46:06","modified_gmt":"2026-03-26T07:46:06","slug":"moderni-sienine-spintele-su-erdviomis-spintomis-ir-televizoriaus-spintele-380-x-240-cm-lefkas-azuolas-nesto","status":"publish","type":"product","link":"https:\/\/baldumarket.lt\/lt\/produktas\/moderni-sienine-spintele-su-erdviomis-spintomis-ir-televizoriaus-spintele-380-x-240-cm-lefkas-azuolas-nesto\/","title":{"rendered":"Moderni sienin\u0117 spintel\u0117 su erdviomis spintomis ir televizoriaus spintele, 380 \u00d7 240 cm, Dab Lefkas \u2013 NESTO"},"content":{"rendered":"<p>\u201eNESTO\u201c sienin\u0117 spintel\u0117 \u201eLefkas Oak\u201c spalvos, kurios matmenys 380 x 240 cm, yra rafinuotas, modernus svetain\u0117s spintel\u0117, sukurta siekiant maksimaliai i\u0161naudoti erdv\u0119. Visas 240 cm auk\u0161tis leid\u017eia i\u0161naudoti sien\u0105 nuo grind\u0173 iki lub\u0173, tod\u0117l yra \u017eymiai daugiau vietos daiktams susid\u0117ti nei tradicin\u0117se televizoriaus sienin\u0117se spintel\u0117se.<br \/>\nCentrin\u0117 televizoriaus zona yra ai\u0161kiai atskirta ir suprojektuota taip, kad joje patogiai tilpt\u0173 televizorius ir multimedijos \u012franga. Tiesiai po ja yra erdv\u016bs stal\u010diai ir multimedijos spintel\u0117, leid\u017eianti tvarkingai susid\u0117ti televizoriaus priedus, dokumentus ir smulkius daiktus, i\u0161laikant estetin\u012f svetain\u0117s patrauklum\u0105.<br \/>\n\u0160alia televizoriaus zonos \u012frengtos dvi auk\u0161tos, erdvios spintos su lentynomis ir pakab\u0173 b\u0117geliais. Tai leid\u017eia NESTO sieninei spintelei s\u0117kmingai atlikti drabu\u017ein\u0117s funkcij\u0105, ypa\u010d butuose, kur svarbus kiekvienas kvadratinis metras vietos daiktams susid\u0117ti. Vir\u0161utin\u0119 komplekto dal\u012f sudaro iki lub\u0173 siekiantys prailginimai, \u012fskaitant televizoriaus prailginimus su d\u016bminio stiklo durel\u0117mis, kurie veikia kaip eleganti\u0161ka vitrina. Stiklas suardo vientis\u0105 spintel\u0117s form\u0105, suteikia jai vizualinio lengvumo ir leid\u017eia eksponuoti dekoracijas ar pasirinktus baldus.<\/p>\n<p>\u201eLefkas Oak\u201c spalva suteikia sieninei spintelei \u0161ilt\u0105, nat\u016bral\u0173 charakter\u012f ir i\u0161ry\u0161kina medienos ra\u0161t\u0105. \u0160i spalva dera tiek moderniame, tiek klasikiniame interjere, sukurdama darn\u0173 ir nesenstant\u012f svetain\u0117s dizain\u0105. \u201eNESTO Lefkas Oak\u201c sienin\u0117 spintel\u0117 yra sprendimas tiems, kurie tikisi didel\u0117s talpos daiktams susid\u0117ti, tvarkingo i\u0161planavimo ir modernios estetikos viename balde.<\/p>\n<p>Galimos spalvos:<br \/>\nBalta<br \/>\nSepija<br \/>\nGrafito pilka<br \/>\nTamsiai m\u0117lyna<br \/>\nBaltijos kop\u0173 \u0105\u017euolas<br \/>\nBly\u0161kus v\u0117jo mal\u016bno \u0105\u017euolas<br \/>\nLefkas \u0105\u017euolas (su MDF juostele)<br \/>\nTamsi Sonoma\/\u0160viesi Sonoma (su MDF juostele)<br \/>\nWotano \u0105\u017euolas \/ butelio \u017ealia<\/p>","protected":false},"excerpt":{"rendered":"<p>Matmenys:<br \/>\nPlotis: 380 cm<br \/>\nAuk\u0161tis: 240 cm<br \/>\nGylis: 54 cm<\/p>","protected":false},"featured_media":333025,"comment_status":"open","ping_status":"closed","template":"","meta":[],"product_brand":[],"product_cat":[9983,9857,2008],"product_tag":[],"class_list":{"0":"post-332907","1":"product","2":"type-product","3":"status-publish","4":"has-post-thumbnail","6":"product_cat-furniture-sets-room-sets-meblast","7":"product_cat-meblast","8":"product_cat-wall-units","10":"first","11":"instock","12":"shipping-taxable","13":"purchasable","14":"product-type-variable","15":"wvs-archive-product-wrapper"},"_links":{"self":[{"href":"https:\/\/baldumarket.lt\/lt\/wp-json\/wp\/v2\/product\/332907","targetHints":{"allow":["GET"]}}],"collection":[{"href":"https:\/\/baldumarket.lt\/lt\/wp-json\/wp\/v2\/product"}],"about":[{"href":"https:\/\/baldumarket.lt\/lt\/wp-json\/wp\/v2\/types\/product"}],"replies":[{"embeddable":true,"href":"https:\/\/baldumarket.lt\/lt\/wp-json\/wp\/v2\/comments?post=332907"}],"wp:featuredmedia":[{"embeddable":true,"href":"https:\/\/baldumarket.lt\/lt\/wp-json\/wp\/v2\/media\/333025"}],"wp:attachment":[{"href":"https:\/\/baldumarket.lt\/lt\/wp-json\/wp\/v2\/media?parent=332907"}],"wp:term":[{"taxonomy":"product_brand","embeddable":true,"href":"https:\/\/baldumarket.lt\/lt\/wp-json\/wp\/v2\/product_brand?post=332907"},{"taxonomy":"product_cat","embeddable":true,"href":"https:\/\/baldumarket.lt\/lt\/wp-json\/wp\/v2\/product_cat?post=332907"},{"taxonomy":"product_tag","embeddable":true,"href":"https:\/\/baldumarket.lt\/lt\/wp-json\/wp\/v2\/product_tag?post=332907"}],"curies":[{"name":"wp","href":"https:\/\/api.w.org\/{rel}","templated":true}]}}