{"id":332882,"date":"2026-03-06T23:44:17","date_gmt":"2026-03-06T20:44:17","guid":{"rendered":"https:\/\/baldumarket.lt\/?post_type=product&#038;p=332882"},"modified":"2026-03-26T10:45:50","modified_gmt":"2026-03-26T07:45:50","slug":"moderni-sienine-spintele-su-erdviomis-spintomis-ir-televizoriaus-spintele-380-x-240-cm-balta-nesto","status":"publish","type":"product","link":"https:\/\/baldumarket.lt\/lt\/produktas\/moderni-sienine-spintele-su-erdviomis-spintomis-ir-televizoriaus-spintele-380-x-240-cm-balta-nesto\/","title":{"rendered":"Moderni sienin\u0117 spintel\u0117 su erdviomis spintomis ir televizoriaus spintele, 380 \u00d7 240 cm, Biel \u2013 NESTO"},"content":{"rendered":"<p>Balta NESTO sienin\u0117 spintel\u0117, kurios matmenys 380 x 240 cm, yra modernus svetain\u0117s baldas, skirtas \u0161viesiam, tvarkingam interjerui. Vienoda balta spalva suteikia baldui vizualinio lengvumo ir u\u017etikrina, kad net didelis t\u016bris neu\u017ego\u017et\u0173 erdv\u0117s, o harmoningai \u012fsiliet\u0173 \u012f kambario dizain\u0105.<br \/>\nVisas 240 cm auk\u0161tis leid\u017eia efektyviai i\u0161naudoti sien\u0105 nuo grind\u0173 iki lub\u0173, tod\u0117l yra daug vietos daiktams susid\u0117ti. Dvi auk\u0161tos \u0161onin\u0117s spintel\u0117s su lentynomis ir pakabomis leid\u017eia laikyti drabu\u017eius, tekstil\u0119 ir sezoninius daiktus, o sienin\u0117 spintel\u0117 gali b\u016bti naudojama ir kaip drabu\u017ei\u0173 spinta.<br \/>\nCentrin\u0117 televizoriaus zona buvo suprojektuota kaip organizuota erdv\u0117 televizoriui ir multimedijos \u012frangai. Multimedijos spintel\u0117 ir erdv\u016bs stal\u010diai leid\u017eia esteti\u0161kai organizuoti erdv\u0119, pasl\u0117pti laidus ir televizoriaus priedus, o tai ypa\u010d gerai atrodo minimalistiniame interjere.<br \/>\nVir\u0161utin\u0119 komplekto dal\u012f sudaro iki lub\u0173 siekiantys prailginamieji \u012frenginiai, \u012fskaitant televizoriaus prailginamuosius \u012frenginius su d\u016bminio stiklo durel\u0117mis, kurie tarnauja kaip eleganti\u0161ka vitrina. Stiklas subtiliai suskaido paprast\u0105 balt\u0105 baldo pavir\u0161i\u0173 ir suteikia bendrai i\u0161vaizdai modernumo, kartu leisdamas eksponuoti dekoracijas ar baldus.<\/p>\n<p>\u201eNESTO Biel\u201c sienin\u0117 spintel\u0117 \u2013 tai sprendimas ie\u0161kantiems erdvios, funkcionalios ir vizualiai \u0161viesios svetain\u0117s, puikiai tinkan\u010dios moderniam ir minimalistiniam interjerui.<\/p>\n<p>Galimos spalvos:<br \/>\nBalta<br \/>\nSepija<br \/>\nGrafito pilka<br \/>\nTamsiai m\u0117lyna<br \/>\nBaltijos kop\u0173 \u0105\u017euolas<br \/>\nBly\u0161kus v\u0117jo mal\u016bno \u0105\u017euolas<br \/>\nLefkas \u0105\u017euolas (su MDF juostele)<br \/>\nTamsi Sonoma\/\u0160viesi Sonoma (su MDF juostele)<br \/>\nWotano \u0105\u017euolas \/ butelio \u017ealia<\/p>","protected":false},"excerpt":{"rendered":"<p>Matmenys:<br \/>\nPlotis: 380 cm<br \/>\nAuk\u0161tis: 240 cm<br \/>\nGylis: 54 cm<\/p>","protected":false},"featured_media":333006,"comment_status":"open","ping_status":"closed","template":"","meta":[],"product_brand":[],"product_cat":[9983,9857,2008],"product_tag":[],"class_list":{"0":"post-332882","1":"product","2":"type-product","3":"status-publish","4":"has-post-thumbnail","6":"product_cat-furniture-sets-room-sets-meblast","7":"product_cat-meblast","8":"product_cat-wall-units","10":"first","11":"instock","12":"shipping-taxable","13":"purchasable","14":"product-type-variable","15":"wvs-archive-product-wrapper"},"_links":{"self":[{"href":"https:\/\/baldumarket.lt\/lt\/wp-json\/wp\/v2\/product\/332882","targetHints":{"allow":["GET"]}}],"collection":[{"href":"https:\/\/baldumarket.lt\/lt\/wp-json\/wp\/v2\/product"}],"about":[{"href":"https:\/\/baldumarket.lt\/lt\/wp-json\/wp\/v2\/types\/product"}],"replies":[{"embeddable":true,"href":"https:\/\/baldumarket.lt\/lt\/wp-json\/wp\/v2\/comments?post=332882"}],"wp:featuredmedia":[{"embeddable":true,"href":"https:\/\/baldumarket.lt\/lt\/wp-json\/wp\/v2\/media\/333006"}],"wp:attachment":[{"href":"https:\/\/baldumarket.lt\/lt\/wp-json\/wp\/v2\/media?parent=332882"}],"wp:term":[{"taxonomy":"product_brand","embeddable":true,"href":"https:\/\/baldumarket.lt\/lt\/wp-json\/wp\/v2\/product_brand?post=332882"},{"taxonomy":"product_cat","embeddable":true,"href":"https:\/\/baldumarket.lt\/lt\/wp-json\/wp\/v2\/product_cat?post=332882"},{"taxonomy":"product_tag","embeddable":true,"href":"https:\/\/baldumarket.lt\/lt\/wp-json\/wp\/v2\/product_tag?post=332882"}],"curies":[{"name":"wp","href":"https:\/\/api.w.org\/{rel}","templated":true}]}}