{"id":332864,"date":"2026-03-06T23:43:42","date_gmt":"2026-03-06T20:43:42","guid":{"rendered":"https:\/\/baldumarket.lt\/?post_type=product&#038;p=332864"},"modified":"2026-03-26T10:45:50","modified_gmt":"2026-03-26T07:45:50","slug":"moderni-sienine-spintele-su-erdviomis-spintomis-ir-televizoriaus-spintele-380-x-240-cm-grafito-pilka-nesto","status":"publish","type":"product","link":"https:\/\/baldumarket.lt\/lt\/produktas\/moderni-sienine-spintele-su-erdviomis-spintomis-ir-televizoriaus-spintele-380-x-240-cm-grafito-pilka-nesto\/","title":{"rendered":"Moderni sienin\u0117 spintel\u0117 su erdviomis spintomis ir televizoriaus spintele, 380 \u00d7 240 cm, Szary Grafit \u2013 NESTO"},"content":{"rendered":"<p>NESTO grafito pilkos spalvos sienin\u0117 spintel\u0117, kurios matmenys 380 x 240 cm, yra moderni svetain\u0117s spintel\u0117, skirta dr\u0105siam, \u0161iuolaiki\u0161kam interjerui. Sodri grafito spalva suteikia spintelei elegancijos ir ai\u0161kumo, kartu pabr\u0117\u017eiant paprast\u0105, tvarking\u0105 visos konstrukcijos form\u0105.<\/p>\n<p>Visas 240 cm auk\u0161tis leid\u017eia maksimaliai i\u0161naudoti sienos erdv\u0119 ir suteikia daug vietos daiktams susid\u0117ti. Dvi auk\u0161tos \u0161onin\u0117s spintel\u0117s su lentynomis ir pakabomis suteikia funkcionali\u0105 erdv\u0119 drabu\u017eiams, tekstilei ir sezoniniams daiktams. D\u0117l to NESTO sienin\u0117 spintel\u0117 puikiai tinka kaip drabu\u017ein\u0117.<\/p>\n<p>Centrin\u0117 televizoriaus zona suprojektuota atsi\u017evelgiant \u012f ai\u0161kum\u0105 ir ergonomik\u0105. Multimedijos spintel\u0117 ir erdv\u016bs stal\u010diai papildo televizoriaus erdv\u0119, leisdami susitvarkyti televizoriaus \u012frang\u0105, dokumentus ir priedus, i\u0161laikant estetin\u012f svetain\u0117s patrauklum\u0105. Vir\u0161utin\u0119 sienin\u0117s spintel\u0117s dal\u012f sudaro iki lub\u0173 siekiantys prailginimai, \u012fskaitant televizoriaus prailginimus su d\u016bminio stiklo durel\u0117mis, kurie tarnauja kaip moderni vitrina. Stiklas kartu su grafito spalv\u0173 gama suteikia spintelei \u0161iek tiek industrinio charakterio ir subtiliai skaido did\u017ei\u0105j\u0105 dal\u012f \u012fmontuot\u0173 bald\u0173.<br \/>\nGrafito pilkumo spalva puikiai dera prie modernaus, lofto ir minimalistinio dizaino, taip pat prie interjero, kuriame kontrastuoja \u0161vies\u016bs ir tams\u016bs pavir\u0161iai. NESTO grafito pilkumo sienin\u0117 spintel\u0117 yra sprendimas tiems, kurie tikisi didel\u0117s talpos daiktams susid\u0117ti, modernios estetikos ir tvarkingo svetain\u0117s i\u0161planavimo viename spintel\u0117s bloke.<\/p>\n<p>Galimos spalvos:<br \/>\nBalta<br \/>\nSepija<br \/>\nGrafito pilka<br \/>\nTamsiai m\u0117lyna<br \/>\nBaltijos kop\u0173 \u0105\u017euolas<br \/>\nBly\u0161kus v\u0117jo mal\u016bno \u0105\u017euolas<br \/>\nLefkas \u0105\u017euolas (su MDF juostele)<br \/>\nTamsi Sonoma\/\u0160viesi Sonoma (su MDF juostele)<br \/>\nWotano \u0105\u017euolas \/ butelio \u017ealia<\/p>","protected":false},"excerpt":{"rendered":"<p>Matmenys:<br \/>\nPlotis: 380 cm<br \/>\nAuk\u0161tis: 240 cm<br \/>\nGylis: 54 cm<\/p>","protected":false},"featured_media":332992,"comment_status":"open","ping_status":"closed","template":"","meta":[],"product_brand":[],"product_cat":[9983,9857,2008],"product_tag":[],"class_list":{"0":"post-332864","1":"product","2":"type-product","3":"status-publish","4":"has-post-thumbnail","6":"product_cat-furniture-sets-room-sets-meblast","7":"product_cat-meblast","8":"product_cat-wall-units","10":"first","11":"instock","12":"shipping-taxable","13":"purchasable","14":"product-type-variable","15":"wvs-archive-product-wrapper"},"_links":{"self":[{"href":"https:\/\/baldumarket.lt\/lt\/wp-json\/wp\/v2\/product\/332864","targetHints":{"allow":["GET"]}}],"collection":[{"href":"https:\/\/baldumarket.lt\/lt\/wp-json\/wp\/v2\/product"}],"about":[{"href":"https:\/\/baldumarket.lt\/lt\/wp-json\/wp\/v2\/types\/product"}],"replies":[{"embeddable":true,"href":"https:\/\/baldumarket.lt\/lt\/wp-json\/wp\/v2\/comments?post=332864"}],"wp:featuredmedia":[{"embeddable":true,"href":"https:\/\/baldumarket.lt\/lt\/wp-json\/wp\/v2\/media\/332992"}],"wp:attachment":[{"href":"https:\/\/baldumarket.lt\/lt\/wp-json\/wp\/v2\/media?parent=332864"}],"wp:term":[{"taxonomy":"product_brand","embeddable":true,"href":"https:\/\/baldumarket.lt\/lt\/wp-json\/wp\/v2\/product_brand?post=332864"},{"taxonomy":"product_cat","embeddable":true,"href":"https:\/\/baldumarket.lt\/lt\/wp-json\/wp\/v2\/product_cat?post=332864"},{"taxonomy":"product_tag","embeddable":true,"href":"https:\/\/baldumarket.lt\/lt\/wp-json\/wp\/v2\/product_tag?post=332864"}],"curies":[{"name":"wp","href":"https:\/\/api.w.org\/{rel}","templated":true}]}}