{"id":332837,"date":"2026-03-06T23:42:58","date_gmt":"2026-03-06T20:42:58","guid":{"rendered":"https:\/\/baldumarket.lt\/?post_type=product&#038;p=332837"},"modified":"2026-03-26T10:52:08","modified_gmt":"2026-03-26T07:52:08","slug":"moderni-sienine-spintele-su-erdviomis-spintomis-ir-televizoriaus-spintele-380-x-240-cm-windmill-pale-oak-nesto","status":"publish","type":"product","link":"https:\/\/baldumarket.lt\/lt\/produktas\/moderni-sienine-spintele-su-erdviomis-spintomis-ir-televizoriaus-spintele-380-x-240-cm-windmill-pale-oak-nesto\/","title":{"rendered":"Moderni sienin\u0117 spintel\u0117 su erdviomis spintomis ir televizoriaus spintele, 380 \u00d7 240 cm, D\u0105b Windmill Pale \u2013 NESTO"},"content":{"rendered":"<p>NESTO sienin\u0117 spintel\u0117 \u201eWindmill Pale Oak\u201c spalvos, kurios matmenys 380 x 240 cm, \u2013 tai modernus svetain\u0117s spintel\u0117, skirta \u0161viesiam ir erdviam interjerui. Subtilus, balinto \u0105\u017euolo pavir\u0161ius suteikia spintelei subtilaus charakterio, o net didesniems baldams suteikia gaivumo ir harmoningumo.<\/p>\n<p>Visas 240 cm auk\u0161tis leid\u017eia maksimaliai i\u0161naudoti sien\u0173 erdv\u0119 nuo grind\u0173 iki lub\u0173. Dvi auk\u0161tos \u0161onin\u0117s spintel\u0117s su lentynomis ir pakabomis suteikia daug vietos drabu\u017eiams, tekstilei ir sezoniniams daiktams laikyti. D\u0117l to NESTO sienin\u0117 spintel\u0117 puikiai tinka ne tik kaip televizoriaus zona, bet ir kaip prakti\u0161ka drabu\u017ein\u0117.<\/p>\n<p>Centrin\u0117 komplekto dalis suprojektuota kaip tvarkinga multimedijos zona. Televizoriaus erdv\u0119 papildo televizoriaus spintel\u0117 ir erdv\u016bs stal\u010diai, leid\u017eiantys esteti\u0161kai laikyti garso ir vaizdo \u012frang\u0105, dokumentus ir priedus, netrukdant vizualiai tvarkai svetain\u0117je. Vir\u0161utin\u0119 sienin\u0117s spintel\u0117s dal\u012f sudaro iki lub\u0173 siekiantys prailginimai, \u012fskaitant televizoriaus prailginimus su d\u016bminio stiklo durel\u0117mis, kurie tarnauja kaip moderni vitrina. Stiklas subtiliai suardo spintel\u0117s vienodum\u0105 ir suteikia bendram dizainui lengvumo, kartu leisdamas subtiliai eksponuoti dekoracijas ar baldus.<br \/>\n\u201eWindmill Pale Oak\u201c spalva puikiai dera su moderniu dizainu, skandinavi\u0161ko stiliaus interjerais, japoni\u0161ko stiliaus \u012fkv\u0117ptais interjerais ir erdv\u0117mis, kuriose svarbiausia \u0161viesumas, nat\u016bralumas ir rami estetika. NESTO \u201eWindmill Pale Oak\u201c sienin\u0117 spintel\u0117 puikiai tinka ie\u0161kantiems erdvios, funkcionalios ir vizualiai \u0161viesios gyvenamosios erdv\u0117s.<\/p>\n<p>Galimos spalvos:<br \/>\nBalta<br \/>\nSepija<br \/>\nGrafito pilka<br \/>\nTamsiai m\u0117lyna<br \/>\nBaltijos kop\u0173 \u0105\u017euolas<br \/>\nBly\u0161kus v\u0117jo mal\u016bno \u0105\u017euolas<br \/>\nLefkas \u0105\u017euolas (su MDF juostele)<br \/>\nTamsi Sonoma\/\u0160viesi Sonoma (su MDF juostele)<br \/>\nWotano \u0105\u017euolas \/ butelio \u017ealia<\/p>","protected":false},"excerpt":{"rendered":"<p>Matmenys:<br \/>\nPlotis: 380 cm<br \/>\nAuk\u0161tis: 240 cm<br \/>\nGylis: 54 cm<\/p>","protected":false},"featured_media":332964,"comment_status":"open","ping_status":"closed","template":"","meta":[],"product_brand":[],"product_cat":[9983,9857,2008],"product_tag":[],"class_list":{"0":"post-332837","1":"product","2":"type-product","3":"status-publish","4":"has-post-thumbnail","6":"product_cat-furniture-sets-room-sets-meblast","7":"product_cat-meblast","8":"product_cat-wall-units","10":"first","11":"instock","12":"shipping-taxable","13":"purchasable","14":"product-type-variable","15":"wvs-archive-product-wrapper"},"_links":{"self":[{"href":"https:\/\/baldumarket.lt\/lt\/wp-json\/wp\/v2\/product\/332837","targetHints":{"allow":["GET"]}}],"collection":[{"href":"https:\/\/baldumarket.lt\/lt\/wp-json\/wp\/v2\/product"}],"about":[{"href":"https:\/\/baldumarket.lt\/lt\/wp-json\/wp\/v2\/types\/product"}],"replies":[{"embeddable":true,"href":"https:\/\/baldumarket.lt\/lt\/wp-json\/wp\/v2\/comments?post=332837"}],"wp:featuredmedia":[{"embeddable":true,"href":"https:\/\/baldumarket.lt\/lt\/wp-json\/wp\/v2\/media\/332964"}],"wp:attachment":[{"href":"https:\/\/baldumarket.lt\/lt\/wp-json\/wp\/v2\/media?parent=332837"}],"wp:term":[{"taxonomy":"product_brand","embeddable":true,"href":"https:\/\/baldumarket.lt\/lt\/wp-json\/wp\/v2\/product_brand?post=332837"},{"taxonomy":"product_cat","embeddable":true,"href":"https:\/\/baldumarket.lt\/lt\/wp-json\/wp\/v2\/product_cat?post=332837"},{"taxonomy":"product_tag","embeddable":true,"href":"https:\/\/baldumarket.lt\/lt\/wp-json\/wp\/v2\/product_tag?post=332837"}],"curies":[{"name":"wp","href":"https:\/\/api.w.org\/{rel}","templated":true}]}}