{"id":332835,"date":"2026-03-06T23:42:57","date_gmt":"2026-03-06T20:42:57","guid":{"rendered":"https:\/\/baldumarket.lt\/?post_type=product&#038;p=332835"},"modified":"2026-03-26T10:45:50","modified_gmt":"2026-03-26T07:45:50","slug":"moderni-sienine-spintele-su-erdviomis-spintomis-ir-televizoriaus-spintele-380-x-240-cm-wotan-azuolo-butelio-zalios-spalvos-nesto","status":"publish","type":"product","link":"https:\/\/baldumarket.lt\/lt\/produktas\/moderni-sienine-spintele-su-erdviomis-spintomis-ir-televizoriaus-spintele-380-x-240-cm-wotan-azuolo-butelio-zalios-spalvos-nesto\/","title":{"rendered":"Moderni sienin\u0117 spintel\u0117 su erdviomis spintomis ir televizoriaus spintele, 380 \u00d7 240 cm, D\u0105b Wotan \/ Ziele\u0144 Butelkowa \u2013 NESTO"},"content":{"rendered":"<p>NESTO sienin\u0117 spintel\u0117 \u201eWotan Oak\u201c \/ \u201eBottle Green\u201c spalv\u0173 gamos, kurios matmenys 380 x 240 cm, yra modernus svetain\u0117s spintel\u0117, pasi\u017eyminti i\u0161skirtiniu, eleganti\u0161ku charakteriu. Nat\u016bralaus, tamsaus \u0105\u017euolo dekoro ir intensyvios \u017ealios spalvos derinys suteikia spintelei i\u0161rai\u0161king\u0105 form\u0105 ir paver\u010dia j\u0105 stipriu interjero dizaino elementu.<\/p>\n<p>Visas 240 cm auk\u0161tis leid\u017eia maksimaliai i\u0161naudoti sienos erdv\u0119 ir suteikia daug vietos daiktams susid\u0117ti. Dvi auk\u0161tos \u0161onin\u0117s spintel\u0117s su lentynomis ir pakabomis leid\u017eia patogiai susid\u0117ti drabu\u017eius, tekstil\u0119 ir sezoninius daiktus. D\u0117l to NESTO sienin\u0117 spintel\u0117 puikiai tinka naudoti kaip drabu\u017ein\u0117.<\/p>\n<p>Centrin\u0117 televizijos zona suprojektuota tvarkingai ir ergonomi\u0161kai. Televizoriaus erdv\u0119 papildo multimedijos spintel\u0117 ir erdv\u016bs stal\u010diai, leid\u017eiantys esteti\u0161kai laikyti garso ir vaizdo \u012frang\u0105, dokumentus ir priedus, netrukdant vizualiai vientisai svetainei. Vir\u0161utin\u0119 komplekto dal\u012f sudaro iki lub\u0173 siekiantys prailginimai, \u012fskaitant televizoriaus prailginimus su d\u016bminio stiklo durel\u0117mis, kurie tarnauja kaip eleganti\u0161kos vitrinos. Stiklas skaido masyvi\u0105 konstrukcij\u0105 ir suteikia vizualinio lengvumo, kartu leisdamas eksponuoti dekoracijas ar baldus.<\/p>\n<p>\u201eWotan Oak\u201c \/ \u201eBottle Green\u201c spalv\u0173 schema puikiai dera prie modernaus interjero su charakteriu, gamtos \u012fkv\u0117ptomis kompozicijomis, moderniu klasikiniu stiliumi ir eleganti\u0161komis, tamsesn\u0117mis spalv\u0173 palet\u0117mis. \u201eNESTO Wotan Oak\u201c \/ \u201eBottle Green\u201c sienin\u0117 spintel\u0117 \u2013 sprendimas ie\u0161kantiems erdvaus, funkcionalaus ir vizualiai patrauklaus svetain\u0117s sprendimo.<\/p>\n<p>Galimos spalvos:<br \/>\nBalta<br \/>\nSepija<br \/>\nGrafito pilka<br \/>\nTamsiai m\u0117lyna<br \/>\nBaltijos kop\u0173 \u0105\u017euolas<br \/>\nBly\u0161kus v\u0117jo mal\u016bno \u0105\u017euolas<br \/>\nLefkas \u0105\u017euolas (su MDF juostele)<br \/>\nTamsi Sonoma\/\u0160viesi Sonoma (su MDF juostele)<br \/>\nWotano \u0105\u017euolas \/ butelio \u017ealia<\/p>","protected":false},"excerpt":{"rendered":"<p>Matmenys:<br \/>\nPlotis: 380 cm<br \/>\nAuk\u0161tis: 240 cm<br \/>\nGylis: 54 cm<\/p>","protected":false},"featured_media":332951,"comment_status":"open","ping_status":"closed","template":"","meta":[],"product_brand":[],"product_cat":[9983,9857,2008],"product_tag":[],"class_list":{"0":"post-332835","1":"product","2":"type-product","3":"status-publish","4":"has-post-thumbnail","6":"product_cat-furniture-sets-room-sets-meblast","7":"product_cat-meblast","8":"product_cat-wall-units","10":"first","11":"instock","12":"shipping-taxable","13":"purchasable","14":"product-type-variable","15":"wvs-archive-product-wrapper"},"_links":{"self":[{"href":"https:\/\/baldumarket.lt\/lt\/wp-json\/wp\/v2\/product\/332835","targetHints":{"allow":["GET"]}}],"collection":[{"href":"https:\/\/baldumarket.lt\/lt\/wp-json\/wp\/v2\/product"}],"about":[{"href":"https:\/\/baldumarket.lt\/lt\/wp-json\/wp\/v2\/types\/product"}],"replies":[{"embeddable":true,"href":"https:\/\/baldumarket.lt\/lt\/wp-json\/wp\/v2\/comments?post=332835"}],"wp:featuredmedia":[{"embeddable":true,"href":"https:\/\/baldumarket.lt\/lt\/wp-json\/wp\/v2\/media\/332951"}],"wp:attachment":[{"href":"https:\/\/baldumarket.lt\/lt\/wp-json\/wp\/v2\/media?parent=332835"}],"wp:term":[{"taxonomy":"product_brand","embeddable":true,"href":"https:\/\/baldumarket.lt\/lt\/wp-json\/wp\/v2\/product_brand?post=332835"},{"taxonomy":"product_cat","embeddable":true,"href":"https:\/\/baldumarket.lt\/lt\/wp-json\/wp\/v2\/product_cat?post=332835"},{"taxonomy":"product_tag","embeddable":true,"href":"https:\/\/baldumarket.lt\/lt\/wp-json\/wp\/v2\/product_tag?post=332835"}],"curies":[{"name":"wp","href":"https:\/\/api.w.org\/{rel}","templated":true}]}}