{"id":332770,"date":"2026-03-06T23:41:04","date_gmt":"2026-03-06T20:41:04","guid":{"rendered":"https:\/\/baldumarket.lt\/?post_type=product&#038;p=332770"},"modified":"2026-03-26T09:51:41","modified_gmt":"2026-03-26T06:51:41","slug":"erdvi-sienine-spintele-su-atviromis-lentynomis-stalciais-ir-spintelemis-340-x-220-cm-porto-cherry-modena","status":"publish","type":"product","link":"https:\/\/baldumarket.lt\/lt\/produktas\/erdvi-sienine-spintele-su-atviromis-lentynomis-stalciais-ir-spintelemis-340-x-220-cm-porto-cherry-modena\/","title":{"rendered":"Erdvi sienin\u0117 spintel\u0117 su atviromis lentynomis, stal\u010diais ir spintel\u0117mis 340 \u00d7 220 cm Wi\u015bnia Porto \u2013 MODENA"},"content":{"rendered":"<p>MODENA sienin\u0117 spintel\u0117 \u201ePorto Cherry\u201c spalvos \u2013 tai erdvus blokas su atviromis lentynomis, stal\u010diais ir u\u017edaromis spintel\u0117mis, skirtas organizuotai ir funkcionaliai gyvenamajai erdvei. 340 x 220 cm dyd\u017eio dizainas suteikia daug vietos daiktams susid\u0117ti, tuo pa\u010diu i\u0161laikant nuosekl\u0173 ir ai\u0161k\u0173 i\u0161d\u0117stym\u0105.<br \/>\nAtviros lentynos leid\u017eia eksponuoti dekoracijas, knygas ar asmeninius daiktus, suteikdamos spintelei unikal\u0173 charakter\u012f. Centrin\u0117 dalis su vieta televizoriui sukuria patogi\u0105 multimedijos zon\u0105, o moduli\u0173 i\u0161d\u0117stymas palengvina estetin\u012f elektronikos ir pried\u0173 organizavim\u0105.<br \/>\nU\u017edaros spintel\u0117s ir erdv\u016bs stal\u010diai suteikia prakti\u0161k\u0105 viet\u0105 dokumentams, tekstilei ir kasdieniams daiktams laikyti, padeda palaikyti tvark\u0105 neatidengiant turinio. Sienin\u0117s spintel\u0117s i\u0161d\u0117stymas leid\u017eia lengvai pasiekti visus daiktus ir padeda palaikyti kasdien\u0119 tvark\u0105.<br \/>\n\u201ePorto Cherry\u201c spalva suteikia baldui \u0161iltesn\u012f, i\u0161rai\u0161kingesn\u012f charakter\u012f ir puikiai dera su nat\u016braliomis med\u017eiagomis bei sant\u016briomis sien\u0173 spalvomis. \u0160is atspalvis padeda sukurti jauki\u0105, harmoning\u0105 erdv\u0119, kurioje baldai tarnauja kaip atskiras, ta\u010diau ne\u012fkyrus dizaino elementas. Kaip ir visas \u201ee-Meblast\u201c si\u016blomas sienines spinteles, MODENA model\u012f galima pritaikyti pagal spalv\u0105, matmenis ir furnit\u016br\u0105, tod\u0117l galite pritaikyti spintel\u0119 prie individuali\u0173 poreiki\u0173 ir interjero i\u0161planavimo.<\/p>\n<p>Galimos spalvos:<br \/>\nBalta<br \/>\nBaltas \/ juodas oniksas<br \/>\nAmerikos \u0105\u017euolas<br \/>\nCarpenter viskio \u0105\u017euolas<br \/>\nLanceloto \u0105\u017euolas<br \/>\nLefkos \u0105\u017euolas \/ Juodasis oniksas<br \/>\nDidysis \u0105\u017euolas + MDF juostel\u0117<br \/>\nPorto vy\u0161nia + MDF juostel\u0117<\/p>","protected":false},"excerpt":{"rendered":"<p>Matmenys:<br \/>\nPlotis: 340 cm<br \/>\nAuk\u0161tis: 220 cm<br \/>\nGylis: 45 cm<\/p>","protected":false},"featured_media":332883,"comment_status":"open","ping_status":"closed","template":"","meta":[],"product_brand":[],"product_cat":[9983,9857,2008],"product_tag":[],"class_list":{"0":"post-332770","1":"product","2":"type-product","3":"status-publish","4":"has-post-thumbnail","6":"product_cat-furniture-sets-room-sets-meblast","7":"product_cat-meblast","8":"product_cat-wall-units","10":"first","11":"instock","12":"shipping-taxable","13":"purchasable","14":"product-type-variable","15":"wvs-archive-product-wrapper"},"_links":{"self":[{"href":"https:\/\/baldumarket.lt\/lt\/wp-json\/wp\/v2\/product\/332770","targetHints":{"allow":["GET"]}}],"collection":[{"href":"https:\/\/baldumarket.lt\/lt\/wp-json\/wp\/v2\/product"}],"about":[{"href":"https:\/\/baldumarket.lt\/lt\/wp-json\/wp\/v2\/types\/product"}],"replies":[{"embeddable":true,"href":"https:\/\/baldumarket.lt\/lt\/wp-json\/wp\/v2\/comments?post=332770"}],"wp:featuredmedia":[{"embeddable":true,"href":"https:\/\/baldumarket.lt\/lt\/wp-json\/wp\/v2\/media\/332883"}],"wp:attachment":[{"href":"https:\/\/baldumarket.lt\/lt\/wp-json\/wp\/v2\/media?parent=332770"}],"wp:term":[{"taxonomy":"product_brand","embeddable":true,"href":"https:\/\/baldumarket.lt\/lt\/wp-json\/wp\/v2\/product_brand?post=332770"},{"taxonomy":"product_cat","embeddable":true,"href":"https:\/\/baldumarket.lt\/lt\/wp-json\/wp\/v2\/product_cat?post=332770"},{"taxonomy":"product_tag","embeddable":true,"href":"https:\/\/baldumarket.lt\/lt\/wp-json\/wp\/v2\/product_tag?post=332770"}],"curies":[{"name":"wp","href":"https:\/\/api.w.org\/{rel}","templated":true}]}}